{"id":1331,"date":"2021-07-11T15:31:05","date_gmt":"2021-07-11T15:31:05","guid":{"rendered":"https:\/\/www.canfaine.com\/?page_id=1331"},"modified":"2025-06-17T18:43:51","modified_gmt":"2025-06-17T16:43:51","slug":"barbacoa","status":"publish","type":"page","link":"https:\/\/www.canfaine.com\/es\/barbacoa\/","title":{"rendered":"barbacoa"},"content":{"rendered":"<p>[vc_row][vc_column]<style type=\"text\/css\" data-type=\"the7_shortcodes-inline-css\">.dt-breadcrumbs-id-1 .breadcrumbs {\n  display: inline-block;\n  margin: 0;\n  padding: 2px 10px 2px 10px;\n  border: 0px solid ;\n  border-radius: 0px;\n}\n.dt-breadcrumbs-id-1 .breadcrumbs * {\n  font-style: italic;\n  font-weight: ;\n  text-transform: ;\n  color: #a2a5a6;\n}\n<\/style><div class=\"dt-breadcrumbs-shortcode dt-breadcrumbs-id-1 align-left\"><div class=\"assistive-text\">Est\u00e1s aqu\u00ed:<\/div><ol class=\"breadcrumbs text-small\" xmlns:v=\"http:\/\/rdf.data-vocabulary.org\/#\"><li typeof=\"v:Breadcrumb\"><a rel=\"v:url\" property=\"v:title\" href=\"https:\/\/www.canfaine.com\/es\/\/\" title=\"\">Inicio<\/a><\/li><li class=\"current\">P\u00e1gina<\/li><\/ol><\/div>[vc_custom_heading text=\u00bbBarbacoa\u00bb font_container=\u00bbtag:h2|text_align:left|color:%2320ccc6&#8243; google_fonts=\u00bbfont_family:Cinzel%3Aregular%2C700%2C900|font_style:400%20regular%3A400%3Anormal\u00bb][\/vc_column][\/vc_row][vc_row][vc_column][vc_custom_heading text=\u00bbBarbacoas para grupos hasta 30 personas en espacios independientes\u00bb font_container=\u00bbtag:h4|text_align:left|color:%23dd9933&#8243; google_fonts=\u00bbfont_family:Cinzel%3Aregular%2C700%2C900|font_style:400%20regular%3A400%3Anormal\u00bb][\/vc_column][\/vc_row][vc_row][vc_column][vc_custom_heading text=\u00bbEn Can Fain\u00e9 se pueden celebrar barbacoas en grupos de hasta 30 comensales.\u00bb google_fonts=\u00bbfont_family:Cinzel%3Aregular%2C700%2C900|font_style:400%20regular%3A400%3Anormal\u00bb][vc_column_text]Los usuarios del servicio de barbacoa de Can Fain\u00e9 provienen principalmente de Manresa y la comarca del Bages. Del Vall\u00e8s occidental, vienen a hacer barbacoas desde Terrassa y Sabadell. Sin olvidar a aquellos grupos que vienen a hacer barbacoas despu\u00e9s de subir a Montserrat. Que cada vez son m\u00e1s, porque encuentran un espacio en el que pueden comer a su gusto, con la atenci\u00f3n que precisan, y en el que saben que habitualmente podr\u00e1n disponer de cualquier cosa que se hayan olvidado en casa.<\/p>\n<p>Estas caracter\u00edsticas, hacen que cada vez sean m\u00e1s los usuarios del servicio de barbacoas que Can Fain\u00e9 ofrece a los grupos que quieren organizar comidas para reencontrarse, ya sea la pandilla de siempre, para celebrar cumplea\u00f1os, eventos deportivos, o con cualquier otra excusa. Sin que les resulte demasiado caro, y disponiendo de un espacio en el que se permite cierto grado de sarao.[\/vc_column_text][\/vc_column][\/vc_row][vc_row][vc_column][vc_custom_heading text=\u00bbHacer barbacoa\u00bb google_fonts=\u00bbfont_family:Cinzel%3Aregular%2C700%2C900|font_style:400%20regular%3A400%3Anormal\u00bb][vc_column_text]Para aquellos grupos que quieren hacer barbacoa al aire libre. Y al tiempo disponer de un espacio apartado del resto de grupos que est\u00e9n celebrando barbacoas en las instalaciones. En Can Fain\u00e9 encontrar\u00e1 5 barbacoas independientes. Con una pila cada dos barbacoas, y una encimera para cada barbacoa. As\u00ed, cada grupo que quiera hacer barbacoa dispone de su espacio para preparar las parrilladas de verduras, carne o pescado con toda la comodidad. Y lo que es m\u00e1s importante, con espacio suficiente para evitar que los grupos se estorben entre s\u00ed.[\/vc_column_text][\/vc_column][\/vc_row][vc_row][vc_column][vc_custom_heading text=\u00bbLas instalaciones\u00bb google_fonts=\u00bbfont_family:Cinzel%3Aregular%2C700%2C900|font_style:400%20regular%3A400%3Anormal\u00bb][vc_column_text]En cuanto a las instalaciones para las celebraciones y que los grupos puedan comer lo que han preparado en las barbacoas. En el exterior de Can Fain\u00e9 hay varios espacios independientes, con capacidad hasta 30 personas. Para que cada grupo tenga un lugar apropiado, separado del resto de grupos, De modo que el alboroto de un grupo no estorbe excesivamente a los dem\u00e1s.<\/p>\n<p>Como garant\u00eda de servicio, hay que tener en cuenta que Can Fain\u00e9 es un restaurante y mas\u00eda de agroturismo. Y como tal, las instalaciones y las comodidades que ofrecemos a nuestros clientes son las correspondientes a este tipo de establecimiento. Es decir, Las mesas son de restaurante, y para sentarse, se utilizan sillas individuales (evitando la incomodidad de los bancos para varias personas). Adem\u00e1s, si en la preparaci\u00f3n para celebrar la barbacoa se han olvidado de algo, al tener la cocina, se lo podemos facilitar.<\/p>\n<p>Llegado el caso de que haga mal tiempo, o que el d\u00eda ofrezca pocas garant\u00edas. En el interior de la mas\u00eda hay varios comedores, por lo que si es preciso, pagando un suplemento, se pueden comer en el interior lo que hayan preparado en las barbacoas.[\/vc_column_text][\/vc_column][\/vc_row][vc_row][vc_column width=\u00bb1\/3&#8243;]<div class=\"shortcode-single-image-wrap alignnone \" style=\"margin-top:0px; margin-bottom:0px; margin-left:0px; margin-right:0px; width:270px;\"><div class=\"shortcode-single-image\"><div class=\"fancy-media-wrap\" style=\"\"><a class=\"layzr-bg rollover rollover-zoom dt-single-mfp-popup dt-mfp-item mfp-image\" href=\"https:\/\/www.canfaine.com\/wp-content\/uploads\/2021\/07\/barbacoes-2.jpg\" title=\"Barbacoas con encimera y pila para limpiar la comida\" data-dt-img-description=\"\" style=\"\"><img class=\"lazy-load preload-me\" src=\"data:image\/svg+xml;charset=utf-8,%3Csvg xmlns%3D'http%3A%2F%2Fwww.w3.org%2F2000%2Fsvg' viewBox%3D'0 0 270 151'%2F%3E\" data-src=\"https:\/\/www.canfaine.com\/wp-content\/uploads\/2021\/07\/barbacoes-2-270x151.jpg\" data-srcset=\"https:\/\/www.canfaine.com\/wp-content\/uploads\/2021\/07\/barbacoes-2-270x151.jpg 270w, https:\/\/www.canfaine.com\/wp-content\/uploads\/2021\/07\/barbacoes-2-540x302.jpg 540w\" width=\"270\" height=\"151\"   alt=\"Barbacoas con encimera y pila para limpiar la comida\" \/><\/a><\/div><\/div><\/div>[vc_column_text][\/vc_column_text][\/vc_column][vc_column width=\u00bb1\/3&#8243;]<div class=\"shortcode-single-image-wrap alignnone \" style=\"margin-top:0px; margin-bottom:0px; margin-left:0px; margin-right:0px; width:270px;\"><div class=\"shortcode-single-image\"><div class=\"fancy-media-wrap\" style=\"\"><a class=\"layzr-bg rollover rollover-zoom dt-single-mfp-popup dt-mfp-item mfp-image\" href=\"https:\/\/www.canfaine.com\/wp-content\/uploads\/2021\/07\/taules-01.jpg\" title=\"Espacios al aire libre para grupos de hasta 30 personas\" data-dt-img-description=\"\" style=\"\"><img class=\"lazy-load preload-me\" src=\"data:image\/svg+xml;charset=utf-8,%3Csvg xmlns%3D'http%3A%2F%2Fwww.w3.org%2F2000%2Fsvg' viewBox%3D'0 0 270 151'%2F%3E\" data-src=\"https:\/\/www.canfaine.com\/wp-content\/uploads\/2021\/07\/taules-01-270x151.jpg\" data-srcset=\"https:\/\/www.canfaine.com\/wp-content\/uploads\/2021\/07\/taules-01-270x151.jpg 270w, https:\/\/www.canfaine.com\/wp-content\/uploads\/2021\/07\/taules-01-540x302.jpg 540w\" width=\"270\" height=\"151\"   alt=\"Espacios al aire libre para grupos de hasta 30 personas\" \/><\/a><\/div><\/div><\/div>[vc_column_text][\/vc_column_text][\/vc_column][vc_column width=\u00bb1\/3&#8243;]<div class=\"shortcode-single-image-wrap alignnone \" style=\"margin-top:0px; margin-bottom:0px; margin-left:0px; margin-right:0px; width:270px;\"><div class=\"shortcode-single-image\"><div class=\"fancy-media-wrap\" style=\"\"><a class=\"layzr-bg rollover rollover-zoom dt-single-mfp-popup dt-mfp-item mfp-image\" href=\"https:\/\/www.canfaine.com\/wp-content\/uploads\/2021\/07\/barbacoes-01.jpg\" title=\"Barbacoas para celebraciones de grupos\" data-dt-img-description=\"\" style=\"\"><img class=\"lazy-load preload-me\" src=\"data:image\/svg+xml;charset=utf-8,%3Csvg xmlns%3D'http%3A%2F%2Fwww.w3.org%2F2000%2Fsvg' viewBox%3D'0 0 270 151'%2F%3E\" data-src=\"https:\/\/www.canfaine.com\/wp-content\/uploads\/2021\/07\/barbacoes-01-270x151.jpg\" data-srcset=\"https:\/\/www.canfaine.com\/wp-content\/uploads\/2021\/07\/barbacoes-01-270x151.jpg 270w, https:\/\/www.canfaine.com\/wp-content\/uploads\/2021\/07\/barbacoes-01-540x302.jpg 540w\" width=\"270\" height=\"151\"   alt=\"Barbacoas para celebraciones de grupos\" \/><\/a><\/div><\/div><\/div>[vc_column_text][\/vc_column_text][\/vc_column][\/vc_row][vc_row][vc_column][vc_custom_heading text=\u00bb\u00bfQu\u00e9 incluye la barbacoa?\u00bb google_fonts=\u00bbfont_family:Cinzel%3Aregular%2C700%2C900|font_style:400%20regular%3A400%3Anormal\u00bb][vc_column_text]Con la barbacoa se incluye el carb\u00f3n, (cada 15 personas un saquito de carb\u00f3n) y la utilizaci\u00f3n de la barbacoa, las mesas y sillas para cocinar y comer.<\/p>\n<p>El horario habitual es de 12,00 a 17.00 + un Bonus de 30 minutos antes o despu\u00e9s. Horarios de Noche y\/o ampliaci\u00f3n de horarios , consultar tarifas.<\/p>\n<p>Pese a que no entra en el precio para hacer barbacoa, si los grupos que vienen a hacer barbacoas lo quieren, tambi\u00e9n les podemos ofrecer postres, caf\u00e9s y otros complementos propios de un restaurante al uso.[\/vc_column_text][\/vc_column][\/vc_row][vc_row][\/vc_row][vc_row][vc_column][vc_custom_heading text=\u00bb\u00bfCuanto cuesta hacer barbacoa en Can Fain\u00e9?\u00bb google_fonts=\u00bbfont_family:Cinzel%3Aregular%2C700%2C900|font_style:400%20regular%3A400%3Anormal\u00bb][vc_column_text]Para hacer barbacoa en Can Fain\u00e9, por cada persona se cobra:<\/p>\n<ul>\n<li><strong>Precio Persona: Turismo Rural de Dia, uso de Barbacoa i Juegos, sin pernoctacion, sin piscinia\u00a0 \u00a013,85 E IVA 10% incluido.<\/strong><\/li>\n<li><strong>Precio Animal de Compa\u00f1ia Grandes y Peque\u00f1os 8,80 \u20ac<\/strong><\/li>\n<\/ul>\n<p>Para evitar inconvenientes, es importante que siempre se tenga en cuenta que al hacer barbacoas en Can Fain\u00e9, se cobra por todos los asistentes, coman o no.<\/p>\n<p>Si desea m\u00e1s informaci\u00f3n, puede enviar un <a href=\"https:\/\/canfaine.com\/es\/contactar\/\">formulario de contacto<\/a>, o llamarnos.[\/vc_column_text][\/vc_column][\/vc_row]<\/p>\n","protected":false},"excerpt":{"rendered":"<p>[vc_row][vc_column][vc_custom_heading text=\u00bbBarbacoa\u00bb font_container=\u00bbtag:h2|text_align:left|color:%2320ccc6&#8243; google_fonts=\u00bbfont_family:Cinzel%3Aregular%2C700%2C900|font_style:400%20regular%3A400%3Anormal\u00bb][\/vc_column][\/vc_row][vc_row][vc_column][vc_custom_heading text=\u00bbBarbacoas para grupos hasta 30 personas en espacios independientes\u00bb font_container=\u00bbtag:h4|text_align:left|color:%23dd9933&#8243; google_fonts=\u00bbfont_family:Cinzel%3Aregular%2C700%2C900|font_style:400%20regular%3A400%3Anormal\u00bb][\/vc_column][\/vc_row][vc_row][vc_column][vc_custom_heading text=\u00bbEn Can Fain\u00e9 se pueden celebrar barbacoas en grupos de hasta 30 comensales.\u00bb google_fonts=\u00bbfont_family:Cinzel%3Aregular%2C700%2C900|font_style:400%20regular%3A400%3Anormal\u00bb][vc_column_text]Los usuarios del servicio de barbacoa de Can Fain\u00e9 provienen principalmente de Manresa y la comarca del Bages. Del Vall\u00e8s occidental, vienen a hacer barbacoas desde Terrassa&hellip;<\/p>\n","protected":false},"author":4,"featured_media":0,"parent":0,"menu_order":0,"comment_status":"closed","ping_status":"closed","template":"","meta":[],"yoast_head":"<!-- This site is optimized with the Yoast SEO plugin v19.13 - https:\/\/yoast.com\/wordpress\/plugins\/seo\/ -->\n<title>Hacer barbacoa en Can Fain\u00e9, barbacoas para grupos y celebraciones<\/title>\n<meta name=\"description\" content=\"Para hacer barbacoa o barbacoas de grupos en Can Fain\u00e9 pueden venir hasta 30 comensales, que suelen ser de Manresa, Terrassa, Sabadell, Bages o Vall\u00e8s\" \/>\n<meta name=\"robots\" content=\"index, follow, max-snippet:-1, max-image-preview:large, max-video-preview:-1\" \/>\n<link rel=\"canonical\" href=\"https:\/\/www.canfaine.com\/es\/barbacoa\/\" \/>\n<meta property=\"og:locale\" content=\"es_ES\" \/>\n<meta property=\"og:type\" content=\"article\" \/>\n<meta property=\"og:title\" content=\"Hacer barbacoa en Can Fain\u00e9, barbacoas para grupos y celebraciones\" \/>\n<meta property=\"og:description\" content=\"Para hacer barbacoa o barbacoas de grupos en Can Fain\u00e9 pueden venir hasta 30 comensales, que suelen ser de Manresa, Terrassa, Sabadell, Bages o Vall\u00e8s\" \/>\n<meta property=\"og:url\" content=\"https:\/\/www.canfaine.com\/es\/barbacoa\/\" \/>\n<meta property=\"og:site_name\" content=\"Can Fain\u00e9\" \/>\n<meta property=\"article:publisher\" content=\"https:\/\/www.facebook.com\/Restaurant-Can-Faine-211169275571050\/?ref=br_rs\" \/>\n<meta property=\"article:modified_time\" content=\"2025-06-17T16:43:51+00:00\" \/>\n<meta name=\"twitter:card\" content=\"summary_large_image\" \/>\n<meta name=\"twitter:label1\" content=\"Tiempo de lectura\" \/>\n\t<meta name=\"twitter:data1\" content=\"4 minutos\" \/>\n<script type=\"application\/ld+json\" class=\"yoast-schema-graph\">{\"@context\":\"https:\/\/schema.org\",\"@graph\":[{\"@type\":\"WebPage\",\"@id\":\"https:\/\/www.canfaine.com\/es\/barbacoa\/\",\"url\":\"https:\/\/www.canfaine.com\/es\/barbacoa\/\",\"name\":\"Hacer barbacoa en Can Fain\u00e9, barbacoas para grupos y celebraciones\",\"isPartOf\":{\"@id\":\"https:\/\/www.canfaine.com\/es\/#website\"},\"datePublished\":\"2021-07-11T15:31:05+00:00\",\"dateModified\":\"2025-06-17T16:43:51+00:00\",\"description\":\"Para hacer barbacoa o barbacoas de grupos en Can Fain\u00e9 pueden venir hasta 30 comensales, que suelen ser de Manresa, Terrassa, Sabadell, Bages o Vall\u00e8s\",\"breadcrumb\":{\"@id\":\"https:\/\/www.canfaine.com\/es\/barbacoa\/#breadcrumb\"},\"inLanguage\":\"es\",\"potentialAction\":[{\"@type\":\"ReadAction\",\"target\":[\"https:\/\/www.canfaine.com\/es\/barbacoa\/\"]}]},{\"@type\":\"BreadcrumbList\",\"@id\":\"https:\/\/www.canfaine.com\/es\/barbacoa\/#breadcrumb\",\"itemListElement\":[{\"@type\":\"ListItem\",\"position\":1,\"name\":\"Portada\",\"item\":\"https:\/\/www.canfaine.com\/es\/\"},{\"@type\":\"ListItem\",\"position\":2,\"name\":\"barbacoa\"}]},{\"@type\":\"WebSite\",\"@id\":\"https:\/\/www.canfaine.com\/es\/#website\",\"url\":\"https:\/\/www.canfaine.com\/es\/\",\"name\":\"Can Fain\u00e9\",\"description\":\"Turisme Rural i Restaurant\",\"publisher\":{\"@id\":\"https:\/\/www.canfaine.com\/es\/#organization\"},\"potentialAction\":[{\"@type\":\"SearchAction\",\"target\":{\"@type\":\"EntryPoint\",\"urlTemplate\":\"https:\/\/www.canfaine.com\/es\/?s={search_term_string}\"},\"query-input\":\"required name=search_term_string\"}],\"inLanguage\":\"es\"},{\"@type\":\"Organization\",\"@id\":\"https:\/\/www.canfaine.com\/es\/#organization\",\"name\":\"Cal Fain\u00e9 Boades SL\",\"url\":\"https:\/\/www.canfaine.com\/es\/\",\"logo\":{\"@type\":\"ImageObject\",\"inLanguage\":\"es\",\"@id\":\"https:\/\/www.canfaine.com\/es\/#\/schema\/logo\/image\/\",\"url\":\"https:\/\/canfaine.com\/wp-content\/uploads\/2018\/01\/logo3-1.png\",\"contentUrl\":\"https:\/\/canfaine.com\/wp-content\/uploads\/2018\/01\/logo3-1.png\",\"width\":300,\"height\":198,\"caption\":\"Cal Fain\u00e9 Boades SL\"},\"image\":{\"@id\":\"https:\/\/www.canfaine.com\/es\/#\/schema\/logo\/image\/\"},\"sameAs\":[\"https:\/\/www.facebook.com\/Restaurant-Can-Faine-211169275571050\/?ref=br_rs\"]}]}<\/script>\n<!-- \/ Yoast SEO plugin. -->","yoast_head_json":{"title":"Hacer barbacoa en Can Fain\u00e9, barbacoas para grupos y celebraciones","description":"Para hacer barbacoa o barbacoas de grupos en Can Fain\u00e9 pueden venir hasta 30 comensales, que suelen ser de Manresa, Terrassa, Sabadell, Bages o Vall\u00e8s","robots":{"index":"index","follow":"follow","max-snippet":"max-snippet:-1","max-image-preview":"max-image-preview:large","max-video-preview":"max-video-preview:-1"},"canonical":"https:\/\/www.canfaine.com\/es\/barbacoa\/","og_locale":"es_ES","og_type":"article","og_title":"Hacer barbacoa en Can Fain\u00e9, barbacoas para grupos y celebraciones","og_description":"Para hacer barbacoa o barbacoas de grupos en Can Fain\u00e9 pueden venir hasta 30 comensales, que suelen ser de Manresa, Terrassa, Sabadell, Bages o Vall\u00e8s","og_url":"https:\/\/www.canfaine.com\/es\/barbacoa\/","og_site_name":"Can Fain\u00e9","article_publisher":"https:\/\/www.facebook.com\/Restaurant-Can-Faine-211169275571050\/?ref=br_rs","article_modified_time":"2025-06-17T16:43:51+00:00","twitter_card":"summary_large_image","twitter_misc":{"Tiempo de lectura":"4 minutos"},"schema":{"@context":"https:\/\/schema.org","@graph":[{"@type":"WebPage","@id":"https:\/\/www.canfaine.com\/es\/barbacoa\/","url":"https:\/\/www.canfaine.com\/es\/barbacoa\/","name":"Hacer barbacoa en Can Fain\u00e9, barbacoas para grupos y celebraciones","isPartOf":{"@id":"https:\/\/www.canfaine.com\/es\/#website"},"datePublished":"2021-07-11T15:31:05+00:00","dateModified":"2025-06-17T16:43:51+00:00","description":"Para hacer barbacoa o barbacoas de grupos en Can Fain\u00e9 pueden venir hasta 30 comensales, que suelen ser de Manresa, Terrassa, Sabadell, Bages o Vall\u00e8s","breadcrumb":{"@id":"https:\/\/www.canfaine.com\/es\/barbacoa\/#breadcrumb"},"inLanguage":"es","potentialAction":[{"@type":"ReadAction","target":["https:\/\/www.canfaine.com\/es\/barbacoa\/"]}]},{"@type":"BreadcrumbList","@id":"https:\/\/www.canfaine.com\/es\/barbacoa\/#breadcrumb","itemListElement":[{"@type":"ListItem","position":1,"name":"Portada","item":"https:\/\/www.canfaine.com\/es\/"},{"@type":"ListItem","position":2,"name":"barbacoa"}]},{"@type":"WebSite","@id":"https:\/\/www.canfaine.com\/es\/#website","url":"https:\/\/www.canfaine.com\/es\/","name":"Can Fain\u00e9","description":"Turisme Rural i Restaurant","publisher":{"@id":"https:\/\/www.canfaine.com\/es\/#organization"},"potentialAction":[{"@type":"SearchAction","target":{"@type":"EntryPoint","urlTemplate":"https:\/\/www.canfaine.com\/es\/?s={search_term_string}"},"query-input":"required name=search_term_string"}],"inLanguage":"es"},{"@type":"Organization","@id":"https:\/\/www.canfaine.com\/es\/#organization","name":"Cal Fain\u00e9 Boades SL","url":"https:\/\/www.canfaine.com\/es\/","logo":{"@type":"ImageObject","inLanguage":"es","@id":"https:\/\/www.canfaine.com\/es\/#\/schema\/logo\/image\/","url":"https:\/\/canfaine.com\/wp-content\/uploads\/2018\/01\/logo3-1.png","contentUrl":"https:\/\/canfaine.com\/wp-content\/uploads\/2018\/01\/logo3-1.png","width":300,"height":198,"caption":"Cal Fain\u00e9 Boades SL"},"image":{"@id":"https:\/\/www.canfaine.com\/es\/#\/schema\/logo\/image\/"},"sameAs":["https:\/\/www.facebook.com\/Restaurant-Can-Faine-211169275571050\/?ref=br_rs"]}]}},"jetpack_sharing_enabled":true,"jetpack_shortlink":"https:\/\/wp.me\/PdqzQQ-lt","jetpack-related-posts":[{"id":439,"url":"https:\/\/www.canfaine.com\/es\/","url_meta":{"origin":1331,"position":0},"title":"Inicio","date":"14\/05\/2018","format":false,"excerpt":"[vc_row][vc_column][vc_custom_heading text=\"Can Fain\u00e9\" font_container=\"tag:h2|text_align:left|color:%23c08b4d\" google_fonts=\"font_family:Cinzel%3Aregular%2C700%2C900|font_style:400%20regular%3A400%3Anormal\"][\/vc_column][\/vc_row][vc_row][vc_column][vc_column_text]Can Fain\u00e9, restaurante Turismo Rural y barbacoas cerca de Montserrat Manresa Terrassa y Sabadell, en el Bages Can Fain\u00e9 abri\u00f3 sus puertas la primavera del 2003, poniendo a disposici\u00f3n del p\u00fablico una oferta l\u00fadica consistente en bar, agroturismo, alojamientos o casas rurales de alquiler \u00edntegro, que\u2026","rel":"","context":"Entrada similar","img":{"alt_text":"","src":"","width":0,"height":0},"classes":[]},{"id":76,"url":"https:\/\/www.canfaine.com\/restaurant\/","url_meta":{"origin":1331,"position":1},"title":"Restaurant","date":"14\/11\/2017","format":false,"excerpt":"[vc_row][vc_column][vc_custom_heading text=\"Restaurant Can Fain\u00e9\" font_container=\"tag:h2|text_align:left|color:%2320ccc6\" google_fonts=\"font_family:Cinzel%3Aregular%2C700%2C900|font_style:400%20regular%3A400%3Anormal\"][\/vc_column][\/vc_row][vc_row][vc_column][vc_column_text]El Restaurant Can Fain\u00e9 es troba a Sant Vicen\u00e7 de Castellet. \u00c9s un restaurant situat a pocs quil\u00f2metres de Manresa, Terrassa, Sabadell, i al peu de Montserrat. Restaurant en plena natura, \u00f2ptim per desconnectar unes hores de la realitat quotidiana sense necessitat de fer grans\u2026","rel":"","context":"Entrada similar","img":{"alt_text":"","src":"","width":0,"height":0},"classes":[]},{"id":1238,"url":"https:\/\/www.canfaine.com\/es\/inicial-ok\/","url_meta":{"origin":1331,"position":2},"title":"inicio-vella","date":"03\/06\/2021","format":false,"excerpt":"[vc_row][vc_column][vc_custom_heading text=\"Can Fain\u00e9 - Restaurante y agroturismo\" font_container=\"tag:h2|text_align:left|color:%2320ccc6\" google_fonts=\"font_family:Cinzel%3Aregular%2C700%2C900|font_style:400%20regular%3A400%3Anormal\"][\/vc_column][\/vc_row][vc_row][vc_column][vc_column_text]CAN FAIN\u00c9, es un Restaurante y Alojamiento de Turismo Rural ubicado debajo de la monta\u00f1a de Montserrat, que abri\u00f3 sus puertas la primavera del 2003, poniendo a disposici\u00f3n del p\u00fablico una oferta l\u00fadica consistente en bar,\u00a0agroturismo, alojamientos o casas rurales de alquiler\u2026","rel":"","context":"Entrada similar","img":{"alt_text":"","src":"https:\/\/i0.wp.com\/www.canfaine.com\/wp-content\/uploads\/2017\/11\/Turisme-rural-can-faine1-1.png?resize=350%2C200","width":350,"height":200},"classes":[]},{"id":1474,"url":"https:\/\/www.canfaine.com\/turisme-rural\/faine-2\/","url_meta":{"origin":1331,"position":3},"title":"Turisme rural Fain\u00e9 II","date":"17\/09\/2021","format":false,"excerpt":"[vc_row][vc_column][vc_custom_heading text=\"Turisme Rural Fain\u00e9 II\" font_container=\"tag:h2|text_align:left|color:%23c08b4d\" google_fonts=\"font_family:Cinzel%3Aregular%2C700%2C900|font_style:400%20regular%3A400%3Anormal\"][vc_custom_heading text=\"Casa rural amb capacitat per entre 6 i 10 persones\" font_container=\"tag:h4|text_align:left\" google_fonts=\"font_family:Cinzel%3Aregular%2C700%2C900|font_style:400%20regular%3A400%3Anormal\"][\/vc_column][\/vc_row][vc_row][vc_column][vc_column_text]Allotjament de turisme rural al Bages que disposa de tres habitacions una sala d'estar amb dos banys, TV, un menjador-cuina americana i dos banys, permetent un allotjament c\u00f2mode a la natura que\u2026","rel":"","context":"Entrada similar","img":{"alt_text":"","src":"https:\/\/i0.wp.com\/www.canfaine.com\/wp-content\/uploads\/2017\/11\/Turisme-rural-can-faine1-1.png?resize=350%2C200","width":350,"height":200},"classes":[]},{"id":1477,"url":"https:\/\/www.canfaine.com\/es\/turismo-rural\/faine-ii\/","url_meta":{"origin":1331,"position":4},"title":"Turismo rural Fain\u00e9 II","date":"17\/09\/2021","format":false,"excerpt":"[vc_row][vc_column][vc_custom_heading text=\"Turism0 Rural Fain\u00e9 II\" font_container=\"tag:h2|text_align:left|color:%23c08b4d\" google_fonts=\"font_family:Cinzel%3Aregular%2C700%2C900|font_style:400%20regular%3A400%3Anormal\"][vc_custom_heading text=\"Casa rural para entre 6 y 10 personas\" font_container=\"tag:h4|text_align:left\" google_fonts=\"font_family:Cinzel%3Aregular%2C700%2C900|font_style:400%20regular%3A400%3Anormal\"][\/vc_column][\/vc_row][vc_row][vc_column][vc_column_text]Alojamiento de turismo rural en el Bages que dispone de tres habitaciones, una sala de estar con sof\u00e1 y TV, un comedor-cocina americana y dos ba\u00f1os, permitiendo un alojamiento c\u00f3modo que complementa de las\u2026","rel":"","context":"Entrada similar","img":{"alt_text":"","src":"https:\/\/i0.wp.com\/www.canfaine.com\/wp-content\/uploads\/2017\/11\/Turisme-rural-can-faine1-1.png?resize=350%2C200","width":350,"height":200},"classes":[]},{"id":1467,"url":"https:\/\/www.canfaine.com\/turisme-rural\/faine-1-turisme-rural-al-peu-de-la-muntanya-de-montserrat\/","url_meta":{"origin":1331,"position":5},"title":"Turisme rural Fain\u00e9 I","date":"17\/09\/2021","format":false,"excerpt":"[vc_row][vc_column][vc_custom_heading text=\"Turisme Rural Fain\u00e9 I\" font_container=\"tag:h2|text_align:left|color:%23c08b4d\" google_fonts=\"font_family:Cinzel%3Aregular%2C700%2C900|font_style:400%20regular%3A400%3Anormal\"][vc_custom_heading text=\"Casa rural amb capacitat per entre 6 i 10 persones\" font_container=\"tag:h4|text_align:left\" google_fonts=\"font_family:Cinzel%3Aregular%2C700%2C900|font_style:400%20regular%3A400%3Anormal\"][\/vc_column][\/vc_row][vc_row][vc_column][vc_column_text]\u00c9s un allotjament per fer Turisme Rural al peu de la muntanya de Montserrat per a grups nombrosos, fam\u00edlies grans i tamb\u00e9 colles d\u2019amics. Els espais comuns d\u2019aquest allotjament rural independent, estan\u2026","rel":"","context":"Entrada similar","img":{"alt_text":"","src":"https:\/\/i0.wp.com\/www.canfaine.com\/wp-content\/uploads\/2017\/11\/Turisme-rural-can-faine6.png?resize=350%2C200","width":350,"height":200},"classes":[]}],"jetpack_likes_enabled":true,"_links":{"self":[{"href":"https:\/\/www.canfaine.com\/es\/wp-json\/wp\/v2\/pages\/1331"}],"collection":[{"href":"https:\/\/www.canfaine.com\/es\/wp-json\/wp\/v2\/pages"}],"about":[{"href":"https:\/\/www.canfaine.com\/es\/wp-json\/wp\/v2\/types\/page"}],"author":[{"embeddable":true,"href":"https:\/\/www.canfaine.com\/es\/wp-json\/wp\/v2\/users\/4"}],"replies":[{"embeddable":true,"href":"https:\/\/www.canfaine.com\/es\/wp-json\/wp\/v2\/comments?post=1331"}],"version-history":[{"count":10,"href":"https:\/\/www.canfaine.com\/es\/wp-json\/wp\/v2\/pages\/1331\/revisions"}],"predecessor-version":[{"id":3966,"href":"https:\/\/www.canfaine.com\/es\/wp-json\/wp\/v2\/pages\/1331\/revisions\/3966"}],"wp:attachment":[{"href":"https:\/\/www.canfaine.com\/es\/wp-json\/wp\/v2\/media?parent=1331"}],"curies":[{"name":"wp","href":"https:\/\/api.w.org\/{rel}","templated":true}]}}