{"id":1437,"date":"2021-09-17T03:24:04","date_gmt":"2021-09-17T03:24:04","guid":{"rendered":"https:\/\/canfaine.serveistic.eu\/menu\/diari\/"},"modified":"2021-11-09T08:33:49","modified_gmt":"2021-11-09T06:33:49","slug":"diario","status":"publish","type":"page","link":"https:\/\/www.canfaine.com\/es\/restaurante\/menu\/diario\/","title":{"rendered":"Men\u00fa diario"},"content":{"rendered":"<p>[vc_row][vc_column]<style type=\"text\/css\" data-type=\"the7_shortcodes-inline-css\">.dt-breadcrumbs-id-1 .breadcrumbs {\n  display: inline-block;\n  margin: 0;\n  padding: 2px 10px 2px 10px;\n  border: 0px solid ;\n  border-radius: 0px;\n}\n.dt-breadcrumbs-id-1 .breadcrumbs * {\n  font-style: italic;\n  font-weight: ;\n  text-transform: ;\n  color: #a2a5a6;\n}\n<\/style><div class=\"dt-breadcrumbs-shortcode dt-breadcrumbs-id-1 align-left\"><div class=\"assistive-text\">Est\u00e1s aqu\u00ed:<\/div><ol class=\"breadcrumbs text-small\" xmlns:v=\"http:\/\/rdf.data-vocabulary.org\/#\"><li typeof=\"v:Breadcrumb\"><a rel=\"v:url\" property=\"v:title\" href=\"https:\/\/www.canfaine.com\/es\/\/\" title=\"\">Inicio<\/a><\/li><li class=\"current\">P\u00e1gina<\/li><\/ol><\/div>[vc_custom_heading text=\u00bbMen\u00fa diario &#8211; Comidas\u00bb font_container=\u00bbtag:h2|text_align:center\u00bb google_fonts=\u00bbfont_family:Cinzel%3Aregular%2C700%2C900|font_style:400%20regular%3A400%3Anormal\u00bb][\/vc_column][\/vc_row][vc_row][vc_column][vc_column_text]<\/p>\n<h3 class=\"vc_custom_heading\" style=\"text-align: center;\">De lunes a viernes no festivos, les ofrecemos nuestro men\u00fa diario<\/h3>\n<p class=\"vc_custom_heading\" style=\"text-align: center;\">El Men\u00fa diario del Restaurante Can Fain\u00e9 se elabora con productos frescos de nuestros proveedores de confianza as\u00ed como con la producci\u00f3n del huerto del propio restaurante.<\/p>\n<div class=\"wpb_text_column wpb_content_element \">\n<div class=\"wpb_wrapper\">\n<h3 style=\"text-align: right;\">Men\u00fa diario de ejemplo<\/h3>\n<h3 style=\"text-align: center;\">Primeros platos del men\u00fa<\/h3>\n<div id=\"ts-body\">\n<div class=\"css-52 ts-pivot-container\">\n<div id=\"ContentContainer\">\n<div role=\"tabpanel\" aria-labelledby=\"Pivot1-Tab0\">\n<div class=\"ts-lookup-pivot\">\n<div id=\"Lookup\" class=\"ts-pivot-lookup-component\">\n<div class=\"ms-Grid ts-grid\">\n<div class=\"ms-Grid-row\">\n<div class=\"ts-textfield-container \" lang=\"es\">\n<div class=\"ts-alignment-view-container\">\n<div id=\"ts-alignment-view-idtgt\" class=\"ts-alignment-view ms-font-m ts-alignment-view-tgt ts-ltr-left-zero\" tabindex=\"0\" aria-hidden=\"false\">\n<div role=\"label\">\n<div id=\"ts-body\">\n<div class=\"css-52 ts-pivot-container\">\n<div id=\"ContentContainer\">\n<div role=\"tabpanel\" aria-labelledby=\"Pivot1-Tab0\">\n<div class=\"ts-lookup-pivot\">\n<div id=\"Lookup\" class=\"ts-pivot-lookup-component\">\n<div class=\"ms-Grid ts-grid\">\n<div class=\"ms-Grid-row\">\n<div class=\"ts-textfield-container \" lang=\"es\">\n<div class=\"ts-alignment-view-container\">\n<div id=\"ts-alignment-view-idtgt\" class=\"ts-alignment-view ms-font-m ts-alignment-view-tgt ts-ltr-left-zero\" tabindex=\"0\" aria-hidden=\"false\">\n<div role=\"label\">\n<div id=\"ts-body\">\n<div class=\"css-52 ts-pivot-container\">\n<div id=\"ContentContainer\">\n<div>\n<div>\n<div role=\"tabpanel\" aria-labelledby=\"Pivot1-Tab0\">\n<div class=\"ts-lookup-pivot\">\n<div id=\"Lookup\" class=\"ts-pivot-lookup-component\">\n<div class=\"ms-Grid ts-grid\">\n<div class=\"ms-Grid-row\">\n<div class=\"ts-textfield-container \" lang=\"es\">\n<div class=\"ts-alignment-view-container\">\n<div id=\"ts-alignment-view-idtgt\" class=\"ts-alignment-view ms-font-m ts-alignment-view-tgt ts-ltr-left-zero\" tabindex=\"0\" aria-hidden=\"false\">\n<ul>\n<li role=\"label\">Ensalada de lechugas con tostadas de escalivada y anchoas<\/li>\n<li role=\"label\">La frescales de la huerta ensalada sin lechuga, hecha de tomate, cebolla, pepino, aceitunas, zanahoria, huevo hervido, pavo jam\u00f3n y esp\u00e1rragos.<\/li>\n<li role=\"label\">Vichyssoise Verde, crema fria, de productos verdes de la huerta.<\/li>\n<li role=\"label\">Tortellinis a la Napolitana<\/li>\n<\/ul>\n<\/div>\n<\/div>\n<\/div>\n<\/div>\n<\/div>\n<\/div>\n<\/div>\n<\/div>\n<\/div>\n<\/div>\n<\/div>\n<\/div>\n<\/div>\n<\/div>\n<\/div>\n<\/div>\n<\/div>\n<\/div>\n<\/div>\n<\/div>\n<\/div>\n<\/div>\n<\/div>\n<\/div>\n<\/div>\n<\/div>\n<\/div>\n<\/div>\n<\/div>\n<\/div>\n<\/div>\n<\/div>\n<\/div>\n<\/div>\n<\/div>\n<\/div>\n<\/div>\n<h3 style=\"text-align: center;\">Segundos platos del men\u00fa<\/h3>\n<div id=\"ts-body\">\n<div class=\"css-52 ts-pivot-container\">\n<div id=\"ContentContainer\">\n<div role=\"tabpanel\" aria-labelledby=\"Pivot1-Tab0\">\n<div class=\"ts-lookup-pivot\">\n<div id=\"Lookup\" class=\"ts-pivot-lookup-component\">\n<div class=\"ms-Grid ts-grid\">\n<div class=\"ms-Grid-row\">\n<div class=\"ts-textfield-container \" lang=\"es\">\n<div class=\"ts-alignment-view-container\">\n<div id=\"ts-alignment-view-idtgt\" class=\"ts-alignment-view ms-font-m ts-alignment-view-tgt ts-ltr-left-zero\" tabindex=\"0\" aria-hidden=\"false\">\n<ul>\n<li role=\"label\"><strong>Arroz de Can Fain\u00e9<\/strong> (paella individual por mesa)<\/li>\n<li role=\"label\"><strong>Lomo<\/strong> con queso<\/li>\n<li role=\"label\"><strong>Salchicha<\/strong> a la parrilla<\/li>\n<li role=\"label\"><strong>Carrillada de cerdo <\/strong>a la parrilla<\/li>\n<li style=\"text-align: left;\" role=\"label\"><strong>Pollo<\/strong> a la parrilla.<\/li>\n<\/ul>\n<h3 style=\"text-align: center;\">Postres o Caf\u00e9s (a escoger).<\/h3>\n<ul>\n<li style=\"text-align: left;\" role=\"label\"><strong>Copa de yogur <\/strong> con culis de melocot\u00f3n natural de san Juan<\/li>\n<\/ul>\n<\/div>\n<\/div>\n<\/div>\n<\/div>\n<\/div>\n<\/div>\n<\/div>\n<\/div>\n<\/div>\n<\/div>\n<\/div>\n<ul>\n<li><strong>Helado<\/strong> de tres colores<\/li>\n<li><strong>Fruta: <\/strong>Manzana Natural o Macedonia (ali\u00f1ada con vino Misa)<\/li>\n<li><strong>Pan y una bebida<\/strong> para elegir entre (agua, o vino, o Heineken con alcohol)<\/li>\n<\/ul>\n<p><strong>Gaseosa 0,98 euros<\/strong><\/p>\n<p>PRECIO: 12,68\u20ac+IVA = 13,95\u20ac IVA incluido<\/p>\n<p>&nbsp;<\/p>\n<p>Para llevar (sin bebida): 13,50\u20ac IVA incluido<\/p>\n<p class=\"vc_custom_heading\" style=\"text-align: center;\">PUEDE SUBSTITUIR UN PRIMERO POR DOS SEGUNDOS con un SUPLEMENTO de&#8230;. 2,50 euros<strong>* * *<\/strong><\/p>\n<\/div>\n<\/div>\n<p>[\/vc_column_text][\/vc_column][\/vc_row][vc_row][vc_column]<div class=\"text-centered\"><a href=\"https:\/\/canfaine.com\/wp-content\/uploads\/2017\/12\/Menu-diari.pdf\" class=\"btn-shortcode dt-btn-s dt-btn default-btn-color default-btn-hover-color default-btn-bg-color default-btn-bg-hover-color\" id=\"dt-btn-1\"><span>Men\u00fa diari &#8211; Descargar en PDF<\/span><\/a><\/div>[vc_empty_space][\/vc_column][\/vc_row][vc_row][vc_column]<div class=\"shortcode-banner shortcode-banner-link\" style=\"min-height: 0px;background-image: url(https:\/\/www.canfaine.com\/wp-content\/uploads\/2018\/02\/crema-catalana-can-faine-copia.jpg)\" onclick=\"window.location.href='https:\/\/www.canfaine.com\/es\/menu\/';\"><div class=\"shortcode-banner-bg wf-table\" style=\"padding: 0px;min-height: 0px\"><div class=\"shortcode-banner-inside wf-table text-big\" style=\"background-color: rgb(0,0,0);background-color: rgba(0,0,0,0.4);border: solid 0px transparent;outline: solid 0px;outline-color: #ffffff;height: 0px\"><div><div class=\"shortcode-banner-bg wf-table\" style=\"padding: 10px; min-height: 100px;\">\n<div class=\"shortcode-banner-inside wf-table text-normal\" style=\"background-color: rgba(255,255,255,0.4); border: solid 10px transparent; outline: solid 3px; outline-color: #ffffff; height: 90px;\">\n<div>\n<h3 style=\"text-align: center;\"><span style=\"color: #000000;\">Volver a los Men\u00fas<\/span><\/h3>\n<\/div>\n<\/div>\n<\/div>\n<\/div><\/div><\/div><\/div>[\/vc_column][\/vc_row]<\/p>\n","protected":false},"excerpt":{"rendered":"<p>[vc_row][vc_column][vc_custom_heading text=\u00bbMen\u00fa diario &#8211; Comidas\u00bb font_container=\u00bbtag:h2|text_align:center\u00bb google_fonts=\u00bbfont_family:Cinzel%3Aregular%2C700%2C900|font_style:400%20regular%3A400%3Anormal\u00bb][\/vc_column][\/vc_row][vc_row][vc_column][vc_column_text] De lunes a viernes no festivos, les ofrecemos nuestro men\u00fa diario El Men\u00fa diario del Restaurante Can Fain\u00e9 se elabora con productos frescos de nuestros proveedores de confianza as\u00ed como con la producci\u00f3n del huerto del propio restaurante. Men\u00fa diario de ejemplo Primeros platos del men\u00fa Ensalada de&hellip;<\/p>\n","protected":false},"author":4,"featured_media":0,"parent":484,"menu_order":0,"comment_status":"closed","ping_status":"closed","template":"","meta":[],"yoast_head":"<!-- This site is optimized with the Yoast SEO plugin v19.13 - https:\/\/yoast.com\/wordpress\/plugins\/seo\/ -->\n<title>Men\u00fa diario con ingredientes frescos y frutos del huerto - Can Fain\u00e9<\/title>\n<meta name=\"description\" content=\"El Men\u00fa diario del Restaurante Can Fain\u00e9 se elabora con ingredientes frescos de proveedores de confianza y los frutos del huerto del restaurante\" \/>\n<meta name=\"robots\" content=\"index, follow, max-snippet:-1, max-image-preview:large, max-video-preview:-1\" \/>\n<link rel=\"canonical\" href=\"https:\/\/www.canfaine.com\/es\/restaurante\/menu\/diario\/\" \/>\n<meta property=\"og:locale\" content=\"es_ES\" \/>\n<meta property=\"og:type\" content=\"article\" \/>\n<meta property=\"og:title\" content=\"Men\u00fa diario con ingredientes frescos y frutos del huerto - Can Fain\u00e9\" \/>\n<meta property=\"og:description\" content=\"El Men\u00fa diario del Restaurante Can Fain\u00e9 se elabora con ingredientes frescos de proveedores de confianza y los frutos del huerto del restaurante\" \/>\n<meta property=\"og:url\" content=\"https:\/\/www.canfaine.com\/es\/restaurante\/menu\/diario\/\" \/>\n<meta property=\"og:site_name\" content=\"Can Fain\u00e9\" \/>\n<meta property=\"article:publisher\" content=\"https:\/\/www.facebook.com\/Restaurant-Can-Faine-211169275571050\/?ref=br_rs\" \/>\n<meta property=\"article:modified_time\" content=\"2021-11-09T06:33:49+00:00\" \/>\n<meta name=\"twitter:card\" content=\"summary_large_image\" \/>\n<meta name=\"twitter:label1\" content=\"Tiempo de lectura\" \/>\n\t<meta name=\"twitter:data1\" content=\"1 minuto\" \/>\n<script type=\"application\/ld+json\" class=\"yoast-schema-graph\">{\"@context\":\"https:\/\/schema.org\",\"@graph\":[{\"@type\":\"WebPage\",\"@id\":\"https:\/\/www.canfaine.com\/es\/restaurante\/menu\/diario\/\",\"url\":\"https:\/\/www.canfaine.com\/es\/restaurante\/menu\/diario\/\",\"name\":\"Men\u00fa diario con ingredientes frescos y frutos del huerto - Can Fain\u00e9\",\"isPartOf\":{\"@id\":\"https:\/\/www.canfaine.com\/es\/#website\"},\"datePublished\":\"2021-09-17T03:24:04+00:00\",\"dateModified\":\"2021-11-09T06:33:49+00:00\",\"description\":\"El Men\u00fa diario del Restaurante Can Fain\u00e9 se elabora con ingredientes frescos de proveedores de confianza y los frutos del huerto del restaurante\",\"breadcrumb\":{\"@id\":\"https:\/\/www.canfaine.com\/es\/restaurante\/menu\/diario\/#breadcrumb\"},\"inLanguage\":\"es\",\"potentialAction\":[{\"@type\":\"ReadAction\",\"target\":[\"https:\/\/www.canfaine.com\/es\/restaurante\/menu\/diario\/\"]}]},{\"@type\":\"BreadcrumbList\",\"@id\":\"https:\/\/www.canfaine.com\/es\/restaurante\/menu\/diario\/#breadcrumb\",\"itemListElement\":[{\"@type\":\"ListItem\",\"position\":1,\"name\":\"Portada\",\"item\":\"https:\/\/www.canfaine.com\/es\/\"},{\"@type\":\"ListItem\",\"position\":2,\"name\":\"Restaurante\",\"item\":\"https:\/\/www.canfaine.com\/es\/restaurante\/\"},{\"@type\":\"ListItem\",\"position\":3,\"name\":\"Men\u00fas\",\"item\":\"https:\/\/www.canfaine.com\/es\/restaurante\/menu\/\"},{\"@type\":\"ListItem\",\"position\":4,\"name\":\"Men\u00fa diario\"}]},{\"@type\":\"WebSite\",\"@id\":\"https:\/\/www.canfaine.com\/es\/#website\",\"url\":\"https:\/\/www.canfaine.com\/es\/\",\"name\":\"Can Fain\u00e9\",\"description\":\"Turisme Rural i Restaurant\",\"publisher\":{\"@id\":\"https:\/\/www.canfaine.com\/es\/#organization\"},\"potentialAction\":[{\"@type\":\"SearchAction\",\"target\":{\"@type\":\"EntryPoint\",\"urlTemplate\":\"https:\/\/www.canfaine.com\/es\/?s={search_term_string}\"},\"query-input\":\"required name=search_term_string\"}],\"inLanguage\":\"es\"},{\"@type\":\"Organization\",\"@id\":\"https:\/\/www.canfaine.com\/es\/#organization\",\"name\":\"Cal Fain\u00e9 Boades SL\",\"url\":\"https:\/\/www.canfaine.com\/es\/\",\"logo\":{\"@type\":\"ImageObject\",\"inLanguage\":\"es\",\"@id\":\"https:\/\/www.canfaine.com\/es\/#\/schema\/logo\/image\/\",\"url\":\"https:\/\/canfaine.com\/wp-content\/uploads\/2018\/01\/logo3-1.png\",\"contentUrl\":\"https:\/\/canfaine.com\/wp-content\/uploads\/2018\/01\/logo3-1.png\",\"width\":300,\"height\":198,\"caption\":\"Cal Fain\u00e9 Boades SL\"},\"image\":{\"@id\":\"https:\/\/www.canfaine.com\/es\/#\/schema\/logo\/image\/\"},\"sameAs\":[\"https:\/\/www.facebook.com\/Restaurant-Can-Faine-211169275571050\/?ref=br_rs\"]}]}<\/script>\n<!-- \/ Yoast SEO plugin. -->","yoast_head_json":{"title":"Men\u00fa diario con ingredientes frescos y frutos del huerto - Can Fain\u00e9","description":"El Men\u00fa diario del Restaurante Can Fain\u00e9 se elabora con ingredientes frescos de proveedores de confianza y los frutos del huerto del restaurante","robots":{"index":"index","follow":"follow","max-snippet":"max-snippet:-1","max-image-preview":"max-image-preview:large","max-video-preview":"max-video-preview:-1"},"canonical":"https:\/\/www.canfaine.com\/es\/restaurante\/menu\/diario\/","og_locale":"es_ES","og_type":"article","og_title":"Men\u00fa diario con ingredientes frescos y frutos del huerto - Can Fain\u00e9","og_description":"El Men\u00fa diario del Restaurante Can Fain\u00e9 se elabora con ingredientes frescos de proveedores de confianza y los frutos del huerto del restaurante","og_url":"https:\/\/www.canfaine.com\/es\/restaurante\/menu\/diario\/","og_site_name":"Can Fain\u00e9","article_publisher":"https:\/\/www.facebook.com\/Restaurant-Can-Faine-211169275571050\/?ref=br_rs","article_modified_time":"2021-11-09T06:33:49+00:00","twitter_card":"summary_large_image","twitter_misc":{"Tiempo de lectura":"1 minuto"},"schema":{"@context":"https:\/\/schema.org","@graph":[{"@type":"WebPage","@id":"https:\/\/www.canfaine.com\/es\/restaurante\/menu\/diario\/","url":"https:\/\/www.canfaine.com\/es\/restaurante\/menu\/diario\/","name":"Men\u00fa diario con ingredientes frescos y frutos del huerto - Can Fain\u00e9","isPartOf":{"@id":"https:\/\/www.canfaine.com\/es\/#website"},"datePublished":"2021-09-17T03:24:04+00:00","dateModified":"2021-11-09T06:33:49+00:00","description":"El Men\u00fa diario del Restaurante Can Fain\u00e9 se elabora con ingredientes frescos de proveedores de confianza y los frutos del huerto del restaurante","breadcrumb":{"@id":"https:\/\/www.canfaine.com\/es\/restaurante\/menu\/diario\/#breadcrumb"},"inLanguage":"es","potentialAction":[{"@type":"ReadAction","target":["https:\/\/www.canfaine.com\/es\/restaurante\/menu\/diario\/"]}]},{"@type":"BreadcrumbList","@id":"https:\/\/www.canfaine.com\/es\/restaurante\/menu\/diario\/#breadcrumb","itemListElement":[{"@type":"ListItem","position":1,"name":"Portada","item":"https:\/\/www.canfaine.com\/es\/"},{"@type":"ListItem","position":2,"name":"Restaurante","item":"https:\/\/www.canfaine.com\/es\/restaurante\/"},{"@type":"ListItem","position":3,"name":"Men\u00fas","item":"https:\/\/www.canfaine.com\/es\/restaurante\/menu\/"},{"@type":"ListItem","position":4,"name":"Men\u00fa diario"}]},{"@type":"WebSite","@id":"https:\/\/www.canfaine.com\/es\/#website","url":"https:\/\/www.canfaine.com\/es\/","name":"Can Fain\u00e9","description":"Turisme Rural i Restaurant","publisher":{"@id":"https:\/\/www.canfaine.com\/es\/#organization"},"potentialAction":[{"@type":"SearchAction","target":{"@type":"EntryPoint","urlTemplate":"https:\/\/www.canfaine.com\/es\/?s={search_term_string}"},"query-input":"required name=search_term_string"}],"inLanguage":"es"},{"@type":"Organization","@id":"https:\/\/www.canfaine.com\/es\/#organization","name":"Cal Fain\u00e9 Boades SL","url":"https:\/\/www.canfaine.com\/es\/","logo":{"@type":"ImageObject","inLanguage":"es","@id":"https:\/\/www.canfaine.com\/es\/#\/schema\/logo\/image\/","url":"https:\/\/canfaine.com\/wp-content\/uploads\/2018\/01\/logo3-1.png","contentUrl":"https:\/\/canfaine.com\/wp-content\/uploads\/2018\/01\/logo3-1.png","width":300,"height":198,"caption":"Cal Fain\u00e9 Boades SL"},"image":{"@id":"https:\/\/www.canfaine.com\/es\/#\/schema\/logo\/image\/"},"sameAs":["https:\/\/www.facebook.com\/Restaurant-Can-Faine-211169275571050\/?ref=br_rs"]}]}},"jetpack_sharing_enabled":true,"jetpack_shortlink":"https:\/\/wp.me\/PdqzQQ-nb","jetpack-related-posts":[{"id":1813,"url":"https:\/\/www.canfaine.com\/es\/restaurante\/restaurante-de-menu\/","url_meta":{"origin":1437,"position":0},"title":"Restaurante de men\u00fa","date":"09\/11\/2021","format":false,"excerpt":"[vc_row][vc_column][vc_custom_heading text=\"Restaurante de men\u00fa diario\" font_container=\"tag:h1|text_align:left|color:%2320ccc6\" google_fonts=\"font_family:Cinzel%3Aregular%2C700%2C900|font_style:400%20regular%3A400%3Anormal\"][\/vc_column][\/vc_row][vc_row][vc_column][vc_custom_heading text=\"Restaurante de Men\u00fa con platos de cocina tradicional y cocina de mercado, en Sant Vicen\u00e7 de Castellet, el Bages. Men\u00fa diario en un restaurante con terraza.\" google_fonts=\"font_family:Cinzel%3Aregular%2C700%2C900|font_style:400%20regular%3A400%3Anormal\"][vc_empty_space][vc_custom_heading text=\"Restaurante de men\u00fa diario, de lunes a viernes al mediod\u00eda\" font_container=\"tag:h3|text_align:center\" google_fonts=\"font_family:Cinzel%3Aregular%2C700%2C900|font_style:400%20regular%3A400%3Anormal\"][vc_column_text]De lunes a viernes al\u2026","rel":"","context":"Entrada similar","img":{"alt_text":"","src":"","width":0,"height":0},"classes":[]},{"id":484,"url":"https:\/\/www.canfaine.com\/es\/restaurante\/menu\/","url_meta":{"origin":1437,"position":1},"title":"Men\u00fas","date":"14\/05\/2018","format":false,"excerpt":"[vc_row][vc_column][vc_custom_heading text=\"Men\u00fas del Restaurante\" font_container=\"tag:h2|text_align:center|color:%2320ccc6\" google_fonts=\"font_family:Cinzel%3Aregular%2C700%2C900|font_style:400%20regular%3A400%3Anormal\"][\/vc_column][\/vc_row][vc_row][vc_column][vc_column_text] Men\u00fas para celebraciones y eventos familiares o de empresa en el restaurante y turismo rural Can Fain\u00e9; Men\u00fa diario, men\u00fa de fin de semana y otros men\u00fas para fechas especiales: Men\u00fas para la \u00e9poca de Cal\u00e7otades, xatonades, caracoladas, y comidas Familiares y de Hermandad.\u2026","rel":"","context":"Entrada similar","img":{"alt_text":"","src":"","width":0,"height":0},"classes":[]},{"id":1426,"url":"https:\/\/www.canfaine.com\/restaurant\/menu\/diari\/","url_meta":{"origin":1437,"position":2},"title":"Men\u00fa diari","date":"17\/09\/2021","format":false,"excerpt":"[vc_row][vc_column][vc_custom_heading text=\"Men\u00fa diari - Migdia\" font_container=\"tag:h2|text_align:center\" google_fonts=\"font_family:Cinzel%3Aregular%2C700%2C900|font_style:400%20regular%3A400%3Anormal\"][\/vc_column][\/vc_row][vc_row][vc_column][vc_column_text] De Dilluns a Divendres no festius El Men\u00fa diari de el Restaurant Can Fain\u00e9 s'elabora amb ingredients frescos de prove\u00efdors de confian\u00e7a i els fruits de l'hort del restaurant. \u00a0 Men\u00fa diari d'exemple Primers plats del men\u00fa Amanida de l\u2019hort amb llonganissa. \u201cLa\u2026","rel":"","context":"Entrada similar","img":{"alt_text":"","src":"","width":0,"height":0},"classes":[]},{"id":72,"url":"https:\/\/www.canfaine.com\/restaurant\/menu\/","url_meta":{"origin":1437,"position":3},"title":"Men\u00fas","date":"14\/11\/2017","format":false,"excerpt":"[vc_row][vc_column][vc_custom_heading text=\"Men\u00fas del Restaurant\" font_container=\"tag:h2|text_align:center|color:%2320ccc6\" google_fonts=\"font_family:Cinzel%3Aregular%2C700%2C900|font_style:400%20regular%3A400%3Anormal\"][\/vc_column][\/vc_row][vc_row][vc_column][vc_column_text] Men\u00fas per celebracions i esdeveniments familiars o d'empresa al restaurant i turisme rural Can Fain\u00e9; Men\u00fa diari, men\u00fa de cap de setmana i altres men\u00fas per a dates especials: Men\u00fas per l'\u00e8poca de Cal\u00e7otades, Xatonades, Cargolades, i tamb\u00e9 per menjars familiars i de germanor.\u2026","rel":"","context":"Entrada similar","img":{"alt_text":"","src":"","width":0,"height":0},"classes":[]},{"id":1655,"url":"https:\/\/www.canfaine.com\/es\/restaurante\/restaurante-con-terraza\/","url_meta":{"origin":1437,"position":4},"title":"Restaurante con terraza","date":"06\/10\/2021","format":false,"excerpt":"[vc_row][vc_column][vc_custom_heading text=\"Restaurante con terraza\" font_container=\"tag:h1|text_align:left|color:%2320ccc6\" google_fonts=\"font_family:Cinzel%3Aregular%2C700%2C900|font_style:400%20regular%3A400%3Anormal\"][\/vc_column][\/vc_row][vc_row][vc_column][vc_custom_heading text=\"Restaurante con terraza cerca de Montserrat, Manresa, Tarrasa y Sabadell\" font_container=\"tag:h2|text_align:center\" google_fonts=\"font_family:Cinzel%3Aregular%2C700%2C900|font_style:400%20regular%3A400%3Anormal\"][vc_column_text]Si quiere ir a comer a un restaurante con terraza cerca de Manresa, Montserrat, Sabadell o Terrassa, en Can Fain\u00e9 encontrar\u00e1 un ambiente ideal para comer al aire libre. Can Fain\u00e9 es un\u2026","rel":"","context":"Entrada similar","img":{"alt_text":"","src":"","width":0,"height":0},"classes":[]},{"id":1806,"url":"https:\/\/www.canfaine.com\/restaurant\/restaurant-de-menu\/","url_meta":{"origin":1437,"position":5},"title":"Restaurant de men\u00fa","date":"09\/11\/2021","format":false,"excerpt":"[vc_row][vc_column][vc_custom_heading text=\"Restaurant de men\u00fa diari\" font_container=\"tag:h1|text_align:left|color:%2320ccc6\" google_fonts=\"font_family:Cinzel%3Aregular%2C700%2C900|font_style:400%20regular%3A400%3Anormal\"][\/vc_column][\/vc_row][vc_row][vc_column][vc_custom_heading text=\"Restaurant de Men\u00fa amb plats de cuina tradicional i cuina de mercat, a Sant Vicen\u00e7 de Castellet, el Bages. Men\u00fa diari en un restaurant amb terrassa.\" google_fonts=\"font_family:Cinzel%3Aregular%2C700%2C900|font_style:400%20regular%3A400%3Anormal\"][vc_empty_space][vc_custom_heading text=\"Restaurant de men\u00fa diari, de dilluns a divendres al migdia\" font_container=\"tag:h3|text_align:center\" google_fonts=\"font_family:Cinzel%3Aregular%2C700%2C900|font_style:400%20regular%3A400%3Anormal\"][vc_column_text]De dilluns a divendres al\u2026","rel":"","context":"Entrada similar","img":{"alt_text":"","src":"","width":0,"height":0},"classes":[]}],"jetpack_likes_enabled":true,"_links":{"self":[{"href":"https:\/\/www.canfaine.com\/es\/wp-json\/wp\/v2\/pages\/1437"}],"collection":[{"href":"https:\/\/www.canfaine.com\/es\/wp-json\/wp\/v2\/pages"}],"about":[{"href":"https:\/\/www.canfaine.com\/es\/wp-json\/wp\/v2\/types\/page"}],"author":[{"embeddable":true,"href":"https:\/\/www.canfaine.com\/es\/wp-json\/wp\/v2\/users\/4"}],"replies":[{"embeddable":true,"href":"https:\/\/www.canfaine.com\/es\/wp-json\/wp\/v2\/comments?post=1437"}],"version-history":[{"count":0,"href":"https:\/\/www.canfaine.com\/es\/wp-json\/wp\/v2\/pages\/1437\/revisions"}],"up":[{"embeddable":true,"href":"https:\/\/www.canfaine.com\/es\/wp-json\/wp\/v2\/pages\/484"}],"wp:attachment":[{"href":"https:\/\/www.canfaine.com\/es\/wp-json\/wp\/v2\/media?parent=1437"}],"curies":[{"name":"wp","href":"https:\/\/api.w.org\/{rel}","templated":true}]}}