{"id":1447,"date":"2021-09-17T04:07:22","date_gmt":"2021-09-17T04:07:22","guid":{"rendered":"https:\/\/canfaine.serveistic.eu\/?page_id=1447"},"modified":"2022-06-25T11:51:26","modified_gmt":"2022-06-25T09:51:26","slug":"fin-de-semana","status":"publish","type":"page","link":"https:\/\/www.canfaine.com\/es\/restaurante\/menu\/fin-de-semana\/","title":{"rendered":"Men\u00fa de fin de semana"},"content":{"rendered":"<p>[vc_row][vc_column width=\u00bb1\/2&#8243;]<style type=\"text\/css\" data-type=\"the7_shortcodes-inline-css\">.dt-breadcrumbs-id-1 .breadcrumbs {\n  display: inline-block;\n  margin: 0;\n  padding: 2px 10px 2px 10px;\n  border: 0px solid ;\n  border-radius: 0px;\n}\n.dt-breadcrumbs-id-1 .breadcrumbs * {\n  font-style: italic;\n  font-weight: ;\n  text-transform: ;\n  color: #a2a5a6;\n}\n<\/style><div class=\"dt-breadcrumbs-shortcode dt-breadcrumbs-id-1 align-left\"><div class=\"assistive-text\">Est\u00e1s aqu\u00ed:<\/div><ol class=\"breadcrumbs text-small\" xmlns:v=\"http:\/\/rdf.data-vocabulary.org\/#\"><li typeof=\"v:Breadcrumb\"><a rel=\"v:url\" property=\"v:title\" href=\"https:\/\/www.canfaine.com\/es\/\/\" title=\"\">Inicio<\/a><\/li><li class=\"current\">P\u00e1gina<\/li><\/ol><\/div>[vc_custom_heading text=\u00bbLA MINI CARTA DE 21.82 \u20ac + IVA (10 % ) = 24,00\u20ac<br \/>\nS\u00f3lo mediod\u00eda\u00bb font_container=\u00bbtag:h2|text_align:center\u00bb google_fonts=\u00bbfont_family:Cinzel%3Aregular%2C700%2C900|font_style:400%20regular%3A400%3Anormal\u00bb][vc_column_text]Este men\u00fa no esta actualizado, es una muestra de la composici\u00f3n y de nuestros platos<\/p>\n<p class=\"p1\" style=\"text-align: center;\"><em><b>ENTREMESES<\/b><\/em><\/p>\n<p style=\"text-align: center;\">Xips, aceitunas y longaniza<\/p>\n<p class=\"p1\" style=\"text-align: center;\"><em><b>PRIMEROS<\/b><\/em><\/p>\n<p style=\"text-align: center;\">Ensalada del huerto con esp\u00e1rragos, huevo duro, queso, pasas y semillas<\/p>\n<p style=\"text-align: center;\">Ensalada\u00a0<em>mesclum<\/em>\u00a0\u200bcon jam\u00f3n al corte<\/p>\n<p style=\"text-align: center;\">Amorelli con salsa de queso de cabra, nueces i calabac\u00edn<\/p>\n<p style=\"text-align: center;\">Cocido con \u00abpilota\u00bb<\/p>\n<p style=\"text-align: center;\">Trinchado \u200bde patata y col con tocino<\/p>\n<p style=\"text-align: center;\">Cal\u00e7ots, pitet i romesco (de primer plato)&#8230;&#8230;&#8230;. suplemento de +8,50\u20ac<\/p>\n<p class=\"p1\" style=\"text-align: center;\"><em><b>SEGUNDOS<\/b><\/em><\/p>\n<p style=\"text-align: center;\">Pies de cerdo \u200ba la brasa gratinados con all i oli<\/p>\n<p style=\"text-align: center;\">Mixta \u200bbutifarra blanca y negra<\/p>\n<p style=\"text-align: center;\">Combinado \u200bde pata de pollo y cordero<\/p>\n<p style=\"text-align: center;\">Tradicional \u200bpollo de caserio asado a la cazuela con ciruelas pasas y orejones<\/p>\n<p style=\"text-align: center;\">Bistec \u200bde ternera<\/p>\n<p style=\"text-align: center;\">Berenjena rellena de pescado y marisco<\/p>\n<p style=\"text-align: center;\">Raci\u00f3n de CARACOLES \u2026\u2026\u2026\u2026 16.95\u20ac (fuera de men\u00fa)<\/p>\n<p style=\"text-align: center;\">Raci\u00f3n de N\u00cdSCALOS\u00a0 \u2014\u2014\u2014\u2014- 15,95 \u20ac (fuera de men\u00fa)<\/p>\n<p class=\"p1\" style=\"text-align: center;\"><em><b>POSTRES<\/b><\/em><\/p>\n<p class=\"p1\" style=\"text-align: center;\" align=\"center\">Helado de corte de tres colores<\/p>\n<p class=\"p1\" style=\"text-align: center;\" align=\"center\">Flan de huevo de la casa<\/p>\n<p class=\"p1\" style=\"text-align: center;\" align=\"center\">Yogurt natural<\/p>\n<p align=\"center\">Crema Catalana<\/p>\n<p class=\"p1\" style=\"text-align: center;\" align=\"center\">Fruta: \u200b manzana o naranja<\/p>\n<p class=\"p1\" style=\"text-align: center;\" align=\"center\"><em>Mel i mat\u00f3<\/em><\/p>\n<p class=\"p3\" style=\"text-align: center;\"><em><strong>BEBIDAS<\/strong><\/em><\/p>\n<p style=\"text-align: center;\">Agua, vino de la casa y gaseosa<\/p>\n<p>[\/vc_column_text][\/vc_column][vc_column width=\u00bb1\/2&#8243;][vc_empty_space height=\u00bb33px\u00bb][vc_custom_heading text=\u00bbLA MINI CARTA DE 30,00 \u20ac+IVA (10%)= 33,00 \u20ac<br \/>\nV\u00e1lido para mediodia i cena\u00bb font_container=\u00bbtag:h2|text_align:center\u00bb google_fonts=\u00bbfont_family:Cinzel%3Aregular%2C700%2C900|font_style:400%20regular%3A400%3Anormal\u00bb][vc_column_text]Este men\u00fa no esta actualizado, es una muestra de la composici\u00f3n y de nuestros platos<\/p>\n<p class=\"p1\" style=\"text-align: center;\"><em><b>ENTREMESES<\/b><\/em><\/p>\n<p style=\"text-align: center;\">Xips, aceitunas y longaniza<\/p>\n<p class=\"p1\" style=\"text-align: center;\"><em><b>PRIMEROS<\/b><\/em><\/p>\n<p style=\"text-align: center;\">Ensalada con queso de cabra con almendras crujientes a la miel y m\u00f3dena<\/p>\n<p style=\"text-align: center;\">Ensalada de esp\u00e1rragos y salm\u00f3n marinado<\/p>\n<p style=\"text-align: center;\">Crema de calabaza con huevo poch\u00e9 y cremoso de queso fresco<\/p>\n<p style=\"text-align: center;\">Cal\u00e7ots, babero y romesco (\u200bde primer plato)\u2026\u2026\u2026.suplemento de +5\u20ac<\/p>\n<p style=\"text-align: center;\">Tortilla de alcachofa y calabac\u00edn<\/p>\n<p style=\"text-align: center;\">Canelones\u200b de\u00a0<em>Can Fain\u00e9<\/em><\/p>\n<p style=\"text-align: center;\"><em>Calsots, babero y romesco (de primer plato)&#8230;. suplemento de +5\u20ac<\/em><\/p>\n<p>C<\/p>\n<p class=\"p1\" style=\"text-align: center;\"><em><b>SEGUNDOS<\/b><\/em><\/p>\n<p style=\"text-align: center;\">Parrillada de cuatro carces con guarnici\u00f3n de temporada<\/p>\n<p style=\"text-align: center;\">Jarrete de ternera laminado con setas<\/p>\n<p style=\"text-align: center;\">Arroz de\u00a0<em>Can Fain\u00e9<\/em><br \/>\n(m\u00ednimo 2 personas, tiempo espera 20 minutos)<\/p>\n<p style=\"text-align: center;\">Pata de pato confitado con salsa de \u201cvino generoso\u201d \u200b(Porto y pedro xim\u00e9mez)<\/p>\n<p style=\"text-align: center;\">Merluza a la marinera<\/p>\n<p style=\"text-align: center;\">Cordero a la brasa \u200b(costillas y medianas)\u2026\u2026\u2026suplemento +6\u20ac<\/p>\n<p style=\"text-align: center;\">Entrecot\u00a0<strong>Buey<\/strong> 300 gr. \u2026\u2026\u2026.suplemento +8\u20ac<\/p>\n<p style=\"text-align: center;\">CARACOLES a la\u00a0<em>llauna<\/em>\u00a0\u2026\u2026\u2026\u2026\u2026\u2026suplemento +7,00 \u20ac<\/p>\n<p style=\"text-align: center;\">Espalda de cordero al horno con <strong>n\u00edscalos (m\u00ednimo 2 personas) &#8230;. suplemento 6\u20ac\/persona<\/strong><\/p>\n<p style=\"text-align: center;\"><strong>Espalda de cabrito al horno con<\/strong>\u00a0n\u00edscalos &#8230;&#8230;. <strong>suplemento 8\u20ac<\/strong><\/p>\n<p style=\"text-align: center;\">Raci\u00f3n de LLANEGUES salteadas \u2026\u2026\u2026.. +15.95\u20ac (fuera de Men\u00fa)<\/p>\n<p class=\"p1\" style=\"text-align: center;\"><em><b>POSTRES<\/b><\/em><\/p>\n<p style=\"text-align: center;\">Fruta<\/p>\n<p style=\"text-align: center;\">Crema Catalana<\/p>\n<p style=\"text-align: center;\">Ciruelas de la finca confitadas con helado de vainilla<\/p>\n<p style=\"text-align: center;\">Helados<\/p>\n<p style=\"text-align: center;\">Flan de huevo de la casa o\u200b de chocolate<\/p>\n<p style=\"text-align: center;\">Higos \u200bcaramelizadas con queso fresco y amareto<\/p>\n<p style=\"text-align: center;\">Miel \u00abmato\u00bb<\/p>\n<p class=\"p1\" style=\"text-align: center;\"><em><strong>BEBIDAS<\/strong><\/em><\/p>\n<p class=\"p1\" style=\"text-align: center;\">Agua, vino de la casa y gaseosa<\/p>\n<p>[\/vc_column_text][\/vc_column][\/vc_row][vc_row][vc_column][vc_custom_heading text=\u00bbPara Grupos consultar preus\u00bb font_container=\u00bbtag:h2|text_align:center\u00bb google_fonts=\u00bbfont_family:Cinzel%3Aregular%2C700%2C900|font_style:400%20regular%3A400%3Anormal\u00bb][vc_empty_space][\/vc_column][\/vc_row][vc_row][vc_column]<div class=\"shortcode-banner shortcode-banner-link\" style=\"min-height: 0px;background-image: url(https:\/\/www.canfaine.com\/wp-content\/uploads\/2018\/02\/crema-catalana-can-faine-copia.jpg)\" onclick=\"window.location.href='https:\/\/www.canfaine.com\/es\/menu\/';\"><div class=\"shortcode-banner-bg wf-table\" style=\"padding: 0px;min-height: 0px\"><div class=\"shortcode-banner-inside wf-table text-big\" style=\"background-color: rgb(0,0,0);background-color: rgba(0,0,0,0.4);border: solid 0px transparent;outline: solid 0px;outline-color: #ffffff;height: 0px\"><div><div class=\"shortcode-banner-bg wf-table\" style=\"padding: 10px; min-height: 100px;\">\n<div class=\"shortcode-banner-inside wf-table text-normal\" style=\"background-color: rgba(255,255,255,0.4); border: solid 10px transparent; outline: solid 3px; outline-color: #ffffff; height: 90px;\">\n<div>\n<h3 style=\"text-align: center;\"><span style=\"color: #000000;\">Volver a los Men\u00fas<\/span><\/h3>\n<\/div>\n<\/div>\n<\/div>\n<\/div><\/div><\/div><\/div>[\/vc_column][\/vc_row]<\/p>\n","protected":false},"excerpt":{"rendered":"<p>[vc_row][vc_column width=\u00bb1\/2&#8243;][vc_custom_heading text=\u00bbLA MINI CARTA DE 21.82 \u20ac + IVA (10 % ) = 24,00\u20ac S\u00f3lo mediod\u00eda\u00bb font_container=\u00bbtag:h2|text_align:center\u00bb google_fonts=\u00bbfont_family:Cinzel%3Aregular%2C700%2C900|font_style:400%20regular%3A400%3Anormal\u00bb][vc_column_text]Este men\u00fa no esta actualizado, es una muestra de la composici\u00f3n y de nuestros platos ENTREMESES Xips, aceitunas y longaniza PRIMEROS Ensalada del huerto con esp\u00e1rragos, huevo duro, queso, pasas y semillas Ensalada\u00a0mesclum\u00a0\u200bcon jam\u00f3n al corte Amorelli&hellip;<\/p>\n","protected":false},"author":4,"featured_media":0,"parent":484,"menu_order":0,"comment_status":"closed","ping_status":"closed","template":"","meta":[],"yoast_head":"<!-- This site is optimized with the Yoast SEO plugin v19.13 - https:\/\/yoast.com\/wordpress\/plugins\/seo\/ -->\n<title>Men\u00fa de fin de semana - Can Fain\u00e9<\/title>\n<meta name=\"description\" content=\"El men\u00fa de fin de semana del Restaurante Can Fain\u00e9, dos mini cartas para que cada comensal pueda elegir los platos que m\u00e1s le apetezcan\" \/>\n<meta name=\"robots\" content=\"index, follow, max-snippet:-1, max-image-preview:large, max-video-preview:-1\" \/>\n<link rel=\"canonical\" href=\"https:\/\/www.canfaine.com\/es\/restaurante\/menu\/fin-de-semana\/\" \/>\n<meta property=\"og:locale\" content=\"es_ES\" \/>\n<meta property=\"og:type\" content=\"article\" \/>\n<meta property=\"og:title\" content=\"Men\u00fa de fin de semana - Can Fain\u00e9\" \/>\n<meta property=\"og:description\" content=\"El men\u00fa de fin de semana del Restaurante Can Fain\u00e9, dos mini cartas para que cada comensal pueda elegir los platos que m\u00e1s le apetezcan\" \/>\n<meta property=\"og:url\" content=\"https:\/\/www.canfaine.com\/es\/restaurante\/menu\/fin-de-semana\/\" \/>\n<meta property=\"og:site_name\" content=\"Can Fain\u00e9\" \/>\n<meta property=\"article:publisher\" content=\"https:\/\/www.facebook.com\/Restaurant-Can-Faine-211169275571050\/?ref=br_rs\" \/>\n<meta property=\"article:modified_time\" content=\"2022-06-25T09:51:26+00:00\" \/>\n<meta name=\"twitter:card\" content=\"summary_large_image\" \/>\n<meta name=\"twitter:label1\" content=\"Tiempo de lectura\" \/>\n\t<meta name=\"twitter:data1\" content=\"3 minutos\" \/>\n<script type=\"application\/ld+json\" class=\"yoast-schema-graph\">{\"@context\":\"https:\/\/schema.org\",\"@graph\":[{\"@type\":\"WebPage\",\"@id\":\"https:\/\/www.canfaine.com\/es\/restaurante\/menu\/fin-de-semana\/\",\"url\":\"https:\/\/www.canfaine.com\/es\/restaurante\/menu\/fin-de-semana\/\",\"name\":\"Men\u00fa de fin de semana - Can Fain\u00e9\",\"isPartOf\":{\"@id\":\"https:\/\/www.canfaine.com\/es\/#website\"},\"datePublished\":\"2021-09-17T04:07:22+00:00\",\"dateModified\":\"2022-06-25T09:51:26+00:00\",\"description\":\"El men\u00fa de fin de semana del Restaurante Can Fain\u00e9, dos mini cartas para que cada comensal pueda elegir los platos que m\u00e1s le apetezcan\",\"breadcrumb\":{\"@id\":\"https:\/\/www.canfaine.com\/es\/restaurante\/menu\/fin-de-semana\/#breadcrumb\"},\"inLanguage\":\"es\",\"potentialAction\":[{\"@type\":\"ReadAction\",\"target\":[\"https:\/\/www.canfaine.com\/es\/restaurante\/menu\/fin-de-semana\/\"]}]},{\"@type\":\"BreadcrumbList\",\"@id\":\"https:\/\/www.canfaine.com\/es\/restaurante\/menu\/fin-de-semana\/#breadcrumb\",\"itemListElement\":[{\"@type\":\"ListItem\",\"position\":1,\"name\":\"Portada\",\"item\":\"https:\/\/www.canfaine.com\/es\/\"},{\"@type\":\"ListItem\",\"position\":2,\"name\":\"Restaurante\",\"item\":\"https:\/\/www.canfaine.com\/es\/restaurante\/\"},{\"@type\":\"ListItem\",\"position\":3,\"name\":\"Men\u00fas\",\"item\":\"https:\/\/www.canfaine.com\/es\/restaurante\/menu\/\"},{\"@type\":\"ListItem\",\"position\":4,\"name\":\"Men\u00fa de fin de semana\"}]},{\"@type\":\"WebSite\",\"@id\":\"https:\/\/www.canfaine.com\/es\/#website\",\"url\":\"https:\/\/www.canfaine.com\/es\/\",\"name\":\"Can Fain\u00e9\",\"description\":\"Turisme Rural i Restaurant\",\"publisher\":{\"@id\":\"https:\/\/www.canfaine.com\/es\/#organization\"},\"potentialAction\":[{\"@type\":\"SearchAction\",\"target\":{\"@type\":\"EntryPoint\",\"urlTemplate\":\"https:\/\/www.canfaine.com\/es\/?s={search_term_string}\"},\"query-input\":\"required name=search_term_string\"}],\"inLanguage\":\"es\"},{\"@type\":\"Organization\",\"@id\":\"https:\/\/www.canfaine.com\/es\/#organization\",\"name\":\"Cal Fain\u00e9 Boades SL\",\"url\":\"https:\/\/www.canfaine.com\/es\/\",\"logo\":{\"@type\":\"ImageObject\",\"inLanguage\":\"es\",\"@id\":\"https:\/\/www.canfaine.com\/es\/#\/schema\/logo\/image\/\",\"url\":\"https:\/\/canfaine.com\/wp-content\/uploads\/2018\/01\/logo3-1.png\",\"contentUrl\":\"https:\/\/canfaine.com\/wp-content\/uploads\/2018\/01\/logo3-1.png\",\"width\":300,\"height\":198,\"caption\":\"Cal Fain\u00e9 Boades SL\"},\"image\":{\"@id\":\"https:\/\/www.canfaine.com\/es\/#\/schema\/logo\/image\/\"},\"sameAs\":[\"https:\/\/www.facebook.com\/Restaurant-Can-Faine-211169275571050\/?ref=br_rs\"]}]}<\/script>\n<!-- \/ Yoast SEO plugin. -->","yoast_head_json":{"title":"Men\u00fa de fin de semana - Can Fain\u00e9","description":"El men\u00fa de fin de semana del Restaurante Can Fain\u00e9, dos mini cartas para que cada comensal pueda elegir los platos que m\u00e1s le apetezcan","robots":{"index":"index","follow":"follow","max-snippet":"max-snippet:-1","max-image-preview":"max-image-preview:large","max-video-preview":"max-video-preview:-1"},"canonical":"https:\/\/www.canfaine.com\/es\/restaurante\/menu\/fin-de-semana\/","og_locale":"es_ES","og_type":"article","og_title":"Men\u00fa de fin de semana - Can Fain\u00e9","og_description":"El men\u00fa de fin de semana del Restaurante Can Fain\u00e9, dos mini cartas para que cada comensal pueda elegir los platos que m\u00e1s le apetezcan","og_url":"https:\/\/www.canfaine.com\/es\/restaurante\/menu\/fin-de-semana\/","og_site_name":"Can Fain\u00e9","article_publisher":"https:\/\/www.facebook.com\/Restaurant-Can-Faine-211169275571050\/?ref=br_rs","article_modified_time":"2022-06-25T09:51:26+00:00","twitter_card":"summary_large_image","twitter_misc":{"Tiempo de lectura":"3 minutos"},"schema":{"@context":"https:\/\/schema.org","@graph":[{"@type":"WebPage","@id":"https:\/\/www.canfaine.com\/es\/restaurante\/menu\/fin-de-semana\/","url":"https:\/\/www.canfaine.com\/es\/restaurante\/menu\/fin-de-semana\/","name":"Men\u00fa de fin de semana - Can Fain\u00e9","isPartOf":{"@id":"https:\/\/www.canfaine.com\/es\/#website"},"datePublished":"2021-09-17T04:07:22+00:00","dateModified":"2022-06-25T09:51:26+00:00","description":"El men\u00fa de fin de semana del Restaurante Can Fain\u00e9, dos mini cartas para que cada comensal pueda elegir los platos que m\u00e1s le apetezcan","breadcrumb":{"@id":"https:\/\/www.canfaine.com\/es\/restaurante\/menu\/fin-de-semana\/#breadcrumb"},"inLanguage":"es","potentialAction":[{"@type":"ReadAction","target":["https:\/\/www.canfaine.com\/es\/restaurante\/menu\/fin-de-semana\/"]}]},{"@type":"BreadcrumbList","@id":"https:\/\/www.canfaine.com\/es\/restaurante\/menu\/fin-de-semana\/#breadcrumb","itemListElement":[{"@type":"ListItem","position":1,"name":"Portada","item":"https:\/\/www.canfaine.com\/es\/"},{"@type":"ListItem","position":2,"name":"Restaurante","item":"https:\/\/www.canfaine.com\/es\/restaurante\/"},{"@type":"ListItem","position":3,"name":"Men\u00fas","item":"https:\/\/www.canfaine.com\/es\/restaurante\/menu\/"},{"@type":"ListItem","position":4,"name":"Men\u00fa de fin de semana"}]},{"@type":"WebSite","@id":"https:\/\/www.canfaine.com\/es\/#website","url":"https:\/\/www.canfaine.com\/es\/","name":"Can Fain\u00e9","description":"Turisme Rural i Restaurant","publisher":{"@id":"https:\/\/www.canfaine.com\/es\/#organization"},"potentialAction":[{"@type":"SearchAction","target":{"@type":"EntryPoint","urlTemplate":"https:\/\/www.canfaine.com\/es\/?s={search_term_string}"},"query-input":"required name=search_term_string"}],"inLanguage":"es"},{"@type":"Organization","@id":"https:\/\/www.canfaine.com\/es\/#organization","name":"Cal Fain\u00e9 Boades SL","url":"https:\/\/www.canfaine.com\/es\/","logo":{"@type":"ImageObject","inLanguage":"es","@id":"https:\/\/www.canfaine.com\/es\/#\/schema\/logo\/image\/","url":"https:\/\/canfaine.com\/wp-content\/uploads\/2018\/01\/logo3-1.png","contentUrl":"https:\/\/canfaine.com\/wp-content\/uploads\/2018\/01\/logo3-1.png","width":300,"height":198,"caption":"Cal Fain\u00e9 Boades SL"},"image":{"@id":"https:\/\/www.canfaine.com\/es\/#\/schema\/logo\/image\/"},"sameAs":["https:\/\/www.facebook.com\/Restaurant-Can-Faine-211169275571050\/?ref=br_rs"]}]}},"jetpack_sharing_enabled":true,"jetpack_shortlink":"https:\/\/wp.me\/PdqzQQ-nl","jetpack-related-posts":[{"id":1850,"url":"https:\/\/www.canfaine.com\/es\/restaurante\/menu\/menus-de-empresa\/","url_meta":{"origin":1447,"position":0},"title":"Men\u00fas de empresa","date":"29\/11\/2021","format":false,"excerpt":"[vc_row][vc_column][vc_custom_heading text=\"Men\u00fas de empresa\" font_container=\"tag:h2|text_align:center\" google_fonts=\"font_family:Cinzel%3Aregular%2C700%2C900|font_style:400%20regular%3A400%3Anormal\"][\/vc_column][\/vc_row][vc_row][vc_column][vc_column_text] Los men\u00fas de empresa de Can Fain\u00e9 est\u00e1n disponibles durante todo el a\u00f1o. Los men\u00fas de empresa de Can Fain\u00e9, no s\u00f3lo est\u00e1n disponibles durante la \u00e9poca m\u00e1s habitual de comidas y cenas de empresa. Que al celebrarse las cenas de Navidad, son los\u2026","rel":"","context":"Entrada similar","img":{"alt_text":"","src":"","width":0,"height":0},"classes":[]},{"id":1437,"url":"https:\/\/www.canfaine.com\/es\/restaurante\/menu\/diario\/","url_meta":{"origin":1447,"position":1},"title":"Men\u00fa diario","date":"17\/09\/2021","format":false,"excerpt":"[vc_row][vc_column][vc_custom_heading text=\"Men\u00fa diario - Comidas\" font_container=\"tag:h2|text_align:center\" google_fonts=\"font_family:Cinzel%3Aregular%2C700%2C900|font_style:400%20regular%3A400%3Anormal\"][\/vc_column][\/vc_row][vc_row][vc_column][vc_column_text] De lunes a viernes no festivos, les ofrecemos nuestro men\u00fa diario El Men\u00fa diario del Restaurante Can Fain\u00e9 se elabora con productos frescos de nuestros proveedores de confianza as\u00ed como con la producci\u00f3n del huerto del propio restaurante. Men\u00fa diario de ejemplo Primeros\u2026","rel":"","context":"Entrada similar","img":{"alt_text":"","src":"","width":0,"height":0},"classes":[]},{"id":1856,"url":"https:\/\/www.canfaine.com\/es\/restaurante\/menu\/menu-de-navidad\/","url_meta":{"origin":1447,"position":2},"title":"Men\u00fa de Navidad y San Esteban 2021","date":"29\/11\/2021","format":false,"excerpt":"[vc_row][vc_column][vc_custom_heading text=\"Men\u00fa de Navidad y San Esteban 2021\" font_container=\"tag:h2|text_align:center\" google_fonts=\"font_family:Cinzel%3Aregular%2C700%2C900|font_style:400%20regular%3A400%3Anormal\"][\/vc_column][\/vc_row][vc_row][vc_column][vc_column_text] Men\u00fa de Navidad y Sant Esteban 2021. Para comer y cenar en el restaurante, y tambi\u00e9n para llevar, es indispensable reservar. El men\u00fa de Navidad y de Sant Esteban en Can Fain\u00e9, se puede encargar para comer en el restaurante,\u2026","rel":"","context":"Entrada similar","img":{"alt_text":"","src":"","width":0,"height":0},"classes":[]},{"id":1453,"url":"https:\/\/www.canfaine.com\/es\/restaurante\/menu\/calcotada\/","url_meta":{"origin":1447,"position":3},"title":"Men\u00fa Cal\u00e7otada","date":"17\/09\/2021","format":false,"excerpt":"[vc_row][vc_column][vc_custom_heading text=\"Men\u00fa ``Cal\u00e7otada``\" font_container=\"tag:h2|text_align:center\" google_fonts=\"font_family:Cinzel%3Aregular%2C700%2C900|font_style:400%20regular%3A400%3Anormal\"][\/vc_column][\/vc_row][vc_row][vc_column width=\"1\/2\"][vc_column_text] CAL\u00c7OTADA BAGES Entrantes para picar \u00a0 PRIMEROS (a escoger) CAL\u00c7OTS asados con le\u00f1a, Salsa romesco + baberos y guantes \u00a0 \u00a0 \u00a0 \u00a0 SEGUNDOS (a escoger) Parrillada a escoger: A) Butifarra Blanca extra de pay\u00e9s y butifarra negra B) Pollo y cordero a la\u2026","rel":"","context":"Entrada similar","img":{"alt_text":"","src":"","width":0,"height":0},"classes":[]},{"id":1460,"url":"https:\/\/www.canfaine.com\/es\/restaurante\/menu\/xatonada\/","url_meta":{"origin":1447,"position":4},"title":"Men\u00fa Xatonada","date":"17\/09\/2021","format":false,"excerpt":"[vc_row][vc_column][vc_custom_heading text=\"Men\u00fa de Xatonada\" font_container=\"tag:h2|text_align:center\" google_fonts=\"font_family:Cinzel%3Aregular%2C700%2C900|font_style:400%20regular%3A400%3Anormal\"][\/vc_column][\/vc_row][vc_row][vc_column][vc_column_text] PRIMEROS XATONADA Ensalada de escarola con anchoas, bacalao, tomate, aceitunas y salsa de xatonada con frutos secos \u00a0 SEGUNDOS Parrillada de cinco carnes con guarnici\u00f3n de temporada Jarrete de ternera con setas Pescado seg\u00fan mercado - - - - Tostadas de pan con tomate\u2026","rel":"","context":"Entrada similar","img":{"alt_text":"","src":"","width":0,"height":0},"classes":[]},{"id":1813,"url":"https:\/\/www.canfaine.com\/es\/restaurante\/restaurante-de-menu\/","url_meta":{"origin":1447,"position":5},"title":"Restaurante de men\u00fa","date":"09\/11\/2021","format":false,"excerpt":"[vc_row][vc_column][vc_custom_heading text=\"Restaurante de men\u00fa diario\" font_container=\"tag:h1|text_align:left|color:%2320ccc6\" google_fonts=\"font_family:Cinzel%3Aregular%2C700%2C900|font_style:400%20regular%3A400%3Anormal\"][\/vc_column][\/vc_row][vc_row][vc_column][vc_custom_heading text=\"Restaurante de Men\u00fa con platos de cocina tradicional y cocina de mercado, en Sant Vicen\u00e7 de Castellet, el Bages. Men\u00fa diario en un restaurante con terraza.\" google_fonts=\"font_family:Cinzel%3Aregular%2C700%2C900|font_style:400%20regular%3A400%3Anormal\"][vc_empty_space][vc_custom_heading text=\"Restaurante de men\u00fa diario, de lunes a viernes al mediod\u00eda\" font_container=\"tag:h3|text_align:center\" google_fonts=\"font_family:Cinzel%3Aregular%2C700%2C900|font_style:400%20regular%3A400%3Anormal\"][vc_column_text]De lunes a viernes al\u2026","rel":"","context":"Entrada similar","img":{"alt_text":"","src":"","width":0,"height":0},"classes":[]}],"jetpack_likes_enabled":true,"_links":{"self":[{"href":"https:\/\/www.canfaine.com\/es\/wp-json\/wp\/v2\/pages\/1447"}],"collection":[{"href":"https:\/\/www.canfaine.com\/es\/wp-json\/wp\/v2\/pages"}],"about":[{"href":"https:\/\/www.canfaine.com\/es\/wp-json\/wp\/v2\/types\/page"}],"author":[{"embeddable":true,"href":"https:\/\/www.canfaine.com\/es\/wp-json\/wp\/v2\/users\/4"}],"replies":[{"embeddable":true,"href":"https:\/\/www.canfaine.com\/es\/wp-json\/wp\/v2\/comments?post=1447"}],"version-history":[{"count":4,"href":"https:\/\/www.canfaine.com\/es\/wp-json\/wp\/v2\/pages\/1447\/revisions"}],"predecessor-version":[{"id":2158,"href":"https:\/\/www.canfaine.com\/es\/wp-json\/wp\/v2\/pages\/1447\/revisions\/2158"}],"up":[{"embeddable":true,"href":"https:\/\/www.canfaine.com\/es\/wp-json\/wp\/v2\/pages\/484"}],"wp:attachment":[{"href":"https:\/\/www.canfaine.com\/es\/wp-json\/wp\/v2\/media?parent=1447"}],"curies":[{"name":"wp","href":"https:\/\/api.w.org\/{rel}","templated":true}]}}