{"id":1453,"date":"2021-09-17T05:08:04","date_gmt":"2021-09-17T05:08:04","guid":{"rendered":"https:\/\/canfaine.serveistic.eu\/?page_id=1453"},"modified":"2022-03-05T09:20:19","modified_gmt":"2022-03-05T07:20:19","slug":"calcotada","status":"publish","type":"page","link":"https:\/\/www.canfaine.com\/es\/restaurante\/menu\/calcotada\/","title":{"rendered":"Men\u00fa Cal\u00e7otada"},"content":{"rendered":"<p>[vc_row][vc_column]<style type=\"text\/css\" data-type=\"the7_shortcodes-inline-css\">.dt-breadcrumbs-id-1 .breadcrumbs {\n  display: inline-block;\n  margin: 0;\n  padding: 2px 10px 2px 10px;\n  border: 0px solid ;\n  border-radius: 0px;\n}\n.dt-breadcrumbs-id-1 .breadcrumbs * {\n  font-style: italic;\n  font-weight: ;\n  text-transform: ;\n  color: #a2a5a6;\n}\n<\/style><div class=\"dt-breadcrumbs-shortcode dt-breadcrumbs-id-1 align-left\"><div class=\"assistive-text\">Est\u00e1s aqu\u00ed:<\/div><ol class=\"breadcrumbs text-small\" xmlns:v=\"http:\/\/rdf.data-vocabulary.org\/#\"><li typeof=\"v:Breadcrumb\"><a rel=\"v:url\" property=\"v:title\" href=\"https:\/\/www.canfaine.com\/es\/\/\" title=\"\">Inicio<\/a><\/li><li class=\"current\">P\u00e1gina<\/li><\/ol><\/div>[vc_custom_heading text=\u00bbMen\u00fa \u00abCal\u00e7otada\u00ab\u00bb font_container=\u00bbtag:h2|text_align:center\u00bb google_fonts=\u00bbfont_family:Cinzel%3Aregular%2C700%2C900|font_style:400%20regular%3A400%3Anormal\u00bb][\/vc_column][\/vc_row][vc_row][vc_column width=\u00bb1\/2&#8243;][vc_column_text]<\/p>\n<h3 class=\"p1\" style=\"text-align: center;\"><b>CAL\u00c7OTADA BAGES<\/b><\/h3>\n<p class=\"p1\" style=\"text-align: center;\">Entrantes para picar<\/p>\n<p>&nbsp;<\/p>\n<p class=\"p1\" style=\"text-align: center;\"><strong>PRIMEROS <\/strong>(a escoger)<\/p>\n<p class=\"p1\" style=\"text-align: center;\">CAL\u00c7OTS asados con le\u00f1a, Salsa romesco + baberos y guantes<\/p>\n<p>&nbsp;<\/p>\n<p>&nbsp;<\/p>\n<p>&nbsp;<\/p>\n<p>&nbsp;<\/p>\n<p class=\"p1\" style=\"text-align: center;\"><strong>SEGUNDOS <\/strong>(a escoger)<\/p>\n<p class=\"p1\" style=\"text-align: center;\">Parrillada a escoger:<\/p>\n<p class=\"p1\" style=\"text-align: center;\">A) Butifarra Blanca extra de pay\u00e9s y butifarra negra<\/p>\n<p class=\"p1\" style=\"text-align: center;\">B) Pollo y cordero a la brasa<br \/>\ncon guarnici\u00f3n de patata asada y alcachofas<\/p>\n<p style=\"text-align: center;\">&#8211; &#8211; &#8211; &#8211;<br \/>\nTostadas de pan con tomate y alioli<\/p>\n<p>&nbsp;<\/p>\n<p class=\"p1\" style=\"text-align: center;\"><strong>POSTRES <\/strong>(a escoger)<\/p>\n<p class=\"p1\" style=\"text-align: center;\">Crema catalana<br \/>\n<em>Mel y Mat\u00f3<\/em><br \/>\nHelado de 3 colores<br \/>\nFruta del tiempo<\/p>\n<p>&nbsp;<\/p>\n<p class=\"p1\" style=\"text-align: center;\"><strong>Bebidas<\/strong><\/p>\n<p class=\"p1\" style=\"text-align: center;\">Vino de la casa, gaseosa, agua<\/p>\n<p class=\"p1\" style=\"text-align: center;\">*Todos los extras no mencionados en el men\u00fa ser\u00e1n cobrados<\/p>\n<p style=\"text-align: center;\">** Vino: incluido en el men\u00fa una botella cada 3 personas<\/p>\n<p>&nbsp;<\/p>\n<p class=\"p1\" style=\"text-align: center;\"><b><i>Precio: 32 \u20ac<br \/>\n<\/i><\/b><em>(IVA inclu\u00eddo)<\/em><\/p>\n<p>[\/vc_column_text][\/vc_column][vc_column width=\u00bb1\/2&#8243;][vc_column_text]<\/p>\n<h3 class=\"p1\" style=\"text-align: center;\"><b>CAL\u00c7OTADA MONTSERRAT<\/b><\/h3>\n<p style=\"text-align: center;\">Entrantes para picar<\/p>\n<p class=\"p1\" style=\"text-align: center;\"><strong>PRIMEROS <\/strong>(a escoger)<\/p>\n<p class=\"p1\" style=\"text-align: center;\">CAL\u00c7OTS asados con le\u00f1a, Salsa romesco + Baberos y guantes.<\/p>\n<p style=\"text-align: center;\">Ensalada con queso de cabra gratinado con hierro candente,<br \/>\ncon reducci\u00f3n de Pedro Jim\u00e9nez y almendras<\/p>\n<p style=\"text-align: center;\">Canelones de <em>Can Fain\u00e9<\/em><\/p>\n<p>&nbsp;<\/p>\n<p style=\"text-align: center;\"><strong>SEGUNDOS <\/strong>(a escoger)<\/p>\n<p style=\"text-align: center;\">A) Parrillada de 4 carnes<br \/>\n(cordero, pollo, butifarra blanca de pay\u00e9s y butifarra negra)<br \/>\ncon guarnici\u00f3n de patata asada y alcachofas<\/p>\n<p style=\"text-align: center;\">B) Jarrete de ternera con setas<\/p>\n<p style=\"text-align: center;\">C) Pescado seg\u00fan mercado<\/p>\n<p style=\"text-align: center;\">&#8211; &#8211; &#8211; &#8211;<br \/>\nTostadas de pan con tomate y alioli<\/p>\n<p>&nbsp;<\/p>\n<p class=\"p1\" style=\"text-align: center;\"><strong>POSTRES <\/strong>(a escoger)<\/p>\n<p class=\"p1\" style=\"text-align: center;\">Crema catalana<br \/>\n<em>Mel i Mat\u00f3<br \/>\n<\/em>Helados<br \/>\nFruta del tiempo.<\/p>\n<p>&nbsp;<\/p>\n<p class=\"p1\" style=\"text-align: center;\"><strong>Bebidas<\/strong><\/p>\n<p class=\"p1\" style=\"text-align: center;\">Vino de la casa, gaseosa, agua.<\/p>\n<p class=\"p1\" style=\"text-align: center;\">*Todos los extras no mencionados en el men\u00fa ser\u00e1n cobrados.<\/p>\n<p style=\"text-align: center;\">** Vino: incluido en el men\u00fa una botella cada 3 personas<\/p>\n<p>&nbsp;<\/p>\n<p class=\"p1\" style=\"text-align: center;\"><b><i>Precio: 36\u20ac<br \/>\n<\/i><\/b><i>(IVA inclu\u00eddo)<\/i><\/p>\n<p>[\/vc_column_text][\/vc_column][\/vc_row][vc_row][vc_column]<div class=\"text-centered\"><a href=\"https:\/\/www.canfaine.com\/wp-content\/uploads\/2022\/03\/Menu-calcotada-es-2022.pdf\" class=\"btn-shortcode dt-btn-s dt-btn default-btn-color default-btn-hover-color default-btn-bg-color default-btn-bg-hover-color\" target=\"_blank\" id=\"dt-btn-1\"><span>Men\u00fa \u00abCal\u00e7otada\u00bb &#8211; Descargar en PDF<\/span><\/a><\/div>[vc_empty_space][\/vc_column][\/vc_row][vc_row][vc_column]<div class=\"shortcode-banner shortcode-banner-link\" style=\"min-height: 0px;background-image: url(https:\/\/www.canfaine.com\/wp-content\/uploads\/2018\/02\/crema-catalana-can-faine-copia.jpg)\" onclick=\"window.location.href='\/es\/restaurante\/menu\/';\"><div class=\"shortcode-banner-bg wf-table\" style=\"padding: 0px;min-height: 0px\"><div class=\"shortcode-banner-inside wf-table text-big\" style=\"background-color: rgb(0,0,0);background-color: rgba(0,0,0,0.4);border: solid 0px transparent;outline: solid 0px;outline-color: #ffffff;height: 0px\"><div><div class=\"shortcode-banner-bg wf-table\" style=\"padding: 10px; min-height: 100px;\">\n<div class=\"shortcode-banner-inside wf-table text-normal\" style=\"background-color: rgba(255,255,255,0.4); border: solid 10px transparent; outline: solid 3px; outline-color: #ffffff; height: 90px;\">\n<div>\n<h3 style=\"text-align: center;\"><span style=\"color: #000000;\">Volver a los Men\u00fas<\/span><\/h3>\n<\/div>\n<\/div>\n<\/div>\n<\/div><\/div><\/div><\/div>[\/vc_column][\/vc_row]<\/p>\n","protected":false},"excerpt":{"rendered":"<p>[vc_row][vc_column][vc_custom_heading text=\u00bbMen\u00fa \u00abCal\u00e7otada\u00ab\u00bb font_container=\u00bbtag:h2|text_align:center\u00bb google_fonts=\u00bbfont_family:Cinzel%3Aregular%2C700%2C900|font_style:400%20regular%3A400%3Anormal\u00bb][\/vc_column][\/vc_row][vc_row][vc_column width=\u00bb1\/2&#8243;][vc_column_text] CAL\u00c7OTADA BAGES Entrantes para picar &nbsp; PRIMEROS (a escoger) CAL\u00c7OTS asados con le\u00f1a, Salsa romesco + baberos y guantes &nbsp; &nbsp; &nbsp; &nbsp; SEGUNDOS (a escoger) Parrillada a escoger: A) Butifarra Blanca extra de pay\u00e9s y butifarra negra B) Pollo y cordero a la brasa con guarnici\u00f3n de patata&hellip;<\/p>\n","protected":false},"author":4,"featured_media":0,"parent":484,"menu_order":0,"comment_status":"closed","ping_status":"closed","template":"","meta":[],"yoast_head":"<!-- This site is optimized with the Yoast SEO plugin v19.13 - https:\/\/yoast.com\/wordpress\/plugins\/seo\/ -->\n<title>Men\u00fa Cal\u00e7otada en el Bages y en la monta\u00f1a de Montserrat - Can Fain\u00e9<\/title>\n<meta name=\"description\" content=\"Men\u00fa Cal\u00e7otada en el Bages y en la monta\u00f1a de Montserrat, consistente en cal\u00e7ots cocidos con le\u00f1a a la llama, romesco, baberos y guantes\" \/>\n<meta name=\"robots\" content=\"index, follow, max-snippet:-1, max-image-preview:large, max-video-preview:-1\" \/>\n<link rel=\"canonical\" href=\"https:\/\/www.canfaine.com\/es\/restaurante\/menu\/calcotada\/\" \/>\n<meta property=\"og:locale\" content=\"es_ES\" \/>\n<meta property=\"og:type\" content=\"article\" \/>\n<meta property=\"og:title\" content=\"Men\u00fa Cal\u00e7otada en el Bages y en la monta\u00f1a de Montserrat - Can Fain\u00e9\" \/>\n<meta property=\"og:description\" content=\"Men\u00fa Cal\u00e7otada en el Bages y en la monta\u00f1a de Montserrat, consistente en cal\u00e7ots cocidos con le\u00f1a a la llama, romesco, baberos y guantes\" \/>\n<meta property=\"og:url\" content=\"https:\/\/www.canfaine.com\/es\/restaurante\/menu\/calcotada\/\" \/>\n<meta property=\"og:site_name\" content=\"Can Fain\u00e9\" \/>\n<meta property=\"article:publisher\" content=\"https:\/\/www.facebook.com\/Restaurant-Can-Faine-211169275571050\/?ref=br_rs\" \/>\n<meta property=\"article:modified_time\" content=\"2022-03-05T07:20:19+00:00\" \/>\n<meta name=\"twitter:card\" content=\"summary_large_image\" \/>\n<meta name=\"twitter:label1\" content=\"Tiempo de lectura\" \/>\n\t<meta name=\"twitter:data1\" content=\"2 minutos\" \/>\n<script type=\"application\/ld+json\" class=\"yoast-schema-graph\">{\"@context\":\"https:\/\/schema.org\",\"@graph\":[{\"@type\":\"WebPage\",\"@id\":\"https:\/\/www.canfaine.com\/es\/restaurante\/menu\/calcotada\/\",\"url\":\"https:\/\/www.canfaine.com\/es\/restaurante\/menu\/calcotada\/\",\"name\":\"Men\u00fa Cal\u00e7otada en el Bages y en la monta\u00f1a de Montserrat - Can Fain\u00e9\",\"isPartOf\":{\"@id\":\"https:\/\/www.canfaine.com\/es\/#website\"},\"datePublished\":\"2021-09-17T05:08:04+00:00\",\"dateModified\":\"2022-03-05T07:20:19+00:00\",\"description\":\"Men\u00fa Cal\u00e7otada en el Bages y en la monta\u00f1a de Montserrat, consistente en cal\u00e7ots cocidos con le\u00f1a a la llama, romesco, baberos y guantes\",\"breadcrumb\":{\"@id\":\"https:\/\/www.canfaine.com\/es\/restaurante\/menu\/calcotada\/#breadcrumb\"},\"inLanguage\":\"es\",\"potentialAction\":[{\"@type\":\"ReadAction\",\"target\":[\"https:\/\/www.canfaine.com\/es\/restaurante\/menu\/calcotada\/\"]}]},{\"@type\":\"BreadcrumbList\",\"@id\":\"https:\/\/www.canfaine.com\/es\/restaurante\/menu\/calcotada\/#breadcrumb\",\"itemListElement\":[{\"@type\":\"ListItem\",\"position\":1,\"name\":\"Portada\",\"item\":\"https:\/\/www.canfaine.com\/es\/\"},{\"@type\":\"ListItem\",\"position\":2,\"name\":\"Restaurante\",\"item\":\"https:\/\/www.canfaine.com\/es\/restaurante\/\"},{\"@type\":\"ListItem\",\"position\":3,\"name\":\"Men\u00fas\",\"item\":\"https:\/\/www.canfaine.com\/es\/restaurante\/menu\/\"},{\"@type\":\"ListItem\",\"position\":4,\"name\":\"Men\u00fa Cal\u00e7otada\"}]},{\"@type\":\"WebSite\",\"@id\":\"https:\/\/www.canfaine.com\/es\/#website\",\"url\":\"https:\/\/www.canfaine.com\/es\/\",\"name\":\"Can Fain\u00e9\",\"description\":\"Turisme Rural i Restaurant\",\"publisher\":{\"@id\":\"https:\/\/www.canfaine.com\/es\/#organization\"},\"potentialAction\":[{\"@type\":\"SearchAction\",\"target\":{\"@type\":\"EntryPoint\",\"urlTemplate\":\"https:\/\/www.canfaine.com\/es\/?s={search_term_string}\"},\"query-input\":\"required name=search_term_string\"}],\"inLanguage\":\"es\"},{\"@type\":\"Organization\",\"@id\":\"https:\/\/www.canfaine.com\/es\/#organization\",\"name\":\"Cal Fain\u00e9 Boades SL\",\"url\":\"https:\/\/www.canfaine.com\/es\/\",\"logo\":{\"@type\":\"ImageObject\",\"inLanguage\":\"es\",\"@id\":\"https:\/\/www.canfaine.com\/es\/#\/schema\/logo\/image\/\",\"url\":\"https:\/\/canfaine.com\/wp-content\/uploads\/2018\/01\/logo3-1.png\",\"contentUrl\":\"https:\/\/canfaine.com\/wp-content\/uploads\/2018\/01\/logo3-1.png\",\"width\":300,\"height\":198,\"caption\":\"Cal Fain\u00e9 Boades SL\"},\"image\":{\"@id\":\"https:\/\/www.canfaine.com\/es\/#\/schema\/logo\/image\/\"},\"sameAs\":[\"https:\/\/www.facebook.com\/Restaurant-Can-Faine-211169275571050\/?ref=br_rs\"]}]}<\/script>\n<!-- \/ Yoast SEO plugin. -->","yoast_head_json":{"title":"Men\u00fa Cal\u00e7otada en el Bages y en la monta\u00f1a de Montserrat - Can Fain\u00e9","description":"Men\u00fa Cal\u00e7otada en el Bages y en la monta\u00f1a de Montserrat, consistente en cal\u00e7ots cocidos con le\u00f1a a la llama, romesco, baberos y guantes","robots":{"index":"index","follow":"follow","max-snippet":"max-snippet:-1","max-image-preview":"max-image-preview:large","max-video-preview":"max-video-preview:-1"},"canonical":"https:\/\/www.canfaine.com\/es\/restaurante\/menu\/calcotada\/","og_locale":"es_ES","og_type":"article","og_title":"Men\u00fa Cal\u00e7otada en el Bages y en la monta\u00f1a de Montserrat - Can Fain\u00e9","og_description":"Men\u00fa Cal\u00e7otada en el Bages y en la monta\u00f1a de Montserrat, consistente en cal\u00e7ots cocidos con le\u00f1a a la llama, romesco, baberos y guantes","og_url":"https:\/\/www.canfaine.com\/es\/restaurante\/menu\/calcotada\/","og_site_name":"Can Fain\u00e9","article_publisher":"https:\/\/www.facebook.com\/Restaurant-Can-Faine-211169275571050\/?ref=br_rs","article_modified_time":"2022-03-05T07:20:19+00:00","twitter_card":"summary_large_image","twitter_misc":{"Tiempo de lectura":"2 minutos"},"schema":{"@context":"https:\/\/schema.org","@graph":[{"@type":"WebPage","@id":"https:\/\/www.canfaine.com\/es\/restaurante\/menu\/calcotada\/","url":"https:\/\/www.canfaine.com\/es\/restaurante\/menu\/calcotada\/","name":"Men\u00fa Cal\u00e7otada en el Bages y en la monta\u00f1a de Montserrat - Can Fain\u00e9","isPartOf":{"@id":"https:\/\/www.canfaine.com\/es\/#website"},"datePublished":"2021-09-17T05:08:04+00:00","dateModified":"2022-03-05T07:20:19+00:00","description":"Men\u00fa Cal\u00e7otada en el Bages y en la monta\u00f1a de Montserrat, consistente en cal\u00e7ots cocidos con le\u00f1a a la llama, romesco, baberos y guantes","breadcrumb":{"@id":"https:\/\/www.canfaine.com\/es\/restaurante\/menu\/calcotada\/#breadcrumb"},"inLanguage":"es","potentialAction":[{"@type":"ReadAction","target":["https:\/\/www.canfaine.com\/es\/restaurante\/menu\/calcotada\/"]}]},{"@type":"BreadcrumbList","@id":"https:\/\/www.canfaine.com\/es\/restaurante\/menu\/calcotada\/#breadcrumb","itemListElement":[{"@type":"ListItem","position":1,"name":"Portada","item":"https:\/\/www.canfaine.com\/es\/"},{"@type":"ListItem","position":2,"name":"Restaurante","item":"https:\/\/www.canfaine.com\/es\/restaurante\/"},{"@type":"ListItem","position":3,"name":"Men\u00fas","item":"https:\/\/www.canfaine.com\/es\/restaurante\/menu\/"},{"@type":"ListItem","position":4,"name":"Men\u00fa Cal\u00e7otada"}]},{"@type":"WebSite","@id":"https:\/\/www.canfaine.com\/es\/#website","url":"https:\/\/www.canfaine.com\/es\/","name":"Can Fain\u00e9","description":"Turisme Rural i Restaurant","publisher":{"@id":"https:\/\/www.canfaine.com\/es\/#organization"},"potentialAction":[{"@type":"SearchAction","target":{"@type":"EntryPoint","urlTemplate":"https:\/\/www.canfaine.com\/es\/?s={search_term_string}"},"query-input":"required name=search_term_string"}],"inLanguage":"es"},{"@type":"Organization","@id":"https:\/\/www.canfaine.com\/es\/#organization","name":"Cal Fain\u00e9 Boades SL","url":"https:\/\/www.canfaine.com\/es\/","logo":{"@type":"ImageObject","inLanguage":"es","@id":"https:\/\/www.canfaine.com\/es\/#\/schema\/logo\/image\/","url":"https:\/\/canfaine.com\/wp-content\/uploads\/2018\/01\/logo3-1.png","contentUrl":"https:\/\/canfaine.com\/wp-content\/uploads\/2018\/01\/logo3-1.png","width":300,"height":198,"caption":"Cal Fain\u00e9 Boades SL"},"image":{"@id":"https:\/\/www.canfaine.com\/es\/#\/schema\/logo\/image\/"},"sameAs":["https:\/\/www.facebook.com\/Restaurant-Can-Faine-211169275571050\/?ref=br_rs"]}]}},"jetpack_sharing_enabled":true,"jetpack_shortlink":"https:\/\/wp.me\/PdqzQQ-nr","jetpack-related-posts":[{"id":1856,"url":"https:\/\/www.canfaine.com\/es\/restaurante\/menu\/menu-de-navidad\/","url_meta":{"origin":1453,"position":0},"title":"Men\u00fa de Navidad y San Esteban 2021","date":"29\/11\/2021","format":false,"excerpt":"[vc_row][vc_column][vc_custom_heading text=\"Men\u00fa de Navidad y San Esteban 2021\" font_container=\"tag:h2|text_align:center\" google_fonts=\"font_family:Cinzel%3Aregular%2C700%2C900|font_style:400%20regular%3A400%3Anormal\"][\/vc_column][\/vc_row][vc_row][vc_column][vc_column_text] Men\u00fa de Navidad y Sant Esteban 2021. Para comer y cenar en el restaurante, y tambi\u00e9n para llevar, es indispensable reservar. El men\u00fa de Navidad y de Sant Esteban en Can Fain\u00e9, se puede encargar para comer en el restaurante,\u2026","rel":"","context":"Entrada similar","img":{"alt_text":"","src":"","width":0,"height":0},"classes":[]},{"id":452,"url":"https:\/\/www.canfaine.com\/es\/turismo-rural\/","url_meta":{"origin":1453,"position":1},"title":"Turismo Rural","date":"14\/05\/2018","format":false,"excerpt":"[vc_row][vc_column][vc_custom_heading text=\"Turismo Rural\" font_container=\"tag:h2|text_align:left|color:%2320ccc6\" google_fonts=\"font_family:Cinzel%3Aregular%2C700%2C900|font_style:400%20regular%3A400%3Anormal\"][\/vc_column][\/vc_row][vc_row][vc_column][vc_custom_heading text=\"Alojamiento des de 6 a +20 personas\" font_container=\"tag:h4|text_align:left|color:%23dd9933\" google_fonts=\"font_family:Cinzel%3Aregular%2C700%2C900|font_style:400%20regular%3A400%3Anormal\"][\/vc_column][\/vc_row][vc_row][vc_column][vc_column_text]En los alojamientos de Turismo rural, ofrecemos estancias de fin de semana, semanas enteras, estancias de larga duraci\u00f3n, y noches espor\u00e1dicas para viajeros y\u00a0paseantes, dirigido a\u00a0familias, grupo de amigos que hagan fiestas o encuentros as\u00ed como para\u2026","rel":"","context":"Entrada similar","img":{"alt_text":"","src":"","width":0,"height":0},"classes":[]},{"id":1437,"url":"https:\/\/www.canfaine.com\/es\/restaurante\/menu\/diario\/","url_meta":{"origin":1453,"position":2},"title":"Men\u00fa diario","date":"17\/09\/2021","format":false,"excerpt":"[vc_row][vc_column][vc_custom_heading text=\"Men\u00fa diario - Comidas\" font_container=\"tag:h2|text_align:center\" google_fonts=\"font_family:Cinzel%3Aregular%2C700%2C900|font_style:400%20regular%3A400%3Anormal\"][\/vc_column][\/vc_row][vc_row][vc_column][vc_column_text] De lunes a viernes no festivos, les ofrecemos nuestro men\u00fa diario El Men\u00fa diario del Restaurante Can Fain\u00e9 se elabora con productos frescos de nuestros proveedores de confianza as\u00ed como con la producci\u00f3n del huerto del propio restaurante. Men\u00fa diario de ejemplo Primeros\u2026","rel":"","context":"Entrada similar","img":{"alt_text":"","src":"","width":0,"height":0},"classes":[]},{"id":1850,"url":"https:\/\/www.canfaine.com\/es\/restaurante\/menu\/menus-de-empresa\/","url_meta":{"origin":1453,"position":3},"title":"Men\u00fas de empresa","date":"29\/11\/2021","format":false,"excerpt":"[vc_row][vc_column][vc_custom_heading text=\"Men\u00fas de empresa\" font_container=\"tag:h2|text_align:center\" google_fonts=\"font_family:Cinzel%3Aregular%2C700%2C900|font_style:400%20regular%3A400%3Anormal\"][\/vc_column][\/vc_row][vc_row][vc_column][vc_column_text] Los men\u00fas de empresa de Can Fain\u00e9 est\u00e1n disponibles durante todo el a\u00f1o. Los men\u00fas de empresa de Can Fain\u00e9, no s\u00f3lo est\u00e1n disponibles durante la \u00e9poca m\u00e1s habitual de comidas y cenas de empresa. Que al celebrarse las cenas de Navidad, son los\u2026","rel":"","context":"Entrada similar","img":{"alt_text":"","src":"","width":0,"height":0},"classes":[]},{"id":1447,"url":"https:\/\/www.canfaine.com\/es\/restaurante\/menu\/fin-de-semana\/","url_meta":{"origin":1453,"position":4},"title":"Men\u00fa de fin de semana","date":"17\/09\/2021","format":false,"excerpt":"[vc_row][vc_column width=\"1\/2\"][vc_custom_heading text=\"LA MINI CARTA DE 21.82 \u20ac + IVA (10 % ) = 24,00\u20ac S\u00f3lo mediod\u00eda\" font_container=\"tag:h2|text_align:center\" google_fonts=\"font_family:Cinzel%3Aregular%2C700%2C900|font_style:400%20regular%3A400%3Anormal\"][vc_column_text]Este men\u00fa no esta actualizado, es una muestra de la composici\u00f3n y de nuestros platos ENTREMESES Xips, aceitunas y longaniza PRIMEROS Ensalada del huerto con esp\u00e1rragos, huevo duro, queso, pasas y semillas\u2026","rel":"","context":"Entrada similar","img":{"alt_text":"","src":"","width":0,"height":0},"classes":[]},{"id":484,"url":"https:\/\/www.canfaine.com\/es\/restaurante\/menu\/","url_meta":{"origin":1453,"position":5},"title":"Men\u00fas","date":"14\/05\/2018","format":false,"excerpt":"[vc_row][vc_column][vc_custom_heading text=\"Men\u00fas del Restaurante\" font_container=\"tag:h2|text_align:center|color:%2320ccc6\" google_fonts=\"font_family:Cinzel%3Aregular%2C700%2C900|font_style:400%20regular%3A400%3Anormal\"][\/vc_column][\/vc_row][vc_row][vc_column][vc_column_text] Men\u00fas para celebraciones y eventos familiares o de empresa en el restaurante y turismo rural Can Fain\u00e9; Men\u00fa diario, men\u00fa de fin de semana y otros men\u00fas para fechas especiales: Men\u00fas para la \u00e9poca de Cal\u00e7otades, xatonades, caracoladas, y comidas Familiares y de Hermandad.\u2026","rel":"","context":"Entrada similar","img":{"alt_text":"","src":"","width":0,"height":0},"classes":[]}],"jetpack_likes_enabled":true,"_links":{"self":[{"href":"https:\/\/www.canfaine.com\/es\/wp-json\/wp\/v2\/pages\/1453"}],"collection":[{"href":"https:\/\/www.canfaine.com\/es\/wp-json\/wp\/v2\/pages"}],"about":[{"href":"https:\/\/www.canfaine.com\/es\/wp-json\/wp\/v2\/types\/page"}],"author":[{"embeddable":true,"href":"https:\/\/www.canfaine.com\/es\/wp-json\/wp\/v2\/users\/4"}],"replies":[{"embeddable":true,"href":"https:\/\/www.canfaine.com\/es\/wp-json\/wp\/v2\/comments?post=1453"}],"version-history":[{"count":3,"href":"https:\/\/www.canfaine.com\/es\/wp-json\/wp\/v2\/pages\/1453\/revisions"}],"predecessor-version":[{"id":2047,"href":"https:\/\/www.canfaine.com\/es\/wp-json\/wp\/v2\/pages\/1453\/revisions\/2047"}],"up":[{"embeddable":true,"href":"https:\/\/www.canfaine.com\/es\/wp-json\/wp\/v2\/pages\/484"}],"wp:attachment":[{"href":"https:\/\/www.canfaine.com\/es\/wp-json\/wp\/v2\/media?parent=1453"}],"curies":[{"name":"wp","href":"https:\/\/api.w.org\/{rel}","templated":true}]}}