{"id":1464,"date":"2021-09-17T17:28:13","date_gmt":"2021-09-17T17:28:13","guid":{"rendered":"https:\/\/canfaine.serveistic.eu\/?page_id=1464"},"modified":"2021-09-28T05:34:05","modified_gmt":"2021-09-28T03:34:05","slug":"caracoladas","status":"publish","type":"page","link":"https:\/\/www.canfaine.com\/es\/restaurante\/menu\/caracoladas\/","title":{"rendered":"Men\u00fa Caracolada"},"content":{"rendered":"<p>[vc_row][vc_column]<style type=\"text\/css\" data-type=\"the7_shortcodes-inline-css\">.dt-breadcrumbs-id-1 .breadcrumbs {\n  display: inline-block;\n  margin: 0;\n  padding: 2px 10px 2px 10px;\n  border: 0px solid ;\n  border-radius: 0px;\n}\n.dt-breadcrumbs-id-1 .breadcrumbs * {\n  font-style: italic;\n  font-weight: ;\n  text-transform: ;\n  color: #a2a5a6;\n}\n<\/style><div class=\"dt-breadcrumbs-shortcode dt-breadcrumbs-id-1 align-left\"><div class=\"assistive-text\">Est\u00e1s aqu\u00ed:<\/div><ol class=\"breadcrumbs text-small\" xmlns:v=\"http:\/\/rdf.data-vocabulary.org\/#\"><li typeof=\"v:Breadcrumb\"><a rel=\"v:url\" property=\"v:title\" href=\"https:\/\/www.canfaine.com\/es\/\/\" title=\"\">Inicio<\/a><\/li><li class=\"current\">P\u00e1gina<\/li><\/ol><\/div>[vc_custom_heading text=\u00bbMen\u00fa Caracolada\u00bb font_container=\u00bbtag:h2|text_align:center\u00bb google_fonts=\u00bbfont_family:Cinzel%3Aregular%2C700%2C900|font_style:400%20regular%3A400%3Anormal\u00bb][\/vc_column][\/vc_row][vc_row][vc_column][vc_column_text]<\/p>\n<p class=\"p1\" style=\"text-align: center;\"><em><b>PRIMEROS<\/b><\/em><\/p>\n<p class=\"p1\" style=\"text-align: center;\">CARACOLES a la llauna<\/p>\n<p class=\"p1\" style=\"text-align: center;\">CARACOLES al estilo de <em>Boades<\/em><\/p>\n<p>&nbsp;<\/p>\n<p class=\"p2\" style=\"text-align: center;\"><strong><em>SEGUNDOS<\/em><\/strong><\/p>\n<p class=\"p1\" style=\"text-align: center;\">Parrillada de 5 carnes con guarnici\u00f3n de temporada<\/p>\n<p class=\"p1\" style=\"text-align: center;\">Jarrete de ternera con setas<\/p>\n<p class=\"p1\" style=\"text-align: center;\">Pescado seg\u00fan mercado<\/p>\n<p style=\"text-align: center;\">&#8211; &#8211; &#8211; &#8211;<br \/>\nTostadas de pan con tomate y alioli<\/p>\n<p class=\"p1\" style=\"text-align: center;\"><strong><em>POSTRES<\/em><\/strong><\/p>\n<p class=\"p1\" style=\"text-align: center;\">Crema Catalana<\/p>\n<p class=\"p1\" style=\"text-align: center;\"><em>Mel y mat\u00f3<\/em><\/p>\n<p class=\"p1\" style=\"text-align: center;\">Helado de tres colores<\/p>\n<p class=\"p1\" style=\"text-align: center;\">Fruta del tiempo<\/p>\n<p>&nbsp;<\/p>\n<p class=\"p2\" style=\"text-align: center;\"><strong><em>BEBIDAS<\/em><\/strong><\/p>\n<p class=\"p1\" style=\"text-align: center;\">Vino de la casa, gaseosa, agua, caf\u00e9, cortado o infusi\u00f3n<\/p>\n<p class=\"p1\" style=\"text-align: center;\">*Todos los extras no mencionados en el men\u00fa se cobraran aparte<\/p>\n<p>&nbsp;<\/p>\n<p class=\"p3\" style=\"text-align: center;\"><strong><span class=\"s2\">Precio 38 \u20ac<br \/>\n<\/span><\/strong>(<em>IVA<\/em> inclu\u00eddo)<\/p>\n<p>[\/vc_column_text][\/vc_column][\/vc_row][vc_row][vc_column]<div class=\"text-centered\"><a href=\"https:\/\/canfaine.com\/wp-content\/uploads\/2019\/02\/menu-cargols-es-2019.pdf\" class=\"btn-shortcode dt-btn-s dt-btn default-btn-color default-btn-hover-color default-btn-bg-color default-btn-bg-hover-color\" target=\"_blank\" id=\"dt-btn-1\"><span>Men\u00fa Caracolada &#8211; Descargar en PDF<\/span><\/a><\/div>[vc_empty_space][\/vc_column][\/vc_row][vc_row][vc_column]<div class=\"shortcode-banner shortcode-banner-link\" style=\"min-height: 0px;background-image: url(https:\/\/www.canfaine.com\/wp-content\/uploads\/2018\/02\/crema-catalana-can-faine-copia.jpg)\" onclick=\"window.location.href='\/es\/restaurante\/menu\/';\"><div class=\"shortcode-banner-bg wf-table\" style=\"padding: 0px;min-height: 0px\"><div class=\"shortcode-banner-inside wf-table text-big\" style=\"background-color: rgb(0,0,0);background-color: rgba(0,0,0,0.4);border: solid 0px transparent;outline: solid 0px;outline-color: #ffffff;height: 0px\"><div><div class=\"shortcode-banner-bg wf-table\" style=\"padding: 10px; min-height: 100px;\">\n<div class=\"shortcode-banner-inside wf-table text-normal\" style=\"background-color: rgba(255,255,255,0.4); border: solid 10px transparent; outline: solid 3px; outline-color: #ffffff; height: 90px;\">\n<div>\n<h3 style=\"text-align: center;\"><span style=\"color: #000000;\">Volver a los Men\u00fas<\/span><\/h3>\n<\/div>\n<\/div>\n<\/div>\n<\/div><\/div><\/div><\/div>[\/vc_column][\/vc_row]<\/p>\n","protected":false},"excerpt":{"rendered":"<p>[vc_row][vc_column][vc_custom_heading text=\u00bbMen\u00fa Caracolada\u00bb font_container=\u00bbtag:h2|text_align:center\u00bb google_fonts=\u00bbfont_family:Cinzel%3Aregular%2C700%2C900|font_style:400%20regular%3A400%3Anormal\u00bb][\/vc_column][\/vc_row][vc_row][vc_column][vc_column_text] PRIMEROS CARACOLES a la llauna CARACOLES al estilo de Boades &nbsp; SEGUNDOS Parrillada de 5 carnes con guarnici\u00f3n de temporada Jarrete de ternera con setas Pescado seg\u00fan mercado &#8211; &#8211; &#8211; &#8211; Tostadas de pan con tomate y alioli POSTRES Crema Catalana Mel y mat\u00f3 Helado de tres colores Fruta&hellip;<\/p>\n","protected":false},"author":4,"featured_media":0,"parent":484,"menu_order":0,"comment_status":"closed","ping_status":"closed","template":"","meta":[],"yoast_head":"<!-- This site is optimized with the Yoast SEO plugin v19.13 - https:\/\/yoast.com\/wordpress\/plugins\/seo\/ -->\n<title>Men\u00fa Caracolada - Can Fain\u00e9<\/title>\n<meta name=\"description\" content=\"Men\u00fa de caracoladas, caracoles a la llauna o caracoles de Boades en un men\u00fa con una parrillada de carnes, jarrete de ternera o pescado\" \/>\n<meta name=\"robots\" content=\"index, follow, max-snippet:-1, max-image-preview:large, max-video-preview:-1\" \/>\n<link rel=\"canonical\" href=\"https:\/\/www.canfaine.com\/es\/restaurante\/menu\/caracoladas\/\" \/>\n<meta property=\"og:locale\" content=\"es_ES\" \/>\n<meta property=\"og:type\" content=\"article\" \/>\n<meta property=\"og:title\" content=\"Men\u00fa Caracolada - Can Fain\u00e9\" \/>\n<meta property=\"og:description\" content=\"Men\u00fa de caracoladas, caracoles a la llauna o caracoles de Boades en un men\u00fa con una parrillada de carnes, jarrete de ternera o pescado\" \/>\n<meta property=\"og:url\" content=\"https:\/\/www.canfaine.com\/es\/restaurante\/menu\/caracoladas\/\" \/>\n<meta property=\"og:site_name\" content=\"Can Fain\u00e9\" \/>\n<meta property=\"article:publisher\" content=\"https:\/\/www.facebook.com\/Restaurant-Can-Faine-211169275571050\/?ref=br_rs\" \/>\n<meta property=\"article:modified_time\" content=\"2021-09-28T03:34:05+00:00\" \/>\n<meta name=\"twitter:card\" content=\"summary_large_image\" \/>\n<meta name=\"twitter:label1\" content=\"Tiempo de lectura\" \/>\n\t<meta name=\"twitter:data1\" content=\"1 minuto\" \/>\n<script type=\"application\/ld+json\" class=\"yoast-schema-graph\">{\"@context\":\"https:\/\/schema.org\",\"@graph\":[{\"@type\":\"WebPage\",\"@id\":\"https:\/\/www.canfaine.com\/es\/restaurante\/menu\/caracoladas\/\",\"url\":\"https:\/\/www.canfaine.com\/es\/restaurante\/menu\/caracoladas\/\",\"name\":\"Men\u00fa Caracolada - Can Fain\u00e9\",\"isPartOf\":{\"@id\":\"https:\/\/www.canfaine.com\/es\/#website\"},\"datePublished\":\"2021-09-17T17:28:13+00:00\",\"dateModified\":\"2021-09-28T03:34:05+00:00\",\"description\":\"Men\u00fa de caracoladas, caracoles a la llauna o caracoles de Boades en un men\u00fa con una parrillada de carnes, jarrete de ternera o pescado\",\"breadcrumb\":{\"@id\":\"https:\/\/www.canfaine.com\/es\/restaurante\/menu\/caracoladas\/#breadcrumb\"},\"inLanguage\":\"es\",\"potentialAction\":[{\"@type\":\"ReadAction\",\"target\":[\"https:\/\/www.canfaine.com\/es\/restaurante\/menu\/caracoladas\/\"]}]},{\"@type\":\"BreadcrumbList\",\"@id\":\"https:\/\/www.canfaine.com\/es\/restaurante\/menu\/caracoladas\/#breadcrumb\",\"itemListElement\":[{\"@type\":\"ListItem\",\"position\":1,\"name\":\"Portada\",\"item\":\"https:\/\/www.canfaine.com\/es\/\"},{\"@type\":\"ListItem\",\"position\":2,\"name\":\"Restaurante\",\"item\":\"https:\/\/www.canfaine.com\/es\/restaurante\/\"},{\"@type\":\"ListItem\",\"position\":3,\"name\":\"Men\u00fas\",\"item\":\"https:\/\/www.canfaine.com\/es\/restaurante\/menu\/\"},{\"@type\":\"ListItem\",\"position\":4,\"name\":\"Men\u00fa Caracolada\"}]},{\"@type\":\"WebSite\",\"@id\":\"https:\/\/www.canfaine.com\/es\/#website\",\"url\":\"https:\/\/www.canfaine.com\/es\/\",\"name\":\"Can Fain\u00e9\",\"description\":\"Turisme Rural i Restaurant\",\"publisher\":{\"@id\":\"https:\/\/www.canfaine.com\/es\/#organization\"},\"potentialAction\":[{\"@type\":\"SearchAction\",\"target\":{\"@type\":\"EntryPoint\",\"urlTemplate\":\"https:\/\/www.canfaine.com\/es\/?s={search_term_string}\"},\"query-input\":\"required name=search_term_string\"}],\"inLanguage\":\"es\"},{\"@type\":\"Organization\",\"@id\":\"https:\/\/www.canfaine.com\/es\/#organization\",\"name\":\"Cal Fain\u00e9 Boades SL\",\"url\":\"https:\/\/www.canfaine.com\/es\/\",\"logo\":{\"@type\":\"ImageObject\",\"inLanguage\":\"es\",\"@id\":\"https:\/\/www.canfaine.com\/es\/#\/schema\/logo\/image\/\",\"url\":\"https:\/\/canfaine.com\/wp-content\/uploads\/2018\/01\/logo3-1.png\",\"contentUrl\":\"https:\/\/canfaine.com\/wp-content\/uploads\/2018\/01\/logo3-1.png\",\"width\":300,\"height\":198,\"caption\":\"Cal Fain\u00e9 Boades SL\"},\"image\":{\"@id\":\"https:\/\/www.canfaine.com\/es\/#\/schema\/logo\/image\/\"},\"sameAs\":[\"https:\/\/www.facebook.com\/Restaurant-Can-Faine-211169275571050\/?ref=br_rs\"]}]}<\/script>\n<!-- \/ Yoast SEO plugin. -->","yoast_head_json":{"title":"Men\u00fa Caracolada - Can Fain\u00e9","description":"Men\u00fa de caracoladas, caracoles a la llauna o caracoles de Boades en un men\u00fa con una parrillada de carnes, jarrete de ternera o pescado","robots":{"index":"index","follow":"follow","max-snippet":"max-snippet:-1","max-image-preview":"max-image-preview:large","max-video-preview":"max-video-preview:-1"},"canonical":"https:\/\/www.canfaine.com\/es\/restaurante\/menu\/caracoladas\/","og_locale":"es_ES","og_type":"article","og_title":"Men\u00fa Caracolada - Can Fain\u00e9","og_description":"Men\u00fa de caracoladas, caracoles a la llauna o caracoles de Boades en un men\u00fa con una parrillada de carnes, jarrete de ternera o pescado","og_url":"https:\/\/www.canfaine.com\/es\/restaurante\/menu\/caracoladas\/","og_site_name":"Can Fain\u00e9","article_publisher":"https:\/\/www.facebook.com\/Restaurant-Can-Faine-211169275571050\/?ref=br_rs","article_modified_time":"2021-09-28T03:34:05+00:00","twitter_card":"summary_large_image","twitter_misc":{"Tiempo de lectura":"1 minuto"},"schema":{"@context":"https:\/\/schema.org","@graph":[{"@type":"WebPage","@id":"https:\/\/www.canfaine.com\/es\/restaurante\/menu\/caracoladas\/","url":"https:\/\/www.canfaine.com\/es\/restaurante\/menu\/caracoladas\/","name":"Men\u00fa Caracolada - Can Fain\u00e9","isPartOf":{"@id":"https:\/\/www.canfaine.com\/es\/#website"},"datePublished":"2021-09-17T17:28:13+00:00","dateModified":"2021-09-28T03:34:05+00:00","description":"Men\u00fa de caracoladas, caracoles a la llauna o caracoles de Boades en un men\u00fa con una parrillada de carnes, jarrete de ternera o pescado","breadcrumb":{"@id":"https:\/\/www.canfaine.com\/es\/restaurante\/menu\/caracoladas\/#breadcrumb"},"inLanguage":"es","potentialAction":[{"@type":"ReadAction","target":["https:\/\/www.canfaine.com\/es\/restaurante\/menu\/caracoladas\/"]}]},{"@type":"BreadcrumbList","@id":"https:\/\/www.canfaine.com\/es\/restaurante\/menu\/caracoladas\/#breadcrumb","itemListElement":[{"@type":"ListItem","position":1,"name":"Portada","item":"https:\/\/www.canfaine.com\/es\/"},{"@type":"ListItem","position":2,"name":"Restaurante","item":"https:\/\/www.canfaine.com\/es\/restaurante\/"},{"@type":"ListItem","position":3,"name":"Men\u00fas","item":"https:\/\/www.canfaine.com\/es\/restaurante\/menu\/"},{"@type":"ListItem","position":4,"name":"Men\u00fa Caracolada"}]},{"@type":"WebSite","@id":"https:\/\/www.canfaine.com\/es\/#website","url":"https:\/\/www.canfaine.com\/es\/","name":"Can Fain\u00e9","description":"Turisme Rural i Restaurant","publisher":{"@id":"https:\/\/www.canfaine.com\/es\/#organization"},"potentialAction":[{"@type":"SearchAction","target":{"@type":"EntryPoint","urlTemplate":"https:\/\/www.canfaine.com\/es\/?s={search_term_string}"},"query-input":"required name=search_term_string"}],"inLanguage":"es"},{"@type":"Organization","@id":"https:\/\/www.canfaine.com\/es\/#organization","name":"Cal Fain\u00e9 Boades SL","url":"https:\/\/www.canfaine.com\/es\/","logo":{"@type":"ImageObject","inLanguage":"es","@id":"https:\/\/www.canfaine.com\/es\/#\/schema\/logo\/image\/","url":"https:\/\/canfaine.com\/wp-content\/uploads\/2018\/01\/logo3-1.png","contentUrl":"https:\/\/canfaine.com\/wp-content\/uploads\/2018\/01\/logo3-1.png","width":300,"height":198,"caption":"Cal Fain\u00e9 Boades SL"},"image":{"@id":"https:\/\/www.canfaine.com\/es\/#\/schema\/logo\/image\/"},"sameAs":["https:\/\/www.facebook.com\/Restaurant-Can-Faine-211169275571050\/?ref=br_rs"]}]}},"jetpack_sharing_enabled":true,"jetpack_shortlink":"https:\/\/wp.me\/PdqzQQ-nC","jetpack-related-posts":[{"id":484,"url":"https:\/\/www.canfaine.com\/es\/restaurante\/menu\/","url_meta":{"origin":1464,"position":0},"title":"Men\u00fas","date":"14\/05\/2018","format":false,"excerpt":"[vc_row][vc_column][vc_custom_heading text=\"Men\u00fas del Restaurante\" font_container=\"tag:h2|text_align:center|color:%2320ccc6\" google_fonts=\"font_family:Cinzel%3Aregular%2C700%2C900|font_style:400%20regular%3A400%3Anormal\"][\/vc_column][\/vc_row][vc_row][vc_column][vc_column_text] Men\u00fas para celebraciones y eventos familiares o de empresa en el restaurante y turismo rural Can Fain\u00e9; Men\u00fa diario, men\u00fa de fin de semana y otros men\u00fas para fechas especiales: Men\u00fas para la \u00e9poca de Cal\u00e7otades, xatonades, caracoladas, y comidas Familiares y de Hermandad.\u2026","rel":"","context":"Entrada similar","img":{"alt_text":"","src":"","width":0,"height":0},"classes":[]},{"id":1655,"url":"https:\/\/www.canfaine.com\/es\/restaurante\/restaurante-con-terraza\/","url_meta":{"origin":1464,"position":1},"title":"Restaurante con terraza","date":"06\/10\/2021","format":false,"excerpt":"[vc_row][vc_column][vc_custom_heading text=\"Restaurante con terraza\" font_container=\"tag:h1|text_align:left|color:%2320ccc6\" google_fonts=\"font_family:Cinzel%3Aregular%2C700%2C900|font_style:400%20regular%3A400%3Anormal\"][\/vc_column][\/vc_row][vc_row][vc_column][vc_custom_heading text=\"Restaurante con terraza cerca de Montserrat, Manresa, Tarrasa y Sabadell\" font_container=\"tag:h2|text_align:center\" google_fonts=\"font_family:Cinzel%3Aregular%2C700%2C900|font_style:400%20regular%3A400%3Anormal\"][vc_column_text]Si quiere ir a comer a un restaurante con terraza cerca de Manresa, Montserrat, Sabadell o Terrassa, en Can Fain\u00e9 encontrar\u00e1 un ambiente ideal para comer al aire libre. Can Fain\u00e9 es un\u2026","rel":"","context":"Entrada similar","img":{"alt_text":"","src":"","width":0,"height":0},"classes":[]},{"id":1460,"url":"https:\/\/www.canfaine.com\/es\/restaurante\/menu\/xatonada\/","url_meta":{"origin":1464,"position":2},"title":"Men\u00fa Xatonada","date":"17\/09\/2021","format":false,"excerpt":"[vc_row][vc_column][vc_custom_heading text=\"Men\u00fa de Xatonada\" font_container=\"tag:h2|text_align:center\" google_fonts=\"font_family:Cinzel%3Aregular%2C700%2C900|font_style:400%20regular%3A400%3Anormal\"][\/vc_column][\/vc_row][vc_row][vc_column][vc_column_text] PRIMEROS XATONADA Ensalada de escarola con anchoas, bacalao, tomate, aceitunas y salsa de xatonada con frutos secos \u00a0 SEGUNDOS Parrillada de cinco carnes con guarnici\u00f3n de temporada Jarrete de ternera con setas Pescado seg\u00fan mercado - - - - Tostadas de pan con tomate\u2026","rel":"","context":"Entrada similar","img":{"alt_text":"","src":"","width":0,"height":0},"classes":[]},{"id":1437,"url":"https:\/\/www.canfaine.com\/es\/restaurante\/menu\/diario\/","url_meta":{"origin":1464,"position":3},"title":"Men\u00fa diario","date":"17\/09\/2021","format":false,"excerpt":"[vc_row][vc_column][vc_custom_heading text=\"Men\u00fa diario - Comidas\" font_container=\"tag:h2|text_align:center\" google_fonts=\"font_family:Cinzel%3Aregular%2C700%2C900|font_style:400%20regular%3A400%3Anormal\"][\/vc_column][\/vc_row][vc_row][vc_column][vc_column_text] De lunes a viernes no festivos, les ofrecemos nuestro men\u00fa diario El Men\u00fa diario del Restaurante Can Fain\u00e9 se elabora con productos frescos de nuestros proveedores de confianza as\u00ed como con la producci\u00f3n del huerto del propio restaurante. Men\u00fa diario de ejemplo Primeros\u2026","rel":"","context":"Entrada similar","img":{"alt_text":"","src":"","width":0,"height":0},"classes":[]},{"id":1453,"url":"https:\/\/www.canfaine.com\/es\/restaurante\/menu\/calcotada\/","url_meta":{"origin":1464,"position":4},"title":"Men\u00fa Cal\u00e7otada","date":"17\/09\/2021","format":false,"excerpt":"[vc_row][vc_column][vc_custom_heading text=\"Men\u00fa ``Cal\u00e7otada``\" font_container=\"tag:h2|text_align:center\" google_fonts=\"font_family:Cinzel%3Aregular%2C700%2C900|font_style:400%20regular%3A400%3Anormal\"][\/vc_column][\/vc_row][vc_row][vc_column width=\"1\/2\"][vc_column_text] CAL\u00c7OTADA BAGES Entrantes para picar \u00a0 PRIMEROS (a escoger) CAL\u00c7OTS asados con le\u00f1a, Salsa romesco + baberos y guantes \u00a0 \u00a0 \u00a0 \u00a0 SEGUNDOS (a escoger) Parrillada a escoger: A) Butifarra Blanca extra de pay\u00e9s y butifarra negra B) Pollo y cordero a la\u2026","rel":"","context":"Entrada similar","img":{"alt_text":"","src":"","width":0,"height":0},"classes":[]},{"id":1447,"url":"https:\/\/www.canfaine.com\/es\/restaurante\/menu\/fin-de-semana\/","url_meta":{"origin":1464,"position":5},"title":"Men\u00fa de fin de semana","date":"17\/09\/2021","format":false,"excerpt":"[vc_row][vc_column width=\"1\/2\"][vc_custom_heading text=\"LA MINI CARTA DE 21.82 \u20ac + IVA (10 % ) = 24,00\u20ac S\u00f3lo mediod\u00eda\" font_container=\"tag:h2|text_align:center\" google_fonts=\"font_family:Cinzel%3Aregular%2C700%2C900|font_style:400%20regular%3A400%3Anormal\"][vc_column_text]Este men\u00fa no esta actualizado, es una muestra de la composici\u00f3n y de nuestros platos ENTREMESES Xips, aceitunas y longaniza PRIMEROS Ensalada del huerto con esp\u00e1rragos, huevo duro, queso, pasas y semillas\u2026","rel":"","context":"Entrada similar","img":{"alt_text":"","src":"","width":0,"height":0},"classes":[]}],"jetpack_likes_enabled":true,"_links":{"self":[{"href":"https:\/\/www.canfaine.com\/es\/wp-json\/wp\/v2\/pages\/1464"}],"collection":[{"href":"https:\/\/www.canfaine.com\/es\/wp-json\/wp\/v2\/pages"}],"about":[{"href":"https:\/\/www.canfaine.com\/es\/wp-json\/wp\/v2\/types\/page"}],"author":[{"embeddable":true,"href":"https:\/\/www.canfaine.com\/es\/wp-json\/wp\/v2\/users\/4"}],"replies":[{"embeddable":true,"href":"https:\/\/www.canfaine.com\/es\/wp-json\/wp\/v2\/comments?post=1464"}],"version-history":[{"count":0,"href":"https:\/\/www.canfaine.com\/es\/wp-json\/wp\/v2\/pages\/1464\/revisions"}],"up":[{"embeddable":true,"href":"https:\/\/www.canfaine.com\/es\/wp-json\/wp\/v2\/pages\/484"}],"wp:attachment":[{"href":"https:\/\/www.canfaine.com\/es\/wp-json\/wp\/v2\/media?parent=1464"}],"curies":[{"name":"wp","href":"https:\/\/api.w.org\/{rel}","templated":true}]}}