{"id":1675,"date":"2021-10-06T08:41:28","date_gmt":"2021-10-06T06:41:28","guid":{"rendered":"https:\/\/www.canfaine.com\/?page_id=1675"},"modified":"2021-10-06T17:43:53","modified_gmt":"2021-10-06T15:43:53","slug":"restaurante-para-cenas-de-empresa","status":"publish","type":"page","link":"https:\/\/www.canfaine.com\/es\/restaurante\/restaurante-para-cenas-de-empresa\/","title":{"rendered":"Restaurante para cenas de empresa"},"content":{"rendered":"<p>[vc_row][vc_column]<style type=\"text\/css\" data-type=\"the7_shortcodes-inline-css\">.dt-breadcrumbs-id-1 .breadcrumbs {\n  display: inline-block;\n  margin: 0;\n  padding: 2px 10px 2px 10px;\n  border: 0px solid ;\n  border-radius: 0px;\n}\n.dt-breadcrumbs-id-1 .breadcrumbs * {\n  font-style: ;\n  font-weight: ;\n  text-transform: ;\n  color: #a2a5a6;\n}\n<\/style><div class=\"dt-breadcrumbs-shortcode dt-breadcrumbs-id-1 align-left\"><div class=\"assistive-text\">Est\u00e1s aqu\u00ed:<\/div><ol class=\"breadcrumbs text-small\" xmlns:v=\"http:\/\/rdf.data-vocabulary.org\/#\"><li typeof=\"v:Breadcrumb\"><a rel=\"v:url\" property=\"v:title\" href=\"https:\/\/www.canfaine.com\/es\/\/\" title=\"\">Inicio<\/a><\/li><li class=\"current\">P\u00e1gina<\/li><\/ol><\/div>[vc_custom_heading text=\u00bbRestaurante para cenas de empresa\u00bb font_container=\u00bbtag:h1|text_align:left|color:%2320ccc6&#8243; google_fonts=\u00bbfont_family:Cinzel%3Aregular%2C700%2C900|font_style:400%20regular%3A400%3Anormal\u00bb][\/vc_column][\/vc_row][vc_row][vc_column][vc_custom_heading text=\u00bbSi busca un restaurante para cenas de empresa tiene que conocer Can Fain\u00e9\u00bb google_fonts=\u00bbfont_family:Cinzel%3Aregular%2C700%2C900|font_style:400%20regular%3A400%3Anormal\u00bb][vc_column_text]Can Fain\u00e9 es id\u00f3neo como restaurante para cenas de empresa. Puesto que a parte de las bondades de los platos de cocina tradicional catalana y mediterr\u00e1nea que preparamos. con ingredientes del huerto del restaurante, productos de proximidad, y finalmente los ingredientes ue nos facilitan proveedores de m\u00e1xima confianza. Y dejando tambi\u00e9n de lado los vinos, cavas, y licores que puede encontrar en nuestra carta.<\/p>\n<p>Las posibilidades poco habituales que ofrece el restaurante para cenas de empresa Can Fain\u00e9, lo convierten en un espacio muy atractivo para este tipo de celebraciones.<\/p>\n<p>En Can Fain\u00e9 podr\u00e1 cenar comodamente, y disfrutar de una velada inolvidable.[\/vc_column_text][\/vc_column][\/vc_row][vc_row][vc_column][vc_custom_heading text=\u00bbLos comedores del restaurante para cenas de empresa\u00bb google_fonts=\u00bbfont_family:Cinzel%3Aregular%2C700%2C900|font_style:400%20regular%3A400%3Anormal\u00bb][vc_column_text]En el restaurante hay varios comedores de capacidades tambi\u00e9n variables. Desde el comedor para banquetes, con capacidad para 80 personas, hasta el comedor m\u00e1s \u00edntimo, en el que pueden comer grupos entre 6 y 10 personas. Lo que hace que Can Fain\u00e9 sea una opci\u00f3n a tener en cuenta para cenas de empresa. Independientemente de si en la empresa trabajan cinco o cincuenta personas.[\/vc_column_text][\/vc_column][\/vc_row][vc_row][vc_column][vc_custom_heading text=\u00bbComedores privados para cenas de empresa\u00bb google_fonts=\u00bbfont_family:Cinzel%3Aregular%2C700%2C900|font_style:400%20regular%3A400%3Anormal\u00bb][vc_column_text]En Can Fain\u00e9 cada grupo dispone de comedor privado, y adecuado a sus necesidades de espacio, donde, en caso de ser necesario, el mismo organizador de la cena de empresa puede instalar los elementos que considere necesarios (pantallas gigantes, megafon\u00eda para hacer parlamentos &#8230;).[\/vc_column_text][\/vc_column][\/vc_row][vc_row][vc_column][vc_custom_heading text=\u00bbPara cenar es imprescindible reservar previamente\u00bb google_fonts=\u00bbfont_family:Cinzel%3Aregular%2C700%2C900|font_style:400%20regular%3A400%3Anormal\u00bb][vc_column_text]Otro aspecto relevante que nos permite ofrecer una mayor comodidad durante la celebraci\u00f3n de cenas de empresa, es que habitualmente el Restaurante Can Fain\u00e9 s\u00f3lo abre al mediod\u00eda. Por lo que para cenar en el restaurante es preciso reservar previamente. Una particularidad que convierte el restaurante en una opci\u00f3n m\u00e1s exclusiva, ya que los grupos disponen de una privacidad, una atenci\u00f3n, y una eficiencia en el servicio, que habitualmente no se dan pero se agradecen. Puesto que implican una mayor calidad en la atenci\u00f3n recibida.[\/vc_column_text][\/vc_column][\/vc_row][vc_row][vc_column][vc_custom_heading text=\u00bbAgroturismo y restaurante para cenas de empresa\u00bb google_fonts=\u00bbfont_family:Cinzel%3Aregular%2C700%2C900|font_style:400%20regular%3A400%3Anormal\u00bb][vc_column_text]Otra de las caracter\u00edsticas que hacen que Can Fain\u00e9 sea interesante para cenas de empresa, es que al ser una mas\u00eda de turismo rural, adem\u00e1s de la cena de empresa. Si en previsi\u00f3n de que la cena y la correspondiente celebraci\u00f3n puedan terminar muy tarde, o se considere oportuno para garantizar la seguridad de los asistentes. Adem\u00e1s del restaurante, y en caso de que est\u00e9 disponible, se puede reservar el <a href=\"https:\/\/www.canfaine.com\/es\/turismo-rural\/\" target=\"_blank\" rel=\"noopener\">alojamiento de turismo rural<\/a>. Las viviendas de agroturismo de Can Fain\u00e9 tienen capacidad para 22 personas, y dan derecho a utilizar otros servicios del restaurante. Entre ellos, la sala de juegos, donde su caso se puede hacer un poco de fiesta, y la piscina (durante los meses c\u00e1lidos del a\u00f1o).<\/p>\n<p>En lo relativo a los platos que encontrar\u00e1 en Can Fain\u00e9 si busca un restaurante para cenas de empresa. Adem\u00e1s incluidos en la carta, podemos ofrecer los men\u00fas especiales que se pueden consultar en esta p\u00e1gina, as\u00ed como elaborar men\u00fas personalizados o con alternativas de platos, espec\u00edficamente para las cenas de empresa que lo solicitan.<\/p>\n<p>Can Fain\u00e9 es un restaurante para cenas de empresa que se encuentra en <a href=\"https:\/\/www.svc.cat\/\" target=\"_blank\" rel=\"noopener\">Sant Vicen\u00e7 de Castellet<\/a>, y la proximidad con Manresa, Tarrasa y Sabadell, hace que sea habitual que empresas de estas localidades y sus alrededores acudan a nuestro restaurante para celebrar sus cenas de empresa.[\/vc_column_text][\/vc_column][\/vc_row]<\/p>\n","protected":false},"excerpt":{"rendered":"<p>[vc_row][vc_column][vc_custom_heading text=\u00bbRestaurante para cenas de empresa\u00bb font_container=\u00bbtag:h1|text_align:left|color:%2320ccc6&#8243; google_fonts=\u00bbfont_family:Cinzel%3Aregular%2C700%2C900|font_style:400%20regular%3A400%3Anormal\u00bb][\/vc_column][\/vc_row][vc_row][vc_column][vc_custom_heading text=\u00bbSi busca un restaurante para cenas de empresa tiene que conocer Can Fain\u00e9\u00bb google_fonts=\u00bbfont_family:Cinzel%3Aregular%2C700%2C900|font_style:400%20regular%3A400%3Anormal\u00bb][vc_column_text]Can Fain\u00e9 es id\u00f3neo como restaurante para cenas de empresa. Puesto que a parte de las bondades de los platos de cocina tradicional catalana y mediterr\u00e1nea que preparamos. con ingredientes del huerto del restaurante,&hellip;<\/p>\n","protected":false},"author":4,"featured_media":0,"parent":477,"menu_order":0,"comment_status":"closed","ping_status":"closed","template":"","meta":[],"yoast_head":"<!-- This site is optimized with the Yoast SEO plugin v19.13 - https:\/\/yoast.com\/wordpress\/plugins\/seo\/ -->\n<title>Restaurante para cenas de empresa - Can Fain\u00e9<\/title>\n<meta name=\"description\" content=\"Si busca un restaurante para cenas de empresa En Can Fain\u00e9 podr\u00e1 cenar comodamente, y disfrutar de una velada inolvidable.\" \/>\n<meta name=\"robots\" content=\"index, follow, max-snippet:-1, max-image-preview:large, max-video-preview:-1\" \/>\n<link rel=\"canonical\" href=\"https:\/\/www.canfaine.com\/es\/restaurante\/restaurante-para-cenas-de-empresa\/\" \/>\n<meta property=\"og:locale\" content=\"es_ES\" \/>\n<meta property=\"og:type\" content=\"article\" \/>\n<meta property=\"og:title\" content=\"Restaurante para cenas de empresa - Can Fain\u00e9\" \/>\n<meta property=\"og:description\" content=\"Si busca un restaurante para cenas de empresa En Can Fain\u00e9 podr\u00e1 cenar comodamente, y disfrutar de una velada inolvidable.\" \/>\n<meta property=\"og:url\" content=\"https:\/\/www.canfaine.com\/es\/restaurante\/restaurante-para-cenas-de-empresa\/\" \/>\n<meta property=\"og:site_name\" content=\"Can Fain\u00e9\" \/>\n<meta property=\"article:publisher\" content=\"https:\/\/www.facebook.com\/Restaurant-Can-Faine-211169275571050\/?ref=br_rs\" \/>\n<meta property=\"article:modified_time\" content=\"2021-10-06T15:43:53+00:00\" \/>\n<meta name=\"twitter:card\" content=\"summary_large_image\" \/>\n<meta name=\"twitter:label1\" content=\"Tiempo de lectura\" \/>\n\t<meta name=\"twitter:data1\" content=\"3 minutos\" \/>\n<script type=\"application\/ld+json\" class=\"yoast-schema-graph\">{\"@context\":\"https:\/\/schema.org\",\"@graph\":[{\"@type\":\"WebPage\",\"@id\":\"https:\/\/www.canfaine.com\/es\/restaurante\/restaurante-para-cenas-de-empresa\/\",\"url\":\"https:\/\/www.canfaine.com\/es\/restaurante\/restaurante-para-cenas-de-empresa\/\",\"name\":\"Restaurante para cenas de empresa - Can Fain\u00e9\",\"isPartOf\":{\"@id\":\"https:\/\/www.canfaine.com\/es\/#website\"},\"datePublished\":\"2021-10-06T06:41:28+00:00\",\"dateModified\":\"2021-10-06T15:43:53+00:00\",\"description\":\"Si busca un restaurante para cenas de empresa En Can Fain\u00e9 podr\u00e1 cenar comodamente, y disfrutar de una velada inolvidable.\",\"breadcrumb\":{\"@id\":\"https:\/\/www.canfaine.com\/es\/restaurante\/restaurante-para-cenas-de-empresa\/#breadcrumb\"},\"inLanguage\":\"es\",\"potentialAction\":[{\"@type\":\"ReadAction\",\"target\":[\"https:\/\/www.canfaine.com\/es\/restaurante\/restaurante-para-cenas-de-empresa\/\"]}]},{\"@type\":\"BreadcrumbList\",\"@id\":\"https:\/\/www.canfaine.com\/es\/restaurante\/restaurante-para-cenas-de-empresa\/#breadcrumb\",\"itemListElement\":[{\"@type\":\"ListItem\",\"position\":1,\"name\":\"Portada\",\"item\":\"https:\/\/www.canfaine.com\/es\/\"},{\"@type\":\"ListItem\",\"position\":2,\"name\":\"Restaurante\",\"item\":\"https:\/\/www.canfaine.com\/es\/restaurante\/\"},{\"@type\":\"ListItem\",\"position\":3,\"name\":\"Restaurante para cenas de empresa\"}]},{\"@type\":\"WebSite\",\"@id\":\"https:\/\/www.canfaine.com\/es\/#website\",\"url\":\"https:\/\/www.canfaine.com\/es\/\",\"name\":\"Can Fain\u00e9\",\"description\":\"Turisme Rural i Restaurant\",\"publisher\":{\"@id\":\"https:\/\/www.canfaine.com\/es\/#organization\"},\"potentialAction\":[{\"@type\":\"SearchAction\",\"target\":{\"@type\":\"EntryPoint\",\"urlTemplate\":\"https:\/\/www.canfaine.com\/es\/?s={search_term_string}\"},\"query-input\":\"required name=search_term_string\"}],\"inLanguage\":\"es\"},{\"@type\":\"Organization\",\"@id\":\"https:\/\/www.canfaine.com\/es\/#organization\",\"name\":\"Cal Fain\u00e9 Boades SL\",\"url\":\"https:\/\/www.canfaine.com\/es\/\",\"logo\":{\"@type\":\"ImageObject\",\"inLanguage\":\"es\",\"@id\":\"https:\/\/www.canfaine.com\/es\/#\/schema\/logo\/image\/\",\"url\":\"https:\/\/canfaine.com\/wp-content\/uploads\/2018\/01\/logo3-1.png\",\"contentUrl\":\"https:\/\/canfaine.com\/wp-content\/uploads\/2018\/01\/logo3-1.png\",\"width\":300,\"height\":198,\"caption\":\"Cal Fain\u00e9 Boades SL\"},\"image\":{\"@id\":\"https:\/\/www.canfaine.com\/es\/#\/schema\/logo\/image\/\"},\"sameAs\":[\"https:\/\/www.facebook.com\/Restaurant-Can-Faine-211169275571050\/?ref=br_rs\"]}]}<\/script>\n<!-- \/ Yoast SEO plugin. -->","yoast_head_json":{"title":"Restaurante para cenas de empresa - Can Fain\u00e9","description":"Si busca un restaurante para cenas de empresa En Can Fain\u00e9 podr\u00e1 cenar comodamente, y disfrutar de una velada inolvidable.","robots":{"index":"index","follow":"follow","max-snippet":"max-snippet:-1","max-image-preview":"max-image-preview:large","max-video-preview":"max-video-preview:-1"},"canonical":"https:\/\/www.canfaine.com\/es\/restaurante\/restaurante-para-cenas-de-empresa\/","og_locale":"es_ES","og_type":"article","og_title":"Restaurante para cenas de empresa - Can Fain\u00e9","og_description":"Si busca un restaurante para cenas de empresa En Can Fain\u00e9 podr\u00e1 cenar comodamente, y disfrutar de una velada inolvidable.","og_url":"https:\/\/www.canfaine.com\/es\/restaurante\/restaurante-para-cenas-de-empresa\/","og_site_name":"Can Fain\u00e9","article_publisher":"https:\/\/www.facebook.com\/Restaurant-Can-Faine-211169275571050\/?ref=br_rs","article_modified_time":"2021-10-06T15:43:53+00:00","twitter_card":"summary_large_image","twitter_misc":{"Tiempo de lectura":"3 minutos"},"schema":{"@context":"https:\/\/schema.org","@graph":[{"@type":"WebPage","@id":"https:\/\/www.canfaine.com\/es\/restaurante\/restaurante-para-cenas-de-empresa\/","url":"https:\/\/www.canfaine.com\/es\/restaurante\/restaurante-para-cenas-de-empresa\/","name":"Restaurante para cenas de empresa - Can Fain\u00e9","isPartOf":{"@id":"https:\/\/www.canfaine.com\/es\/#website"},"datePublished":"2021-10-06T06:41:28+00:00","dateModified":"2021-10-06T15:43:53+00:00","description":"Si busca un restaurante para cenas de empresa En Can Fain\u00e9 podr\u00e1 cenar comodamente, y disfrutar de una velada inolvidable.","breadcrumb":{"@id":"https:\/\/www.canfaine.com\/es\/restaurante\/restaurante-para-cenas-de-empresa\/#breadcrumb"},"inLanguage":"es","potentialAction":[{"@type":"ReadAction","target":["https:\/\/www.canfaine.com\/es\/restaurante\/restaurante-para-cenas-de-empresa\/"]}]},{"@type":"BreadcrumbList","@id":"https:\/\/www.canfaine.com\/es\/restaurante\/restaurante-para-cenas-de-empresa\/#breadcrumb","itemListElement":[{"@type":"ListItem","position":1,"name":"Portada","item":"https:\/\/www.canfaine.com\/es\/"},{"@type":"ListItem","position":2,"name":"Restaurante","item":"https:\/\/www.canfaine.com\/es\/restaurante\/"},{"@type":"ListItem","position":3,"name":"Restaurante para cenas de empresa"}]},{"@type":"WebSite","@id":"https:\/\/www.canfaine.com\/es\/#website","url":"https:\/\/www.canfaine.com\/es\/","name":"Can Fain\u00e9","description":"Turisme Rural i Restaurant","publisher":{"@id":"https:\/\/www.canfaine.com\/es\/#organization"},"potentialAction":[{"@type":"SearchAction","target":{"@type":"EntryPoint","urlTemplate":"https:\/\/www.canfaine.com\/es\/?s={search_term_string}"},"query-input":"required name=search_term_string"}],"inLanguage":"es"},{"@type":"Organization","@id":"https:\/\/www.canfaine.com\/es\/#organization","name":"Cal Fain\u00e9 Boades SL","url":"https:\/\/www.canfaine.com\/es\/","logo":{"@type":"ImageObject","inLanguage":"es","@id":"https:\/\/www.canfaine.com\/es\/#\/schema\/logo\/image\/","url":"https:\/\/canfaine.com\/wp-content\/uploads\/2018\/01\/logo3-1.png","contentUrl":"https:\/\/canfaine.com\/wp-content\/uploads\/2018\/01\/logo3-1.png","width":300,"height":198,"caption":"Cal Fain\u00e9 Boades SL"},"image":{"@id":"https:\/\/www.canfaine.com\/es\/#\/schema\/logo\/image\/"},"sameAs":["https:\/\/www.facebook.com\/Restaurant-Can-Faine-211169275571050\/?ref=br_rs"]}]}},"jetpack_sharing_enabled":true,"jetpack_shortlink":"https:\/\/wp.me\/PdqzQQ-r1","jetpack-related-posts":[{"id":1850,"url":"https:\/\/www.canfaine.com\/es\/restaurante\/menu\/menus-de-empresa\/","url_meta":{"origin":1675,"position":0},"title":"Men\u00fas de empresa","date":"29\/11\/2021","format":false,"excerpt":"[vc_row][vc_column][vc_custom_heading text=\"Men\u00fas de empresa\" font_container=\"tag:h2|text_align:center\" google_fonts=\"font_family:Cinzel%3Aregular%2C700%2C900|font_style:400%20regular%3A400%3Anormal\"][\/vc_column][\/vc_row][vc_row][vc_column][vc_column_text] Los men\u00fas de empresa de Can Fain\u00e9 est\u00e1n disponibles durante todo el a\u00f1o. Los men\u00fas de empresa de Can Fain\u00e9, no s\u00f3lo est\u00e1n disponibles durante la \u00e9poca m\u00e1s habitual de comidas y cenas de empresa. Que al celebrarse las cenas de Navidad, son los\u2026","rel":"","context":"Entrada similar","img":{"alt_text":"","src":"","width":0,"height":0},"classes":[]},{"id":1813,"url":"https:\/\/www.canfaine.com\/es\/restaurante\/restaurante-de-menu\/","url_meta":{"origin":1675,"position":1},"title":"Restaurante de men\u00fa","date":"09\/11\/2021","format":false,"excerpt":"[vc_row][vc_column][vc_custom_heading text=\"Restaurante de men\u00fa diario\" font_container=\"tag:h1|text_align:left|color:%2320ccc6\" google_fonts=\"font_family:Cinzel%3Aregular%2C700%2C900|font_style:400%20regular%3A400%3Anormal\"][\/vc_column][\/vc_row][vc_row][vc_column][vc_custom_heading text=\"Restaurante de Men\u00fa con platos de cocina tradicional y cocina de mercado, en Sant Vicen\u00e7 de Castellet, el Bages. Men\u00fa diario en un restaurante con terraza.\" google_fonts=\"font_family:Cinzel%3Aregular%2C700%2C900|font_style:400%20regular%3A400%3Anormal\"][vc_empty_space][vc_custom_heading text=\"Restaurante de men\u00fa diario, de lunes a viernes al mediod\u00eda\" font_container=\"tag:h3|text_align:center\" google_fonts=\"font_family:Cinzel%3Aregular%2C700%2C900|font_style:400%20regular%3A400%3Anormal\"][vc_column_text]De lunes a viernes al\u2026","rel":"","context":"Entrada similar","img":{"alt_text":"","src":"","width":0,"height":0},"classes":[]},{"id":1655,"url":"https:\/\/www.canfaine.com\/es\/restaurante\/restaurante-con-terraza\/","url_meta":{"origin":1675,"position":2},"title":"Restaurante con terraza","date":"06\/10\/2021","format":false,"excerpt":"[vc_row][vc_column][vc_custom_heading text=\"Restaurante con terraza\" font_container=\"tag:h1|text_align:left|color:%2320ccc6\" google_fonts=\"font_family:Cinzel%3Aregular%2C700%2C900|font_style:400%20regular%3A400%3Anormal\"][\/vc_column][\/vc_row][vc_row][vc_column][vc_custom_heading text=\"Restaurante con terraza cerca de Montserrat, Manresa, Tarrasa y Sabadell\" font_container=\"tag:h2|text_align:center\" google_fonts=\"font_family:Cinzel%3Aregular%2C700%2C900|font_style:400%20regular%3A400%3Anormal\"][vc_column_text]Si quiere ir a comer a un restaurante con terraza cerca de Manresa, Montserrat, Sabadell o Terrassa, en Can Fain\u00e9 encontrar\u00e1 un ambiente ideal para comer al aire libre. Can Fain\u00e9 es un\u2026","rel":"","context":"Entrada similar","img":{"alt_text":"","src":"","width":0,"height":0},"classes":[]},{"id":1410,"url":"https:\/\/www.canfaine.com\/es\/restaurante\/carta\/","url_meta":{"origin":1675,"position":3},"title":"Carta","date":"16\/09\/2021","format":false,"excerpt":"[vc_row][vc_column][vc_custom_heading text=\"Carta\" font_container=\"tag:h2|text_align:center|color:%23c08b4d\" google_fonts=\"font_family:Cinzel%3Aregular%2C700%2C900|font_style:400%20regular%3A400%3Anormal\"][\/vc_column][vc_column][vc_column_text] Si est\u00e1s buscando un restaurante para comer a la carta en el Bages, cerca de la monta\u00f1a de Montserrat, Sabadell, Terrassa o Manresa. Y rodeado de naturaleza. Descubre Can Fain\u00e9. Ven al Restaurante Can Fain\u00e9, y disfruta de nuestra carta de platos elaborados con ingredientes naturales,\u2026","rel":"","context":"Entrada similar","img":{"alt_text":"","src":"","width":0,"height":0},"classes":[]},{"id":484,"url":"https:\/\/www.canfaine.com\/es\/restaurante\/menu\/","url_meta":{"origin":1675,"position":4},"title":"Men\u00fas","date":"14\/05\/2018","format":false,"excerpt":"[vc_row][vc_column][vc_custom_heading text=\"Men\u00fas del Restaurante\" font_container=\"tag:h2|text_align:center|color:%2320ccc6\" google_fonts=\"font_family:Cinzel%3Aregular%2C700%2C900|font_style:400%20regular%3A400%3Anormal\"][\/vc_column][\/vc_row][vc_row][vc_column][vc_column_text] Men\u00fas para celebraciones y eventos familiares o de empresa en el restaurante y turismo rural Can Fain\u00e9; Men\u00fa diario, men\u00fa de fin de semana y otros men\u00fas para fechas especiales: Men\u00fas para la \u00e9poca de Cal\u00e7otades, xatonades, caracoladas, y comidas Familiares y de Hermandad.\u2026","rel":"","context":"Entrada similar","img":{"alt_text":"","src":"","width":0,"height":0},"classes":[]},{"id":1689,"url":"https:\/\/www.canfaine.com\/es\/restaurante\/restaurante-para-celebraciones\/","url_meta":{"origin":1675,"position":5},"title":"Restaurante para celebraciones","date":"06\/10\/2021","format":false,"excerpt":"[vc_row][vc_column][vc_custom_heading text=\"Restaurante para celebraciones\" font_container=\"tag:h1|text_align:left|color:%2320ccc6\" google_fonts=\"font_family:Cinzel%3Aregular%2C700%2C900|font_style:400%20regular%3A400%3Anormal\"][\/vc_column][\/vc_row][vc_row][vc_column][vc_custom_heading text=\"Restaurante para celebraciones de cumplea\u00f1os, bautizos, comuniones, despedidas de soltero...\" font_container=\"tag:h2|text_align:center\" google_fonts=\"font_family:Cinzel%3Aregular%2C700%2C900|font_style:400%20regular%3A400%3Anormal\"][vc_column_text]Can Fain\u00e9 es un restaurante para celebraciones, en el que se pueden disfrutar las comidas en fechas se\u00f1aladas durante todo el a\u00f1o. Ya sean las cal\u00e7otades, y xatonades de principio de a\u00f1o, o\u2026","rel":"","context":"Entrada similar","img":{"alt_text":"","src":"","width":0,"height":0},"classes":[]}],"jetpack_likes_enabled":true,"_links":{"self":[{"href":"https:\/\/www.canfaine.com\/es\/wp-json\/wp\/v2\/pages\/1675"}],"collection":[{"href":"https:\/\/www.canfaine.com\/es\/wp-json\/wp\/v2\/pages"}],"about":[{"href":"https:\/\/www.canfaine.com\/es\/wp-json\/wp\/v2\/types\/page"}],"author":[{"embeddable":true,"href":"https:\/\/www.canfaine.com\/es\/wp-json\/wp\/v2\/users\/4"}],"replies":[{"embeddable":true,"href":"https:\/\/www.canfaine.com\/es\/wp-json\/wp\/v2\/comments?post=1675"}],"version-history":[{"count":0,"href":"https:\/\/www.canfaine.com\/es\/wp-json\/wp\/v2\/pages\/1675\/revisions"}],"up":[{"embeddable":true,"href":"https:\/\/www.canfaine.com\/es\/wp-json\/wp\/v2\/pages\/477"}],"wp:attachment":[{"href":"https:\/\/www.canfaine.com\/es\/wp-json\/wp\/v2\/media?parent=1675"}],"curies":[{"name":"wp","href":"https:\/\/api.w.org\/{rel}","templated":true}]}}