{"id":452,"date":"2018-05-14T09:06:41","date_gmt":"2018-05-14T09:06:41","guid":{"rendered":"http:\/\/www.canfaine.com\/?page_id=452"},"modified":"2022-10-03T07:18:44","modified_gmt":"2022-10-03T05:18:44","slug":"turismo-rural","status":"publish","type":"page","link":"https:\/\/www.canfaine.com\/es\/turismo-rural\/","title":{"rendered":"Turismo Rural"},"content":{"rendered":"<p>[vc_row][vc_column]<style type=\"text\/css\" data-type=\"the7_shortcodes-inline-css\">.dt-breadcrumbs-id-1 .breadcrumbs {\n  display: inline-block;\n  margin: 0;\n  padding: 2px 10px 2px 10px;\n  border: 0px solid ;\n  border-radius: 0px;\n}\n.dt-breadcrumbs-id-1 .breadcrumbs * {\n  font-style: italic;\n  font-weight: ;\n  text-transform: ;\n  color: #a2a5a6;\n}\n<\/style><div class=\"dt-breadcrumbs-shortcode dt-breadcrumbs-id-1 align-left\"><div class=\"assistive-text\">Est\u00e1s aqu\u00ed:<\/div><ol class=\"breadcrumbs text-small\" xmlns:v=\"http:\/\/rdf.data-vocabulary.org\/#\"><li typeof=\"v:Breadcrumb\"><a rel=\"v:url\" property=\"v:title\" href=\"https:\/\/www.canfaine.com\/es\/\/\" title=\"\">Inicio<\/a><\/li><li class=\"current\">P\u00e1gina<\/li><\/ol><\/div>[vc_custom_heading text=\u00bbTurismo Rural\u00bb font_container=\u00bbtag:h2|text_align:left|color:%2320ccc6&#8243; google_fonts=\u00bbfont_family:Cinzel%3Aregular%2C700%2C900|font_style:400%20regular%3A400%3Anormal\u00bb][\/vc_column][\/vc_row][vc_row][vc_column][vc_custom_heading text=\u00bbAlojamiento des de 6 a +20 personas\u00bb font_container=\u00bbtag:h4|text_align:left|color:%23dd9933&#8243; google_fonts=\u00bbfont_family:Cinzel%3Aregular%2C700%2C900|font_style:400%20regular%3A400%3Anormal\u00bb][\/vc_column][\/vc_row][vc_row][vc_column][vc_column_text]En los alojamientos de Turismo rural, ofrecemos <strong>estancias de fin de semana,<\/strong> semanas enteras, estancias de larga duraci\u00f3n, y noches espor\u00e1dicas para viajeros y\u00a0paseantes, dirigido a\u00a0familias, grupo de amigos que hagan fiestas o encuentros as\u00ed como para empresas que hagan\u00a0coaching.<\/p>\n<p>Tambi\u00e9n pod\u00e9is disfrutar de una cal\u00e7otada en nuestro restaurante o hacerla vosotros mismos en las barbacoas que tenemos a disposici\u00f3n vuestro.(Consultadnos la disponibilidad del turismo rural y precios especiales para el\u00a0<strong>pack\u00a0de alojamiento y\u00a0cal\u00e7otadas<\/strong>.)<\/p>\n<p>El alojamiento tambi\u00e9n da derecho a la utilizaci\u00f3n de la piscina privada de la mas\u00eda, que est\u00e1 equipada con\u00a0tumbones\u00a0para tomar el sol, o estar a la sombra.<\/p>\n<p>Para los hu\u00e9spedes, tenemos un men\u00fa casero previa confirmaci\u00f3n de la comida, tambi\u00e9n disponemos de servicio de restaurante y de hostal, con men\u00fas diarios y de fin de semana, o si lo prefieren, una carta muy completa que incluye pescados y carnes en la brasa.[\/vc_column_text]\t\t<div class=\"wvt-panorama-wrapper\">\n\t\t\t<style id=\"wvt_2539_1-panorama-css\">\n\t\t\t\t#wvt_2539_1 { padding-bottom: 50%; }\n@media only screen and (max-width:768px) { \n\t\t\t\t\t#wvt_2539_1 { padding-bottom: 75%; } \n\t\t\t\t}\n@media only screen and (max-width:600px) { \n\t\t\t\t\t#wvt_2539_1 { padding-bottom: 100%; } \n\t\t\t\t}\n\t\t\t\t\t\t\t<\/style>\n\t\t\t<div id=\"wvt_2539_1\" data-id=\"2539\"\n\t\t\t\t data-sequence=\"1\" class=\"wvt-panorama\">\n\t\t\t\t<div class=\"wvt-panorama-content\"><\/div>\n\t\t\t<\/div>\n\t\t\t<script>\n\t\t\t\twindow.wvtf['wvt_2539_1'] = {\"post_id\":2539,\"option\":{\"option\":{\"title\":\"Sala de jocs\",\"type\":\"equirectangular\",\"equirectangular\":{\"id\":\"2469\",\"src\":\"https:\\\/\\\/www.canfaine.com\\\/wp-content\\\/uploads\\\/2022\\\/09\\\/sala-jocs-1.jpg\"},\"equirectangular_fallback\":{\"id\":\"2527\",\"src\":\"https:\\\/\\\/www.canfaine.com\\\/wp-content\\\/uploads\\\/2022\\\/09\\\/sala-jocs-960-1.jpg\"},\"equirectangular_external\":\"0\",\"cubemap\":{\"back\":\"\",\"bottom\":\"\",\"front\":\"\",\"left\":\"\",\"right\":\"\",\"top\":\"\"},\"coordinate\":{\"pitch\":\"-9.197715324932462\",\"yaw\":\"37.91060440720302\",\"hfov\":\"100.64316681432864\"},\"height\":{\"desktop\":\"50\",\"tablet\":\"75\",\"mobile\":\"100\"},\"autorotate\":\"0\",\"autorotate_speed\":\"2\",\"autorotate_direction\":\"clockwise\",\"compass\":\"0\",\"north\":\"0\",\"zoom\":\"1\",\"fullscreen\":\"1\",\"orientation\":\"0\",\"spotlist\":\"1\",\"enable_map\":\"1\",\"mapdimension\":\"25\",\"toolbar_scheme\":\"default\",\"mapid\":\"2535\"},\"hotspot\":[],\"tour\":[{\"key\":\"wvt-tour-key-brcqj\",\"title\":\"Acc\\u00e9s Turisme rural\",\"spot\":\"2538\",\"shape\":\"circle\",\"badge\":\"1\",\"bgcolor\":\"#ffffff\",\"width\":\"32\",\"icontype\":\"icon\",\"icon\":\"fa-arrow-circle-up\",\"iconcolor\":\"#000000\",\"iconsize\":\"40\",\"iconimage\":\"\",\"coordinate\":{\"pitch\":\"-11.622751590594945\",\"yaw\":\"-124.71801194829074\",\"hfov\":\"100\"},\"hover\":\"short\",\"hovertext\":\"Acc\\u00e9s al turisme rural\",\"hovertheme\":\"default\",\"hoverposition\":\"auto\",\"hoverminwidth\":\"50\",\"hovermaxwidth\":\"300\",\"hovercontent\":\"\"}],\"global\":{\"context\":\"Can Fain\\u00e9 Turisme rural i restaurant\",\"context_url\":\"https:\\\/\\\/www.canfaine.com\",\"load_image\":\"\",\"load_scene\":\"ball-pulse\",\"edit\":\"1\"}}};\n\t\t\t<\/script>\n\t\t<\/div>\n\t\t[vc_empty_space][\/vc_column][\/vc_row][vc_row][vc_column][vc_separator color=\u00bbcustom\u00bb style=\u00bbdotted\u00bb accent_color=\u00bb#20ccc6&#8243;][\/vc_column][\/vc_row][vc_row][vc_column width=\u00bb1\/2&#8243;][vc_single_image image=\u00bb1393&#8243; img_size=\u00bblarge\u00bb onclick=\u00bbcustom_link\u00bb link=\u00bb..\/..\/es\/turismo-rural\/faine-i\/\u00bb][\/vc_column][vc_column width=\u00bb1\/2&#8243;][vc_single_image image=\u00bb1392&#8243; img_size=\u00bblarge\u00bb onclick=\u00bbcustom_link\u00bb link=\u00bb..\/..\/es\/turismo-rural\/faine-ii\/\u00bb][\/vc_column][\/vc_row]<\/p>\n","protected":false},"excerpt":{"rendered":"<p>[vc_row][vc_column][vc_custom_heading text=\u00bbTurismo Rural\u00bb font_container=\u00bbtag:h2|text_align:left|color:%2320ccc6&#8243; google_fonts=\u00bbfont_family:Cinzel%3Aregular%2C700%2C900|font_style:400%20regular%3A400%3Anormal\u00bb][\/vc_column][\/vc_row][vc_row][vc_column][vc_custom_heading text=\u00bbAlojamiento des de 6 a +20 personas\u00bb font_container=\u00bbtag:h4|text_align:left|color:%23dd9933&#8243; google_fonts=\u00bbfont_family:Cinzel%3Aregular%2C700%2C900|font_style:400%20regular%3A400%3Anormal\u00bb][\/vc_column][\/vc_row][vc_row][vc_column][vc_column_text]En los alojamientos de Turismo rural, ofrecemos estancias de fin de semana, semanas enteras, estancias de larga duraci\u00f3n, y noches espor\u00e1dicas para viajeros y\u00a0paseantes, dirigido a\u00a0familias, grupo de amigos que hagan fiestas o encuentros as\u00ed como para empresas que hagan\u00a0coaching. Tambi\u00e9n pod\u00e9is&hellip;<\/p>\n","protected":false},"author":1,"featured_media":0,"parent":0,"menu_order":0,"comment_status":"closed","ping_status":"closed","template":"","meta":[],"yoast_head":"<!-- This site is optimized with the Yoast SEO plugin v19.13 - https:\/\/yoast.com\/wordpress\/plugins\/seo\/ -->\n<title>Alojamientos de turismo rural, agroturismo Can Fain\u00e9<\/title>\n<meta name=\"description\" content=\"Alojamientos de turismo rural para hasta 20 personas, al pie de la monta\u00f1a de Montserrat, con restaurante de men\u00fa casero, men\u00fa diario y carta\" \/>\n<meta name=\"robots\" content=\"index, follow, max-snippet:-1, max-image-preview:large, max-video-preview:-1\" \/>\n<link rel=\"canonical\" href=\"https:\/\/www.canfaine.com\/es\/turismo-rural\/\" \/>\n<meta property=\"og:locale\" content=\"es_ES\" \/>\n<meta property=\"og:type\" content=\"article\" \/>\n<meta property=\"og:title\" content=\"Alojamientos de turismo rural, agroturismo Can Fain\u00e9\" \/>\n<meta property=\"og:description\" content=\"Alojamientos de turismo rural para hasta 20 personas, al pie de la monta\u00f1a de Montserrat, con restaurante de men\u00fa casero, men\u00fa diario y carta\" \/>\n<meta property=\"og:url\" content=\"https:\/\/www.canfaine.com\/es\/turismo-rural\/\" \/>\n<meta property=\"og:site_name\" content=\"Can Fain\u00e9\" \/>\n<meta property=\"article:publisher\" content=\"https:\/\/www.facebook.com\/Restaurant-Can-Faine-211169275571050\/?ref=br_rs\" \/>\n<meta property=\"article:modified_time\" content=\"2022-10-03T05:18:44+00:00\" \/>\n<meta name=\"twitter:card\" content=\"summary_large_image\" \/>\n<meta name=\"twitter:label1\" content=\"Tiempo de lectura\" \/>\n\t<meta name=\"twitter:data1\" content=\"1 minuto\" \/>\n<script type=\"application\/ld+json\" class=\"yoast-schema-graph\">{\"@context\":\"https:\/\/schema.org\",\"@graph\":[{\"@type\":\"WebPage\",\"@id\":\"https:\/\/www.canfaine.com\/es\/turismo-rural\/\",\"url\":\"https:\/\/www.canfaine.com\/es\/turismo-rural\/\",\"name\":\"Alojamientos de turismo rural, agroturismo Can Fain\u00e9\",\"isPartOf\":{\"@id\":\"https:\/\/www.canfaine.com\/es\/#website\"},\"datePublished\":\"2018-05-14T09:06:41+00:00\",\"dateModified\":\"2022-10-03T05:18:44+00:00\",\"description\":\"Alojamientos de turismo rural para hasta 20 personas, al pie de la monta\u00f1a de Montserrat, con restaurante de men\u00fa casero, men\u00fa diario y carta\",\"breadcrumb\":{\"@id\":\"https:\/\/www.canfaine.com\/es\/turismo-rural\/#breadcrumb\"},\"inLanguage\":\"es\",\"potentialAction\":[{\"@type\":\"ReadAction\",\"target\":[\"https:\/\/www.canfaine.com\/es\/turismo-rural\/\"]}]},{\"@type\":\"BreadcrumbList\",\"@id\":\"https:\/\/www.canfaine.com\/es\/turismo-rural\/#breadcrumb\",\"itemListElement\":[{\"@type\":\"ListItem\",\"position\":1,\"name\":\"Portada\",\"item\":\"https:\/\/www.canfaine.com\/es\/\"},{\"@type\":\"ListItem\",\"position\":2,\"name\":\"Turismo Rural\"}]},{\"@type\":\"WebSite\",\"@id\":\"https:\/\/www.canfaine.com\/es\/#website\",\"url\":\"https:\/\/www.canfaine.com\/es\/\",\"name\":\"Can Fain\u00e9\",\"description\":\"Turisme Rural i Restaurant\",\"publisher\":{\"@id\":\"https:\/\/www.canfaine.com\/es\/#organization\"},\"potentialAction\":[{\"@type\":\"SearchAction\",\"target\":{\"@type\":\"EntryPoint\",\"urlTemplate\":\"https:\/\/www.canfaine.com\/es\/?s={search_term_string}\"},\"query-input\":\"required name=search_term_string\"}],\"inLanguage\":\"es\"},{\"@type\":\"Organization\",\"@id\":\"https:\/\/www.canfaine.com\/es\/#organization\",\"name\":\"Cal Fain\u00e9 Boades SL\",\"url\":\"https:\/\/www.canfaine.com\/es\/\",\"logo\":{\"@type\":\"ImageObject\",\"inLanguage\":\"es\",\"@id\":\"https:\/\/www.canfaine.com\/es\/#\/schema\/logo\/image\/\",\"url\":\"https:\/\/canfaine.com\/wp-content\/uploads\/2018\/01\/logo3-1.png\",\"contentUrl\":\"https:\/\/canfaine.com\/wp-content\/uploads\/2018\/01\/logo3-1.png\",\"width\":300,\"height\":198,\"caption\":\"Cal Fain\u00e9 Boades SL\"},\"image\":{\"@id\":\"https:\/\/www.canfaine.com\/es\/#\/schema\/logo\/image\/\"},\"sameAs\":[\"https:\/\/www.facebook.com\/Restaurant-Can-Faine-211169275571050\/?ref=br_rs\"]}]}<\/script>\n<!-- \/ Yoast SEO plugin. -->","yoast_head_json":{"title":"Alojamientos de turismo rural, agroturismo Can Fain\u00e9","description":"Alojamientos de turismo rural para hasta 20 personas, al pie de la monta\u00f1a de Montserrat, con restaurante de men\u00fa casero, men\u00fa diario y carta","robots":{"index":"index","follow":"follow","max-snippet":"max-snippet:-1","max-image-preview":"max-image-preview:large","max-video-preview":"max-video-preview:-1"},"canonical":"https:\/\/www.canfaine.com\/es\/turismo-rural\/","og_locale":"es_ES","og_type":"article","og_title":"Alojamientos de turismo rural, agroturismo Can Fain\u00e9","og_description":"Alojamientos de turismo rural para hasta 20 personas, al pie de la monta\u00f1a de Montserrat, con restaurante de men\u00fa casero, men\u00fa diario y carta","og_url":"https:\/\/www.canfaine.com\/es\/turismo-rural\/","og_site_name":"Can Fain\u00e9","article_publisher":"https:\/\/www.facebook.com\/Restaurant-Can-Faine-211169275571050\/?ref=br_rs","article_modified_time":"2022-10-03T05:18:44+00:00","twitter_card":"summary_large_image","twitter_misc":{"Tiempo de lectura":"1 minuto"},"schema":{"@context":"https:\/\/schema.org","@graph":[{"@type":"WebPage","@id":"https:\/\/www.canfaine.com\/es\/turismo-rural\/","url":"https:\/\/www.canfaine.com\/es\/turismo-rural\/","name":"Alojamientos de turismo rural, agroturismo Can Fain\u00e9","isPartOf":{"@id":"https:\/\/www.canfaine.com\/es\/#website"},"datePublished":"2018-05-14T09:06:41+00:00","dateModified":"2022-10-03T05:18:44+00:00","description":"Alojamientos de turismo rural para hasta 20 personas, al pie de la monta\u00f1a de Montserrat, con restaurante de men\u00fa casero, men\u00fa diario y carta","breadcrumb":{"@id":"https:\/\/www.canfaine.com\/es\/turismo-rural\/#breadcrumb"},"inLanguage":"es","potentialAction":[{"@type":"ReadAction","target":["https:\/\/www.canfaine.com\/es\/turismo-rural\/"]}]},{"@type":"BreadcrumbList","@id":"https:\/\/www.canfaine.com\/es\/turismo-rural\/#breadcrumb","itemListElement":[{"@type":"ListItem","position":1,"name":"Portada","item":"https:\/\/www.canfaine.com\/es\/"},{"@type":"ListItem","position":2,"name":"Turismo Rural"}]},{"@type":"WebSite","@id":"https:\/\/www.canfaine.com\/es\/#website","url":"https:\/\/www.canfaine.com\/es\/","name":"Can Fain\u00e9","description":"Turisme Rural i Restaurant","publisher":{"@id":"https:\/\/www.canfaine.com\/es\/#organization"},"potentialAction":[{"@type":"SearchAction","target":{"@type":"EntryPoint","urlTemplate":"https:\/\/www.canfaine.com\/es\/?s={search_term_string}"},"query-input":"required name=search_term_string"}],"inLanguage":"es"},{"@type":"Organization","@id":"https:\/\/www.canfaine.com\/es\/#organization","name":"Cal Fain\u00e9 Boades SL","url":"https:\/\/www.canfaine.com\/es\/","logo":{"@type":"ImageObject","inLanguage":"es","@id":"https:\/\/www.canfaine.com\/es\/#\/schema\/logo\/image\/","url":"https:\/\/canfaine.com\/wp-content\/uploads\/2018\/01\/logo3-1.png","contentUrl":"https:\/\/canfaine.com\/wp-content\/uploads\/2018\/01\/logo3-1.png","width":300,"height":198,"caption":"Cal Fain\u00e9 Boades SL"},"image":{"@id":"https:\/\/www.canfaine.com\/es\/#\/schema\/logo\/image\/"},"sameAs":["https:\/\/www.facebook.com\/Restaurant-Can-Faine-211169275571050\/?ref=br_rs"]}]}},"jetpack_sharing_enabled":true,"jetpack_shortlink":"https:\/\/wp.me\/PdqzQQ-7i","jetpack-related-posts":[{"id":1477,"url":"https:\/\/www.canfaine.com\/es\/turismo-rural\/faine-ii\/","url_meta":{"origin":452,"position":0},"title":"Turismo rural Fain\u00e9 II","date":"17\/09\/2021","format":false,"excerpt":"[vc_row][vc_column][vc_custom_heading text=\"Turism0 Rural Fain\u00e9 II\" font_container=\"tag:h2|text_align:left|color:%23c08b4d\" google_fonts=\"font_family:Cinzel%3Aregular%2C700%2C900|font_style:400%20regular%3A400%3Anormal\"][vc_custom_heading text=\"Casa rural para entre 6 y 10 personas\" font_container=\"tag:h4|text_align:left\" google_fonts=\"font_family:Cinzel%3Aregular%2C700%2C900|font_style:400%20regular%3A400%3Anormal\"][\/vc_column][\/vc_row][vc_row][vc_column][vc_column_text]Alojamiento de turismo rural en el Bages que dispone de tres habitaciones, una sala de estar con sof\u00e1 y TV, un comedor-cocina americana y dos ba\u00f1os, permitiendo un alojamiento c\u00f3modo que complementa de las\u2026","rel":"","context":"Entrada similar","img":{"alt_text":"","src":"https:\/\/i0.wp.com\/www.canfaine.com\/wp-content\/uploads\/2017\/11\/Turisme-rural-can-faine1-1.png?resize=350%2C200","width":350,"height":200},"classes":[]},{"id":1471,"url":"https:\/\/www.canfaine.com\/es\/turismo-rural\/faine-i\/","url_meta":{"origin":452,"position":1},"title":"Turismo rural Fain\u00e9 I","date":"17\/09\/2021","format":false,"excerpt":"[vc_row][vc_column][vc_custom_heading text=\"Turismo Rural Fain\u00e9 I\" font_container=\"tag:h2|text_align:left|color:%23c08b4d\" google_fonts=\"font_family:Cinzel%3Aregular%2C700%2C900|font_style:400%20regular%3A400%3Anormal\"][vc_custom_heading text=\"Casa rural con capacidad para entre 6 y 10 personas\" font_container=\"tag:h4|text_align:left\" google_fonts=\"font_family:Cinzel%3Aregular%2C700%2C900|font_style:400%20regular%3A400%3Anormal\"][\/vc_column][\/vc_row][vc_row][vc_column][vc_column_text]Alojamiento para Turismo Rural al pie de la monta\u00f1a de Montserrat para grupos numerosos, familias grandes y tambi\u00e9n grupos de amigos. Tiene entrada independiente de la mas\u00eda, de forma que se puede\u2026","rel":"","context":"Entrada similar","img":{"alt_text":"","src":"https:\/\/i0.wp.com\/www.canfaine.com\/wp-content\/uploads\/2017\/11\/Turisme-rural-can-faine6.png?resize=350%2C200","width":350,"height":200},"classes":[]},{"id":1238,"url":"https:\/\/www.canfaine.com\/es\/inicial-ok\/","url_meta":{"origin":452,"position":2},"title":"inicio-vella","date":"03\/06\/2021","format":false,"excerpt":"[vc_row][vc_column][vc_custom_heading text=\"Can Fain\u00e9 - Restaurante y agroturismo\" font_container=\"tag:h2|text_align:left|color:%2320ccc6\" google_fonts=\"font_family:Cinzel%3Aregular%2C700%2C900|font_style:400%20regular%3A400%3Anormal\"][\/vc_column][\/vc_row][vc_row][vc_column][vc_column_text]CAN FAIN\u00c9, es un Restaurante y Alojamiento de Turismo Rural ubicado debajo de la monta\u00f1a de Montserrat, que abri\u00f3 sus puertas la primavera del 2003, poniendo a disposici\u00f3n del p\u00fablico una oferta l\u00fadica consistente en bar,\u00a0agroturismo, alojamientos o casas rurales de alquiler\u2026","rel":"","context":"Entrada similar","img":{"alt_text":"","src":"https:\/\/i0.wp.com\/www.canfaine.com\/wp-content\/uploads\/2017\/11\/Turisme-rural-can-faine1-1.png?resize=350%2C200","width":350,"height":200},"classes":[]},{"id":439,"url":"https:\/\/www.canfaine.com\/es\/","url_meta":{"origin":452,"position":3},"title":"Inicio","date":"14\/05\/2018","format":false,"excerpt":"[vc_row][vc_column][vc_custom_heading text=\"Can Fain\u00e9\" font_container=\"tag:h2|text_align:left|color:%23c08b4d\" google_fonts=\"font_family:Cinzel%3Aregular%2C700%2C900|font_style:400%20regular%3A400%3Anormal\"][\/vc_column][\/vc_row][vc_row][vc_column][vc_column_text]Can Fain\u00e9, restaurante Turismo Rural y barbacoas cerca de Montserrat Manresa Terrassa y Sabadell, en el Bages Can Fain\u00e9 abri\u00f3 sus puertas la primavera del 2003, poniendo a disposici\u00f3n del p\u00fablico una oferta l\u00fadica consistente en bar, agroturismo, alojamientos o casas rurales de alquiler \u00edntegro, que\u2026","rel":"","context":"Entrada similar","img":{"alt_text":"","src":"","width":0,"height":0},"classes":[]},{"id":484,"url":"https:\/\/www.canfaine.com\/es\/restaurante\/menu\/","url_meta":{"origin":452,"position":4},"title":"Men\u00fas","date":"14\/05\/2018","format":false,"excerpt":"[vc_row][vc_column][vc_custom_heading text=\"Men\u00fas del Restaurante\" font_container=\"tag:h2|text_align:center|color:%2320ccc6\" google_fonts=\"font_family:Cinzel%3Aregular%2C700%2C900|font_style:400%20regular%3A400%3Anormal\"][\/vc_column][\/vc_row][vc_row][vc_column][vc_column_text] Men\u00fas para celebraciones y eventos familiares o de empresa en el restaurante y turismo rural Can Fain\u00e9; Men\u00fa diario, men\u00fa de fin de semana y otros men\u00fas para fechas especiales: Men\u00fas para la \u00e9poca de Cal\u00e7otades, xatonades, caracoladas, y comidas Familiares y de Hermandad.\u2026","rel":"","context":"Entrada similar","img":{"alt_text":"","src":"","width":0,"height":0},"classes":[]},{"id":1689,"url":"https:\/\/www.canfaine.com\/es\/restaurante\/restaurante-para-celebraciones\/","url_meta":{"origin":452,"position":5},"title":"Restaurante para celebraciones","date":"06\/10\/2021","format":false,"excerpt":"[vc_row][vc_column][vc_custom_heading text=\"Restaurante para celebraciones\" font_container=\"tag:h1|text_align:left|color:%2320ccc6\" google_fonts=\"font_family:Cinzel%3Aregular%2C700%2C900|font_style:400%20regular%3A400%3Anormal\"][\/vc_column][\/vc_row][vc_row][vc_column][vc_custom_heading text=\"Restaurante para celebraciones de cumplea\u00f1os, bautizos, comuniones, despedidas de soltero...\" font_container=\"tag:h2|text_align:center\" google_fonts=\"font_family:Cinzel%3Aregular%2C700%2C900|font_style:400%20regular%3A400%3Anormal\"][vc_column_text]Can Fain\u00e9 es un restaurante para celebraciones, en el que se pueden disfrutar las comidas en fechas se\u00f1aladas durante todo el a\u00f1o. Ya sean las cal\u00e7otades, y xatonades de principio de a\u00f1o, o\u2026","rel":"","context":"Entrada similar","img":{"alt_text":"","src":"","width":0,"height":0},"classes":[]}],"jetpack_likes_enabled":true,"_links":{"self":[{"href":"https:\/\/www.canfaine.com\/es\/wp-json\/wp\/v2\/pages\/452"}],"collection":[{"href":"https:\/\/www.canfaine.com\/es\/wp-json\/wp\/v2\/pages"}],"about":[{"href":"https:\/\/www.canfaine.com\/es\/wp-json\/wp\/v2\/types\/page"}],"author":[{"embeddable":true,"href":"https:\/\/www.canfaine.com\/es\/wp-json\/wp\/v2\/users\/1"}],"replies":[{"embeddable":true,"href":"https:\/\/www.canfaine.com\/es\/wp-json\/wp\/v2\/comments?post=452"}],"version-history":[{"count":2,"href":"https:\/\/www.canfaine.com\/es\/wp-json\/wp\/v2\/pages\/452\/revisions"}],"predecessor-version":[{"id":2608,"href":"https:\/\/www.canfaine.com\/es\/wp-json\/wp\/v2\/pages\/452\/revisions\/2608"}],"wp:attachment":[{"href":"https:\/\/www.canfaine.com\/es\/wp-json\/wp\/v2\/media?parent=452"}],"curies":[{"name":"wp","href":"https:\/\/api.w.org\/{rel}","templated":true}]}}