{"id":471,"date":"2018-05-14T11:27:08","date_gmt":"2018-05-14T11:27:08","guid":{"rendered":"http:\/\/www.canfaine.com\/?page_id=471"},"modified":"2021-06-01T13:31:37","modified_gmt":"2021-06-01T13:31:37","slug":"mapa","status":"publish","type":"page","link":"https:\/\/www.canfaine.com\/es\/mapa\/","title":{"rendered":"Mapa"},"content":{"rendered":"<p>[vc_row][vc_column]<style type=\"text\/css\" data-type=\"the7_shortcodes-inline-css\">.dt-breadcrumbs-id-2 .breadcrumbs {\n  display: inline-block;\n  margin: 0;\n  padding: 2px 10px 2px 10px;\n  border: 0px solid ;\n  border-radius: 0px;\n}\n.dt-breadcrumbs-id-2 .breadcrumbs * {\n  font-style: italic;\n  font-weight: ;\n  text-transform: ;\n  color: #a2a5a6;\n}\n<\/style><div class=\"dt-breadcrumbs-shortcode dt-breadcrumbs-id-1 align-left\"><div class=\"assistive-text\">Est\u00e1s aqu\u00ed:<\/div><ol class=\"breadcrumbs text-small\" xmlns:v=\"http:\/\/rdf.data-vocabulary.org\/#\"><li typeof=\"v:Breadcrumb\"><a rel=\"v:url\" property=\"v:title\" href=\"https:\/\/www.canfaine.com\/es\/\/\" title=\"\">Inicio<\/a><\/li><li class=\"current\">P\u00e1gina<\/li><\/ol><\/div>[vc_custom_heading text=\u00bbMapa de ubicaci\u00f3n\u00bb font_container=\u00bbtag:h2|text_align:left|color:%2320ccc6&#8243; google_fonts=\u00bbfont_family:Cinzel%3Aregular%2C700%2C900|font_style:400%20regular%3A400%3Anormal\u00bb][\/vc_column][\/vc_row][vc_row][vc_column][vc_column_text]Para ir a comer o cenar al restaurante de agroturismo Can\u00a0Fain\u00e9 de Sant Vicen\u00e7 de Castellet, pueden ver la situaci\u00f3n en este plano.[\/vc_column_text][\/vc_column][\/vc_row][vc_row][vc_column][vc_gmaps link=\u00bb#E-8_JTNDaWZyYW1lJTIwc3JjJTNEJTIyaHR0cHMlM0ElMkYlMkZ3d3cuZ29vZ2xlLmNvbSUyRm1hcHMlMkZlbWJlZCUzRnBiJTNEJTIxMW0xOCUyMTFtMTIlMjExbTMlMjExZDMxMDYuMzc0NjM3NjQwNDU3JTIxMmQxLjg2NjI2MjYyNjk3NTgxMTglMjEzZDQxLjY4MDkzMTYzMzA0NiUyMTJtMyUyMTFmMCUyMTJmMCUyMTNmMCUyMTNtMiUyMTFpMTAyNCUyMTJpNzY4JTIxNGYxMy4xJTIxM20zJTIxMW0yJTIxMXMweDEyYTRmNmY1MGYyZGY4ODclMjUzQTB4YjY0MmI1NjA0ZmU5NDliMSUyMTJzUmVzdGF1cmFudCUyQkhvc3RhbCUyQlJ1cmFsJTJCQ2FuJTJCRmFpbmUlMjE1ZTAlMjEzbTIlMjExc2VzJTIxMnNlcyUyMTR2MTUxNTY4MTQxNzk5NCUyMiUyMHdpZHRoJTNEJTIyNjAwJTIyJTIwaGVpZ2h0JTNEJTIyNDUwJTIyJTIwZnJhbWVib3JkZXIlM0QlMjIwJTIyJTIwc3R5bGUlM0QlMjJib3JkZXIlM0EwJTIyJTIwYWxsb3dmdWxsc2NyZWVuJTNFJTNDJTJGaWZyYW1lJTNF\u00bb][\/vc_column][\/vc_row]<\/p>\n","protected":false},"excerpt":{"rendered":"<p>[vc_row][vc_column][vc_custom_heading text=\u00bbMapa de ubicaci\u00f3n\u00bb font_container=\u00bbtag:h2|text_align:left|color:%2320ccc6&#8243; google_fonts=\u00bbfont_family:Cinzel%3Aregular%2C700%2C900|font_style:400%20regular%3A400%3Anormal\u00bb][\/vc_column][\/vc_row][vc_row][vc_column][vc_column_text]Para ir a comer o cenar al restaurante de agroturismo Can\u00a0Fain\u00e9 de Sant Vicen\u00e7 de Castellet, pueden ver la situaci\u00f3n en este plano.[\/vc_column_text][\/vc_column][\/vc_row][vc_row][vc_column][vc_gmaps link=\u00bb#E-8_JTNDaWZyYW1lJTIwc3JjJTNEJTIyaHR0cHMlM0ElMkYlMkZ3d3cuZ29vZ2xlLmNvbSUyRm1hcHMlMkZlbWJlZCUzRnBiJTNEJTIxMW0xOCUyMTFtMTIlMjExbTMlMjExZDMxMDYuMzc0NjM3NjQwNDU3JTIxMmQxLjg2NjI2MjYyNjk3NTgxMTglMjEzZDQxLjY4MDkzMTYzMzA0NiUyMTJtMyUyMTFmMCUyMTJmMCUyMTNmMCUyMTNtMiUyMTFpMTAyNCUyMTJpNzY4JTIxNGYxMy4xJTIxM20zJTIxMW0yJTIxMXMweDEyYTRmNmY1MGYyZGY4ODclMjUzQTB4YjY0MmI1NjA0ZmU5NDliMSUyMTJzUmVzdGF1cmFudCUyQkhvc3RhbCUyQlJ1cmFsJTJCQ2FuJTJCRmFpbmUlMjE1ZTAlMjEzbTIlMjExc2VzJTIxMnNlcyUyMTR2MTUxNTY4MTQxNzk5NCUyMiUyMHdpZHRoJTNEJTIyNjAwJTIyJTIwaGVpZ2h0JTNEJTIyNDUwJTIyJTIwZnJhbWVib3JkZXIlM0QlMjIwJTIyJTIwc3R5bGUlM0QlMjJib3JkZXIlM0EwJTIyJTIwYWxsb3dmdWxsc2NyZWVuJTNFJTNDJTJGaWZyYW1lJTNF\u00bb][\/vc_column][\/vc_row]<\/p>\n","protected":false},"author":1,"featured_media":0,"parent":0,"menu_order":0,"comment_status":"closed","ping_status":"closed","template":"","meta":[],"yoast_head":"<!-- This site is optimized with the Yoast SEO plugin v19.13 - https:\/\/yoast.com\/wordpress\/plugins\/seo\/ -->\n<title>Mapa para llegar a Can Fain\u00e9<\/title>\n<meta name=\"description\" content=\"Mapa para llegar a Can Fain\u00e9, ya sea para ir a comer o cenar al restaurante de agroturismo Can Fain\u00e9 de Sant Vicen\u00e7 de Castellet, bajo la monta\u00f1a de Montserrat\" \/>\n<meta name=\"robots\" content=\"index, follow, max-snippet:-1, max-image-preview:large, max-video-preview:-1\" \/>\n<link rel=\"canonical\" href=\"https:\/\/www.canfaine.com\/es\/mapa\/\" \/>\n<meta property=\"og:locale\" content=\"es_ES\" \/>\n<meta property=\"og:type\" content=\"article\" \/>\n<meta property=\"og:title\" content=\"Mapa para llegar a Can Fain\u00e9\" \/>\n<meta property=\"og:description\" content=\"Mapa para llegar a Can Fain\u00e9, ya sea para ir a comer o cenar al restaurante de agroturismo Can Fain\u00e9 de Sant Vicen\u00e7 de Castellet, bajo la monta\u00f1a de Montserrat\" \/>\n<meta property=\"og:url\" content=\"https:\/\/www.canfaine.com\/es\/mapa\/\" \/>\n<meta property=\"og:site_name\" content=\"Can Fain\u00e9\" \/>\n<meta property=\"article:publisher\" content=\"https:\/\/www.facebook.com\/Restaurant-Can-Faine-211169275571050\/?ref=br_rs\" \/>\n<meta property=\"article:modified_time\" content=\"2021-06-01T13:31:37+00:00\" \/>\n<meta name=\"twitter:card\" content=\"summary_large_image\" \/>\n<meta name=\"twitter:label1\" content=\"Tiempo de lectura\" \/>\n\t<meta name=\"twitter:data1\" content=\"1 minuto\" \/>\n<script type=\"application\/ld+json\" class=\"yoast-schema-graph\">{\"@context\":\"https:\/\/schema.org\",\"@graph\":[{\"@type\":\"WebPage\",\"@id\":\"https:\/\/www.canfaine.com\/es\/mapa\/\",\"url\":\"https:\/\/www.canfaine.com\/es\/mapa\/\",\"name\":\"Mapa para llegar a Can Fain\u00e9\",\"isPartOf\":{\"@id\":\"https:\/\/www.canfaine.com\/es\/#website\"},\"datePublished\":\"2018-05-14T11:27:08+00:00\",\"dateModified\":\"2021-06-01T13:31:37+00:00\",\"description\":\"Mapa para llegar a Can Fain\u00e9, ya sea para ir a comer o cenar al restaurante de agroturismo Can Fain\u00e9 de Sant Vicen\u00e7 de Castellet, bajo la monta\u00f1a de Montserrat\",\"breadcrumb\":{\"@id\":\"https:\/\/www.canfaine.com\/es\/mapa\/#breadcrumb\"},\"inLanguage\":\"es\",\"potentialAction\":[{\"@type\":\"ReadAction\",\"target\":[\"https:\/\/www.canfaine.com\/es\/mapa\/\"]}]},{\"@type\":\"BreadcrumbList\",\"@id\":\"https:\/\/www.canfaine.com\/es\/mapa\/#breadcrumb\",\"itemListElement\":[{\"@type\":\"ListItem\",\"position\":1,\"name\":\"Portada\",\"item\":\"https:\/\/www.canfaine.com\/es\/\"},{\"@type\":\"ListItem\",\"position\":2,\"name\":\"Mapa\"}]},{\"@type\":\"WebSite\",\"@id\":\"https:\/\/www.canfaine.com\/es\/#website\",\"url\":\"https:\/\/www.canfaine.com\/es\/\",\"name\":\"Can Fain\u00e9\",\"description\":\"Turisme Rural i Restaurant\",\"publisher\":{\"@id\":\"https:\/\/www.canfaine.com\/es\/#organization\"},\"potentialAction\":[{\"@type\":\"SearchAction\",\"target\":{\"@type\":\"EntryPoint\",\"urlTemplate\":\"https:\/\/www.canfaine.com\/es\/?s={search_term_string}\"},\"query-input\":\"required name=search_term_string\"}],\"inLanguage\":\"es\"},{\"@type\":\"Organization\",\"@id\":\"https:\/\/www.canfaine.com\/es\/#organization\",\"name\":\"Cal Fain\u00e9 Boades SL\",\"url\":\"https:\/\/www.canfaine.com\/es\/\",\"logo\":{\"@type\":\"ImageObject\",\"inLanguage\":\"es\",\"@id\":\"https:\/\/www.canfaine.com\/es\/#\/schema\/logo\/image\/\",\"url\":\"https:\/\/canfaine.com\/wp-content\/uploads\/2018\/01\/logo3-1.png\",\"contentUrl\":\"https:\/\/canfaine.com\/wp-content\/uploads\/2018\/01\/logo3-1.png\",\"width\":300,\"height\":198,\"caption\":\"Cal Fain\u00e9 Boades SL\"},\"image\":{\"@id\":\"https:\/\/www.canfaine.com\/es\/#\/schema\/logo\/image\/\"},\"sameAs\":[\"https:\/\/www.facebook.com\/Restaurant-Can-Faine-211169275571050\/?ref=br_rs\"]}]}<\/script>\n<!-- \/ Yoast SEO plugin. -->","yoast_head_json":{"title":"Mapa para llegar a Can Fain\u00e9","description":"Mapa para llegar a Can Fain\u00e9, ya sea para ir a comer o cenar al restaurante de agroturismo Can Fain\u00e9 de Sant Vicen\u00e7 de Castellet, bajo la monta\u00f1a de Montserrat","robots":{"index":"index","follow":"follow","max-snippet":"max-snippet:-1","max-image-preview":"max-image-preview:large","max-video-preview":"max-video-preview:-1"},"canonical":"https:\/\/www.canfaine.com\/es\/mapa\/","og_locale":"es_ES","og_type":"article","og_title":"Mapa para llegar a Can Fain\u00e9","og_description":"Mapa para llegar a Can Fain\u00e9, ya sea para ir a comer o cenar al restaurante de agroturismo Can Fain\u00e9 de Sant Vicen\u00e7 de Castellet, bajo la monta\u00f1a de Montserrat","og_url":"https:\/\/www.canfaine.com\/es\/mapa\/","og_site_name":"Can Fain\u00e9","article_publisher":"https:\/\/www.facebook.com\/Restaurant-Can-Faine-211169275571050\/?ref=br_rs","article_modified_time":"2021-06-01T13:31:37+00:00","twitter_card":"summary_large_image","twitter_misc":{"Tiempo de lectura":"1 minuto"},"schema":{"@context":"https:\/\/schema.org","@graph":[{"@type":"WebPage","@id":"https:\/\/www.canfaine.com\/es\/mapa\/","url":"https:\/\/www.canfaine.com\/es\/mapa\/","name":"Mapa para llegar a Can Fain\u00e9","isPartOf":{"@id":"https:\/\/www.canfaine.com\/es\/#website"},"datePublished":"2018-05-14T11:27:08+00:00","dateModified":"2021-06-01T13:31:37+00:00","description":"Mapa para llegar a Can Fain\u00e9, ya sea para ir a comer o cenar al restaurante de agroturismo Can Fain\u00e9 de Sant Vicen\u00e7 de Castellet, bajo la monta\u00f1a de Montserrat","breadcrumb":{"@id":"https:\/\/www.canfaine.com\/es\/mapa\/#breadcrumb"},"inLanguage":"es","potentialAction":[{"@type":"ReadAction","target":["https:\/\/www.canfaine.com\/es\/mapa\/"]}]},{"@type":"BreadcrumbList","@id":"https:\/\/www.canfaine.com\/es\/mapa\/#breadcrumb","itemListElement":[{"@type":"ListItem","position":1,"name":"Portada","item":"https:\/\/www.canfaine.com\/es\/"},{"@type":"ListItem","position":2,"name":"Mapa"}]},{"@type":"WebSite","@id":"https:\/\/www.canfaine.com\/es\/#website","url":"https:\/\/www.canfaine.com\/es\/","name":"Can Fain\u00e9","description":"Turisme Rural i Restaurant","publisher":{"@id":"https:\/\/www.canfaine.com\/es\/#organization"},"potentialAction":[{"@type":"SearchAction","target":{"@type":"EntryPoint","urlTemplate":"https:\/\/www.canfaine.com\/es\/?s={search_term_string}"},"query-input":"required name=search_term_string"}],"inLanguage":"es"},{"@type":"Organization","@id":"https:\/\/www.canfaine.com\/es\/#organization","name":"Cal Fain\u00e9 Boades SL","url":"https:\/\/www.canfaine.com\/es\/","logo":{"@type":"ImageObject","inLanguage":"es","@id":"https:\/\/www.canfaine.com\/es\/#\/schema\/logo\/image\/","url":"https:\/\/canfaine.com\/wp-content\/uploads\/2018\/01\/logo3-1.png","contentUrl":"https:\/\/canfaine.com\/wp-content\/uploads\/2018\/01\/logo3-1.png","width":300,"height":198,"caption":"Cal Fain\u00e9 Boades SL"},"image":{"@id":"https:\/\/www.canfaine.com\/es\/#\/schema\/logo\/image\/"},"sameAs":["https:\/\/www.facebook.com\/Restaurant-Can-Faine-211169275571050\/?ref=br_rs"]}]}},"jetpack_sharing_enabled":true,"jetpack_shortlink":"https:\/\/wp.me\/PdqzQQ-7B","jetpack-related-posts":[{"id":67,"url":"https:\/\/www.canfaine.com\/mapa\/","url_meta":{"origin":471,"position":0},"title":"Mapa","date":"14\/11\/2017","format":false,"excerpt":"[vc_row][vc_column][vc_custom_heading text=\"Localitzaci\u00f3 al mapa\" font_container=\"tag:h2|text_align:left|color:%2320ccc6\" google_fonts=\"font_family:Cinzel%3Aregular%2C700%2C900|font_style:400%20regular%3A400%3Anormal\"][\/vc_column][\/vc_row][vc_row][vc_column][vc_column_text]Per anar a dinar o sopar al restaurant agroturisme Can Fain\u00e9 de Sant Vicen\u00e7 de Castellet, pot veure\u2019n la situaci\u00f3 en aquest mapa.[\/vc_column_text][\/vc_column][\/vc_row][vc_row][vc_column][vc_gmaps link=\"#E-8_JTNDaWZyYW1lJTIwc3JjJTNEJTIyaHR0cHMlM0ElMkYlMkZ3d3cuZ29vZ2xlLmNvbSUyRm1hcHMlMkZlbWJlZCUzRnBiJTNEJTIxMW0xOCUyMTFtMTIlMjExbTMlMjExZDMxMDYuMzc0NjM3NjQwNDU3JTIxMmQxLjg2NjI2MjYyNjk3NTgxMTglMjEzZDQxLjY4MDkzMTYzMzA0NiUyMTJtMyUyMTFmMCUyMTJmMCUyMTNmMCUyMTNtMiUyMTFpMTAyNCUyMTJpNzY4JTIxNGYxMy4xJTIxM20zJTIxMW0yJTIxMXMweDEyYTRmNmY1MGYyZGY4ODclMjUzQTB4YjY0MmI1NjA0ZmU5NDliMSUyMTJzUmVzdGF1cmFudCUyQkhvc3RhbCUyQlJ1cmFsJTJCQ2FuJTJCRmFpbmUlMjE1ZTAlMjEzbTIlMjExc2VzJTIxMnNlcyUyMTR2MTUxNTY4MTQxNzk5NCUyMiUyMHdpZHRoJTNEJTIyNjAwJTIyJTIwaGVpZ2h0JTNEJTIyNDUwJTIyJTIwZnJhbWVib3JkZXIlM0QlMjIwJTIyJTIwc3R5bGUlM0QlMjJib3JkZXIlM0EwJTIyJTIwYWxsb3dmdWxsc2NyZWVuJTNFJTNDJTJGaWZyYW1lJTNF\"][\/vc_column][\/vc_row]","rel":"","context":"Entrada similar","img":{"alt_text":"","src":"","width":0,"height":0},"classes":[]},{"id":1103,"url":"https:\/\/www.canfaine.com\/mapa-web\/","url_meta":{"origin":471,"position":1},"title":"Mapa web","date":"01\/06\/2021","format":false,"excerpt":"[vc_row][vc_column][vc_column_text]Des d'aqu\u00ed pot consultar totes les pantalles de la p\u00e0gina web: [\/vc_column_text][\/vc_column][\/vc_row]","rel":"","context":"Entrada similar","img":{"alt_text":"","src":"","width":0,"height":0},"classes":[]},{"id":1106,"url":"https:\/\/www.canfaine.com\/es\/mapa-web\/","url_meta":{"origin":471,"position":2},"title":"Mapa web","date":"01\/06\/2021","format":false,"excerpt":"[vc_row][vc_column][vc_column_text]Desde aqu\u00ed puede consultar todas las pantallas de la p\u00e1gina web: [\/vc_column_text][\/vc_column][\/vc_row]","rel":"","context":"Entrada similar","img":{"alt_text":"","src":"","width":0,"height":0},"classes":[]},{"id":487,"url":"https:\/\/www.canfaine.com\/es\/que-hacer\/","url_meta":{"origin":471,"position":3},"title":"Qu\u00e9 hacer","date":"15\/05\/2018","format":false,"excerpt":"[vc_row][vc_column][vc_custom_heading text=\"Lugares de inter\u00e9s para visitar\" font_container=\"tag:h2|text_align:left|color:%23c08b4d\" google_fonts=\"font_family:Cinzel%3Aregular%2C700%2C900|font_style:400%20regular%3A400%3Anormal\"][vc_separator style=\"shadow\"][vc_empty_space][\/vc_column][\/vc_row][vc_row][vc_column width=\"1\/3\"][vc_custom_heading text=\"Castell de Cardona\" font_container=\"tag:h4|text_align:left|color:%23c08b4d\" google_fonts=\"font_family:Cinzel%3Aregular%2C700%2C900|font_style:400%20regular%3A400%3Anormal\"][vc_single_image image=\"350\" img_size=\"full\" onclick=\"custom_link\" img_link_target=\"_blank\" link=\"https:\/\/canfaine.com\/wp-content\/uploads\/2017\/12\/castell_de_cardona.pdf\"][\/vc_column][vc_column width=\"1\/3\"][vc_custom_heading text=\"Cam\u00ed de Sant Jaume\" font_container=\"tag:h4|text_align:left|color:%23c08b4d\" google_fonts=\"font_family:Cinzel%3Aregular%2C700%2C900|font_style:400%20regular%3A400%3Anormal\"][vc_single_image image=\"354\" img_size=\"full\" onclick=\"custom_link\" img_link_target=\"_blank\" link=\"https:\/\/canfaine.com\/wp-content\/uploads\/2017\/12\/cami_de_sant_jaume.pdf\"][\/vc_column][vc_column width=\"1\/3\"][vc_custom_heading text=\"Carrer del Bal\u00e7\" font_container=\"tag:h4|text_align:left|color:%23c08b4d\" google_fonts=\"font_family:Cinzel%3Aregular%2C700%2C900|font_style:400%20regular%3A400%3Anormal\"][vc_single_image image=\"356\" img_size=\"full\" onclick=\"custom_link\" img_link_target=\"_blank\" link=\"https:\/\/canfaine.com\/wp-content\/uploads\/2017\/12\/carrer_del_balc.pdf\"][\/vc_column][\/vc_row][vc_row][vc_column width=\"1\/3\"][vc_custom_heading text=\"Ecorail\" font_container=\"tag:h4|text_align:left|color:%23c08b4d\" google_fonts=\"font_family:Cinzel%3Aregular%2C700%2C900|font_style:400%20regular%3A400%3Anormal\"][vc_single_image image=\"361\" img_size=\"full\" onclick=\"custom_link\"\u2026","rel":"","context":"Entrada similar","img":{"alt_text":"","src":"","width":0,"height":0},"classes":[]},{"id":30,"url":"https:\/\/www.canfaine.com\/llocs-interes\/","url_meta":{"origin":471,"position":4},"title":"Qu\u00e8 fer","date":"09\/11\/2017","format":false,"excerpt":"[vc_row][vc_column][vc_custom_heading text=\"Llocs d'inter\u00e8s per visitar\" font_container=\"tag:h2|text_align:left|color:%23c08b4d\" google_fonts=\"font_family:Cinzel%3Aregular%2C700%2C900|font_style:400%20regular%3A400%3Anormal\"][vc_separator style=\"shadow\"][vc_empty_space][\/vc_column][\/vc_row][vc_row][vc_column width=\"1\/3\"][vc_custom_heading text=\"Castell de Cardona\" font_container=\"tag:h4|text_align:left|color:%23c08b4d\" google_fonts=\"font_family:Cinzel%3Aregular%2C700%2C900|font_style:400%20regular%3A400%3Anormal\"][vc_single_image image=\"350\" img_size=\"full\" onclick=\"custom_link\" img_link_target=\"_blank\" link=\"https:\/\/canfaine.com\/wp-content\/uploads\/2017\/12\/castell_de_cardona.pdf\"][\/vc_column][vc_column width=\"1\/3\"][vc_custom_heading text=\"Cam\u00ed de Sant Jaume\" font_container=\"tag:h4|text_align:left|color:%23c08b4d\" google_fonts=\"font_family:Cinzel%3Aregular%2C700%2C900|font_style:400%20regular%3A400%3Anormal\"][vc_single_image image=\"354\" img_size=\"full\" onclick=\"custom_link\" img_link_target=\"_blank\" link=\"https:\/\/canfaine.com\/wp-content\/uploads\/2017\/12\/cami_de_sant_jaume.pdf\"][\/vc_column][vc_column width=\"1\/3\"][vc_custom_heading text=\"Carrer del Bal\u00e7\" font_container=\"tag:h4|text_align:left|color:%23c08b4d\" google_fonts=\"font_family:Cinzel%3Aregular%2C700%2C900|font_style:400%20regular%3A400%3Anormal\"][vc_single_image image=\"356\" img_size=\"full\" onclick=\"custom_link\" img_link_target=\"_blank\" link=\"https:\/\/canfaine.com\/wp-content\/uploads\/2017\/12\/carrer_del_balc.pdf\"][\/vc_column][\/vc_row][vc_row][vc_column width=\"1\/3\"][vc_custom_heading text=\"Ecorail\" font_container=\"tag:h4|text_align:left|color:%23c08b4d\" google_fonts=\"font_family:Cinzel%3Aregular%2C700%2C900|font_style:400%20regular%3A400%3Anormal\"][vc_single_image image=\"361\" img_size=\"full\" onclick=\"custom_link\" img_link_target=\"_blank\"\u2026","rel":"","context":"Entrada similar","img":{"alt_text":"","src":"","width":0,"height":0},"classes":[]},{"id":1110,"url":"https:\/\/www.canfaine.com\/es\/reservar\/","url_meta":{"origin":471,"position":5},"title":"Reservas","date":"01\/06\/2021","format":false,"excerpt":"[vc_row][vc_column][vc_custom_heading text=\"Haz tu reserva\" font_container=\"tag:h2|text_align:left|color:%2320ccc6\" google_fonts=\"font_family:Cinzel%3Aregular%2C700%2C900|font_style:400%20regular%3A400%3Anormal\"][\/vc_column][\/vc_row][vc_row][vc_column][vc_custom_heading text=\"Turismo Rural Can Fain\u00e9 Carretera BV1229, km2.6 Sant Vicen\u00e7 de Castellet info@canfaine.com 938 33 50 50\" font_container=\"tag:h6|text_align:left|color:%238c8c8c\" google_fonts=\"font_family:Cinzel%3Aregular%2C700%2C900|font_style:400%20regular%3A400%3Anormal\"][vc_empty_space][\/vc_column][\/vc_row][vc_row][vc_column][vc_column_text] [\/vc_column_text][\/vc_column][\/vc_row][vc_row][vc_column][vc_custom_heading text=\"Formulario\" font_container=\"tag:h4|text_align:left|color:%2320ccc6\" google_fonts=\"font_family:Cinzel%3Aregular%2C700%2C900|font_style:400%20regular%3A400%3Anormal\"][\/vc_column][\/vc_row][vc_row][vc_column][\/vc_column][\/vc_row]","rel":"","context":"Entrada similar","img":{"alt_text":"","src":"","width":0,"height":0},"classes":[]}],"jetpack_likes_enabled":true,"_links":{"self":[{"href":"https:\/\/www.canfaine.com\/es\/wp-json\/wp\/v2\/pages\/471"}],"collection":[{"href":"https:\/\/www.canfaine.com\/es\/wp-json\/wp\/v2\/pages"}],"about":[{"href":"https:\/\/www.canfaine.com\/es\/wp-json\/wp\/v2\/types\/page"}],"author":[{"embeddable":true,"href":"https:\/\/www.canfaine.com\/es\/wp-json\/wp\/v2\/users\/1"}],"replies":[{"embeddable":true,"href":"https:\/\/www.canfaine.com\/es\/wp-json\/wp\/v2\/comments?post=471"}],"version-history":[{"count":0,"href":"https:\/\/www.canfaine.com\/es\/wp-json\/wp\/v2\/pages\/471\/revisions"}],"wp:attachment":[{"href":"https:\/\/www.canfaine.com\/es\/wp-json\/wp\/v2\/media?parent=471"}],"curies":[{"name":"wp","href":"https:\/\/api.w.org\/{rel}","templated":true}]}}