{"id":487,"date":"2018-05-15T09:20:25","date_gmt":"2018-05-15T09:20:25","guid":{"rendered":"http:\/\/www.canfaine.com\/?page_id=487"},"modified":"2021-09-19T10:33:53","modified_gmt":"2021-09-19T10:33:53","slug":"que-hacer","status":"publish","type":"page","link":"https:\/\/www.canfaine.com\/es\/que-hacer\/","title":{"rendered":"Qu\u00e9 hacer"},"content":{"rendered":"<p>[vc_row][vc_column]<style type=\"text\/css\" data-type=\"the7_shortcodes-inline-css\">.dt-breadcrumbs-id-1 .breadcrumbs {\n  display: inline-block;\n  margin: 0;\n  padding: 2px 10px 2px 10px;\n  border: 0px solid ;\n  border-radius: 0px;\n}\n.dt-breadcrumbs-id-1 .breadcrumbs * {\n  font-style: italic;\n  font-weight: ;\n  text-transform: ;\n  color: #a2a5a6;\n}\n<\/style><div class=\"dt-breadcrumbs-shortcode dt-breadcrumbs-id-1 align-left\"><div class=\"assistive-text\">Est\u00e1s aqu\u00ed:<\/div><ol class=\"breadcrumbs text-small\" xmlns:v=\"http:\/\/rdf.data-vocabulary.org\/#\"><li typeof=\"v:Breadcrumb\"><a rel=\"v:url\" property=\"v:title\" href=\"https:\/\/www.canfaine.com\/es\/\/\" title=\"\">Inicio<\/a><\/li><li class=\"current\">P\u00e1gina<\/li><\/ol><\/div>[vc_custom_heading text=\u00bbLugares de inter\u00e9s para visitar\u00bb font_container=\u00bbtag:h2|text_align:left|color:%23c08b4d\u00bb google_fonts=\u00bbfont_family:Cinzel%3Aregular%2C700%2C900|font_style:400%20regular%3A400%3Anormal\u00bb][vc_separator style=\u00bbshadow\u00bb][vc_empty_space][\/vc_column][\/vc_row][vc_row][vc_column width=\u00bb1\/3&#8243;][vc_custom_heading text=\u00bbCastell de Cardona\u00bb font_container=\u00bbtag:h4|text_align:left|color:%23c08b4d\u00bb google_fonts=\u00bbfont_family:Cinzel%3Aregular%2C700%2C900|font_style:400%20regular%3A400%3Anormal\u00bb][vc_single_image image=\u00bb350&#8243; img_size=\u00bbfull\u00bb onclick=\u00bbcustom_link\u00bb img_link_target=\u00bb_blank\u00bb link=\u00bbhttps:\/\/canfaine.com\/wp-content\/uploads\/2017\/12\/castell_de_cardona.pdf\u00bb][\/vc_column][vc_column width=\u00bb1\/3&#8243;][vc_custom_heading text=\u00bbCam\u00ed de Sant Jaume\u00bb font_container=\u00bbtag:h4|text_align:left|color:%23c08b4d\u00bb google_fonts=\u00bbfont_family:Cinzel%3Aregular%2C700%2C900|font_style:400%20regular%3A400%3Anormal\u00bb][vc_single_image image=\u00bb354&#8243; img_size=\u00bbfull\u00bb onclick=\u00bbcustom_link\u00bb img_link_target=\u00bb_blank\u00bb link=\u00bbhttps:\/\/canfaine.com\/wp-content\/uploads\/2017\/12\/cami_de_sant_jaume.pdf\u00bb][\/vc_column][vc_column width=\u00bb1\/3&#8243;][vc_custom_heading text=\u00bbCarrer del Bal\u00e7\u00bb font_container=\u00bbtag:h4|text_align:left|color:%23c08b4d\u00bb google_fonts=\u00bbfont_family:Cinzel%3Aregular%2C700%2C900|font_style:400%20regular%3A400%3Anormal\u00bb][vc_single_image image=\u00bb356&#8243; img_size=\u00bbfull\u00bb onclick=\u00bbcustom_link\u00bb img_link_target=\u00bb_blank\u00bb link=\u00bbhttps:\/\/canfaine.com\/wp-content\/uploads\/2017\/12\/carrer_del_balc.pdf\u00bb][\/vc_column][\/vc_row][vc_row][vc_column width=\u00bb1\/3&#8243;][vc_custom_heading text=\u00bbEcorail\u00bb font_container=\u00bbtag:h4|text_align:left|color:%23c08b4d\u00bb google_fonts=\u00bbfont_family:Cinzel%3Aregular%2C700%2C900|font_style:400%20regular%3A400%3Anormal\u00bb][vc_single_image image=\u00bb361&#8243; img_size=\u00bbfull\u00bb onclick=\u00bbcustom_link\u00bb img_link_target=\u00bb_blank\u00bb link=\u00bbhttps:\/\/canfaine.com\/wp-content\/uploads\/2017\/12\/ecorail.pdf\u00bb][\/vc_column][vc_column width=\u00bb1\/3&#8243;][vc_custom_heading text=\u00bbL&#8217;esclat del Modernisme\u00bb font_container=\u00bbtag:h4|text_align:left|color:%23c08b4d\u00bb google_fonts=\u00bbfont_family:Cinzel%3Aregular%2C700%2C900|font_style:400%20regular%3A400%3Anormal\u00bb][vc_single_image image=\u00bb363&#8243; img_size=\u00bbfull\u00bb onclick=\u00bbcustom_link\u00bb img_link_target=\u00bb_blank\u00bb link=\u00bbhttps:\/\/canfaine.com\/wp-content\/uploads\/2017\/12\/manresa_modernista.pdf\u00bb][\/vc_column][vc_column width=\u00bb1\/3&#8243;][vc_custom_heading text=\u00bbBas\u00edlica de la Seu\u00bb font_container=\u00bbtag:h4|text_align:left|color:%23c08b4d\u00bb google_fonts=\u00bbfont_family:Cinzel%3Aregular%2C700%2C900|font_style:400%20regular%3A400%3Anormal\u00bb][vc_single_image image=\u00bb365&#8243; img_size=\u00bbfull\u00bb onclick=\u00bbcustom_link\u00bb img_link_target=\u00bb_blank\u00bb link=\u00bbhttps:\/\/canfaine.com\/wp-content\/uploads\/2017\/12\/seu_manresa_gotic.pdf\u00bb][\/vc_column][\/vc_row][vc_row][vc_column width=\u00bb1\/3&#8243;][vc_custom_heading text=\u00bbLes petjades de Sant ignasi\u00bb font_container=\u00bbtag:h4|text_align:left|color:%23c08b4d\u00bb google_fonts=\u00bbfont_family:Cinzel%3Aregular%2C700%2C900|font_style:400%20regular%3A400%3Anormal\u00bb][vc_single_image image=\u00bb367&#8243; img_size=\u00bbfull\u00bb onclick=\u00bbcustom_link\u00bb img_link_target=\u00bb_blank\u00bb link=\u00bbhttps:\/\/canfaine.com\/wp-content\/uploads\/2017\/12\/sant_ignasi.pdf\u00bb][\/vc_column][vc_column width=\u00bb1\/3&#8243;][vc_custom_heading text=\u00bbLa riera de Rajadell\u00bb font_container=\u00bbtag:h4|text_align:left|color:%23c08b4d\u00bb google_fonts=\u00bbfont_family:Cinzel%3Aregular%2C700%2C900|font_style:400%20regular%3A400%3Anormal\u00bb][vc_single_image image=\u00bb370&#8243; img_size=\u00bbfull\u00bb onclick=\u00bbcustom_link\u00bb img_link_target=\u00bb_blank\u00bb link=\u00bbhttps:\/\/canfaine.com\/wp-content\/uploads\/2017\/12\/riera_de_rajadell.pdf\u00bb][\/vc_column][vc_column width=\u00bb1\/3&#8243;][vc_custom_heading text=\u00bbTerra de vins\u00bb font_container=\u00bbtag:h4|text_align:left|color:%23c08b4d\u00bb google_fonts=\u00bbfont_family:Cinzel%3Aregular%2C700%2C900|font_style:400%20regular%3A400%3Anormal\u00bb][vc_single_image image=\u00bb372&#8243; img_size=\u00bbfull\u00bb onclick=\u00bbcustom_link\u00bb img_link_target=\u00bb_blank\u00bb link=\u00bbhttps:\/\/canfaine.com\/wp-content\/uploads\/2017\/12\/vins_bages_enoturisme.pdf\u00bb][\/vc_column][\/vc_row][vc_row][vc_column width=\u00bb1\/3&#8243;][vc_custom_heading text=\u00bbViatge medieval\u00bb font_container=\u00bbtag:h4|text_align:left|color:%23c08b4d\u00bb google_fonts=\u00bbfont_family:Cinzel%3Aregular%2C700%2C900|font_style:400%20regular%3A400%3Anormal\u00bb][vc_single_image image=\u00bb374&#8243; img_size=\u00bbfull\u00bb onclick=\u00bbcustom_link\u00bb img_link_target=\u00bb_blank\u00bb link=\u00bbhttps:\/\/canfaine.com\/wp-content\/uploads\/2017\/12\/manresa_medieval_carrer_balc.pdf\u00bb][\/vc_column][vc_column width=\u00bb1\/3&#8243;][vc_custom_heading text=\u00bbSanta Maria de Viladordis\u00bb font_container=\u00bbtag:h4|text_align:left|color:%23c08b4d\u00bb google_fonts=\u00bbfont_family:Cinzel%3Aregular%2C700%2C900|font_style:400%20regular%3A400%3Anormal\u00bb][vc_single_image image=\u00bb376&#8243; img_size=\u00bbfull\u00bb onclick=\u00bbcustom_link\u00bb img_link_target=\u00bb_blank\u00bb link=\u00bbhttps:\/\/canfaine.com\/wp-content\/uploads\/2017\/12\/parroquia_santa_maria_viladordis.pdf\u00bb][\/vc_column][\/vc_row]<\/p>\n","protected":false},"excerpt":{"rendered":"<p>[vc_row][vc_column][vc_custom_heading text=\u00bbLugares de inter\u00e9s para visitar\u00bb font_container=\u00bbtag:h2|text_align:left|color:%23c08b4d\u00bb google_fonts=\u00bbfont_family:Cinzel%3Aregular%2C700%2C900|font_style:400%20regular%3A400%3Anormal\u00bb][vc_separator style=\u00bbshadow\u00bb][vc_empty_space][\/vc_column][\/vc_row][vc_row][vc_column width=\u00bb1\/3&#8243;][vc_custom_heading text=\u00bbCastell de Cardona\u00bb font_container=\u00bbtag:h4|text_align:left|color:%23c08b4d\u00bb google_fonts=\u00bbfont_family:Cinzel%3Aregular%2C700%2C900|font_style:400%20regular%3A400%3Anormal\u00bb][vc_single_image image=\u00bb350&#8243; img_size=\u00bbfull\u00bb onclick=\u00bbcustom_link\u00bb img_link_target=\u00bb_blank\u00bb link=\u00bbhttps:\/\/canfaine.com\/wp-content\/uploads\/2017\/12\/castell_de_cardona.pdf\u00bb][\/vc_column][vc_column width=\u00bb1\/3&#8243;][vc_custom_heading text=\u00bbCam\u00ed de Sant Jaume\u00bb font_container=\u00bbtag:h4|text_align:left|color:%23c08b4d\u00bb google_fonts=\u00bbfont_family:Cinzel%3Aregular%2C700%2C900|font_style:400%20regular%3A400%3Anormal\u00bb][vc_single_image image=\u00bb354&#8243; img_size=\u00bbfull\u00bb onclick=\u00bbcustom_link\u00bb img_link_target=\u00bb_blank\u00bb link=\u00bbhttps:\/\/canfaine.com\/wp-content\/uploads\/2017\/12\/cami_de_sant_jaume.pdf\u00bb][\/vc_column][vc_column width=\u00bb1\/3&#8243;][vc_custom_heading text=\u00bbCarrer del Bal\u00e7\u00bb font_container=\u00bbtag:h4|text_align:left|color:%23c08b4d\u00bb google_fonts=\u00bbfont_family:Cinzel%3Aregular%2C700%2C900|font_style:400%20regular%3A400%3Anormal\u00bb][vc_single_image image=\u00bb356&#8243; img_size=\u00bbfull\u00bb onclick=\u00bbcustom_link\u00bb img_link_target=\u00bb_blank\u00bb link=\u00bbhttps:\/\/canfaine.com\/wp-content\/uploads\/2017\/12\/carrer_del_balc.pdf\u00bb][\/vc_column][\/vc_row][vc_row][vc_column width=\u00bb1\/3&#8243;][vc_custom_heading text=\u00bbEcorail\u00bb font_container=\u00bbtag:h4|text_align:left|color:%23c08b4d\u00bb google_fonts=\u00bbfont_family:Cinzel%3Aregular%2C700%2C900|font_style:400%20regular%3A400%3Anormal\u00bb][vc_single_image image=\u00bb361&#8243; img_size=\u00bbfull\u00bb onclick=\u00bbcustom_link\u00bb img_link_target=\u00bb_blank\u00bb link=\u00bbhttps:\/\/canfaine.com\/wp-content\/uploads\/2017\/12\/ecorail.pdf\u00bb][\/vc_column][vc_column width=\u00bb1\/3&#8243;][vc_custom_heading text=\u00bbL&#8217;esclat del&hellip;<\/p>\n","protected":false},"author":1,"featured_media":0,"parent":0,"menu_order":0,"comment_status":"closed","ping_status":"closed","template":"","meta":[],"yoast_head":"<!-- This site is optimized with the Yoast SEO plugin v19.13 - https:\/\/yoast.com\/wordpress\/plugins\/seo\/ -->\n<title>Qu\u00e9 hacer cerca del Restaurant Masia de turismo rural Can Fain\u00e9<\/title>\n<meta name=\"description\" content=\"Actividades para saber qu\u00e9 hacer cerca del Restaurant Masia de turismo rural Can Fain\u00e9 en el Bages, cerca de Manresa\" \/>\n<meta name=\"robots\" content=\"index, follow, max-snippet:-1, max-image-preview:large, max-video-preview:-1\" \/>\n<link rel=\"canonical\" href=\"https:\/\/www.canfaine.com\/es\/que-hacer\/\" \/>\n<meta property=\"og:locale\" content=\"es_ES\" \/>\n<meta property=\"og:type\" content=\"article\" \/>\n<meta property=\"og:title\" content=\"Qu\u00e9 hacer cerca del Restaurant Masia de turismo rural Can Fain\u00e9\" \/>\n<meta property=\"og:description\" content=\"Actividades para saber qu\u00e9 hacer cerca del Restaurant Masia de turismo rural Can Fain\u00e9 en el Bages, cerca de Manresa\" \/>\n<meta property=\"og:url\" content=\"https:\/\/www.canfaine.com\/es\/que-hacer\/\" \/>\n<meta property=\"og:site_name\" content=\"Can Fain\u00e9\" \/>\n<meta property=\"article:publisher\" content=\"https:\/\/www.facebook.com\/Restaurant-Can-Faine-211169275571050\/?ref=br_rs\" \/>\n<meta property=\"article:modified_time\" content=\"2021-09-19T10:33:53+00:00\" \/>\n<meta name=\"twitter:card\" content=\"summary_large_image\" \/>\n<meta name=\"twitter:label1\" content=\"Tiempo de lectura\" \/>\n\t<meta name=\"twitter:data1\" content=\"4 minutos\" \/>\n<script type=\"application\/ld+json\" class=\"yoast-schema-graph\">{\"@context\":\"https:\/\/schema.org\",\"@graph\":[{\"@type\":\"WebPage\",\"@id\":\"https:\/\/www.canfaine.com\/es\/que-hacer\/\",\"url\":\"https:\/\/www.canfaine.com\/es\/que-hacer\/\",\"name\":\"Qu\u00e9 hacer cerca del Restaurant Masia de turismo rural Can Fain\u00e9\",\"isPartOf\":{\"@id\":\"https:\/\/www.canfaine.com\/es\/#website\"},\"datePublished\":\"2018-05-15T09:20:25+00:00\",\"dateModified\":\"2021-09-19T10:33:53+00:00\",\"description\":\"Actividades para saber qu\u00e9 hacer cerca del Restaurant Masia de turismo rural Can Fain\u00e9 en el Bages, cerca de Manresa\",\"breadcrumb\":{\"@id\":\"https:\/\/www.canfaine.com\/es\/que-hacer\/#breadcrumb\"},\"inLanguage\":\"es\",\"potentialAction\":[{\"@type\":\"ReadAction\",\"target\":[\"https:\/\/www.canfaine.com\/es\/que-hacer\/\"]}]},{\"@type\":\"BreadcrumbList\",\"@id\":\"https:\/\/www.canfaine.com\/es\/que-hacer\/#breadcrumb\",\"itemListElement\":[{\"@type\":\"ListItem\",\"position\":1,\"name\":\"Portada\",\"item\":\"https:\/\/www.canfaine.com\/es\/\"},{\"@type\":\"ListItem\",\"position\":2,\"name\":\"Qu\u00e9 hacer\"}]},{\"@type\":\"WebSite\",\"@id\":\"https:\/\/www.canfaine.com\/es\/#website\",\"url\":\"https:\/\/www.canfaine.com\/es\/\",\"name\":\"Can Fain\u00e9\",\"description\":\"Turisme Rural i Restaurant\",\"publisher\":{\"@id\":\"https:\/\/www.canfaine.com\/es\/#organization\"},\"potentialAction\":[{\"@type\":\"SearchAction\",\"target\":{\"@type\":\"EntryPoint\",\"urlTemplate\":\"https:\/\/www.canfaine.com\/es\/?s={search_term_string}\"},\"query-input\":\"required name=search_term_string\"}],\"inLanguage\":\"es\"},{\"@type\":\"Organization\",\"@id\":\"https:\/\/www.canfaine.com\/es\/#organization\",\"name\":\"Cal Fain\u00e9 Boades SL\",\"url\":\"https:\/\/www.canfaine.com\/es\/\",\"logo\":{\"@type\":\"ImageObject\",\"inLanguage\":\"es\",\"@id\":\"https:\/\/www.canfaine.com\/es\/#\/schema\/logo\/image\/\",\"url\":\"https:\/\/canfaine.com\/wp-content\/uploads\/2018\/01\/logo3-1.png\",\"contentUrl\":\"https:\/\/canfaine.com\/wp-content\/uploads\/2018\/01\/logo3-1.png\",\"width\":300,\"height\":198,\"caption\":\"Cal Fain\u00e9 Boades SL\"},\"image\":{\"@id\":\"https:\/\/www.canfaine.com\/es\/#\/schema\/logo\/image\/\"},\"sameAs\":[\"https:\/\/www.facebook.com\/Restaurant-Can-Faine-211169275571050\/?ref=br_rs\"]}]}<\/script>\n<!-- \/ Yoast SEO plugin. -->","yoast_head_json":{"title":"Qu\u00e9 hacer cerca del Restaurant Masia de turismo rural Can Fain\u00e9","description":"Actividades para saber qu\u00e9 hacer cerca del Restaurant Masia de turismo rural Can Fain\u00e9 en el Bages, cerca de Manresa","robots":{"index":"index","follow":"follow","max-snippet":"max-snippet:-1","max-image-preview":"max-image-preview:large","max-video-preview":"max-video-preview:-1"},"canonical":"https:\/\/www.canfaine.com\/es\/que-hacer\/","og_locale":"es_ES","og_type":"article","og_title":"Qu\u00e9 hacer cerca del Restaurant Masia de turismo rural Can Fain\u00e9","og_description":"Actividades para saber qu\u00e9 hacer cerca del Restaurant Masia de turismo rural Can Fain\u00e9 en el Bages, cerca de Manresa","og_url":"https:\/\/www.canfaine.com\/es\/que-hacer\/","og_site_name":"Can Fain\u00e9","article_publisher":"https:\/\/www.facebook.com\/Restaurant-Can-Faine-211169275571050\/?ref=br_rs","article_modified_time":"2021-09-19T10:33:53+00:00","twitter_card":"summary_large_image","twitter_misc":{"Tiempo de lectura":"4 minutos"},"schema":{"@context":"https:\/\/schema.org","@graph":[{"@type":"WebPage","@id":"https:\/\/www.canfaine.com\/es\/que-hacer\/","url":"https:\/\/www.canfaine.com\/es\/que-hacer\/","name":"Qu\u00e9 hacer cerca del Restaurant Masia de turismo rural Can Fain\u00e9","isPartOf":{"@id":"https:\/\/www.canfaine.com\/es\/#website"},"datePublished":"2018-05-15T09:20:25+00:00","dateModified":"2021-09-19T10:33:53+00:00","description":"Actividades para saber qu\u00e9 hacer cerca del Restaurant Masia de turismo rural Can Fain\u00e9 en el Bages, cerca de Manresa","breadcrumb":{"@id":"https:\/\/www.canfaine.com\/es\/que-hacer\/#breadcrumb"},"inLanguage":"es","potentialAction":[{"@type":"ReadAction","target":["https:\/\/www.canfaine.com\/es\/que-hacer\/"]}]},{"@type":"BreadcrumbList","@id":"https:\/\/www.canfaine.com\/es\/que-hacer\/#breadcrumb","itemListElement":[{"@type":"ListItem","position":1,"name":"Portada","item":"https:\/\/www.canfaine.com\/es\/"},{"@type":"ListItem","position":2,"name":"Qu\u00e9 hacer"}]},{"@type":"WebSite","@id":"https:\/\/www.canfaine.com\/es\/#website","url":"https:\/\/www.canfaine.com\/es\/","name":"Can Fain\u00e9","description":"Turisme Rural i Restaurant","publisher":{"@id":"https:\/\/www.canfaine.com\/es\/#organization"},"potentialAction":[{"@type":"SearchAction","target":{"@type":"EntryPoint","urlTemplate":"https:\/\/www.canfaine.com\/es\/?s={search_term_string}"},"query-input":"required name=search_term_string"}],"inLanguage":"es"},{"@type":"Organization","@id":"https:\/\/www.canfaine.com\/es\/#organization","name":"Cal Fain\u00e9 Boades SL","url":"https:\/\/www.canfaine.com\/es\/","logo":{"@type":"ImageObject","inLanguage":"es","@id":"https:\/\/www.canfaine.com\/es\/#\/schema\/logo\/image\/","url":"https:\/\/canfaine.com\/wp-content\/uploads\/2018\/01\/logo3-1.png","contentUrl":"https:\/\/canfaine.com\/wp-content\/uploads\/2018\/01\/logo3-1.png","width":300,"height":198,"caption":"Cal Fain\u00e9 Boades SL"},"image":{"@id":"https:\/\/www.canfaine.com\/es\/#\/schema\/logo\/image\/"},"sameAs":["https:\/\/www.facebook.com\/Restaurant-Can-Faine-211169275571050\/?ref=br_rs"]}]}},"jetpack_sharing_enabled":true,"jetpack_shortlink":"https:\/\/wp.me\/PdqzQQ-7R","jetpack-related-posts":[{"id":1460,"url":"https:\/\/www.canfaine.com\/es\/restaurante\/menu\/xatonada\/","url_meta":{"origin":487,"position":0},"title":"Men\u00fa Xatonada","date":"17\/09\/2021","format":false,"excerpt":"[vc_row][vc_column][vc_custom_heading text=\"Men\u00fa de Xatonada\" font_container=\"tag:h2|text_align:center\" google_fonts=\"font_family:Cinzel%3Aregular%2C700%2C900|font_style:400%20regular%3A400%3Anormal\"][\/vc_column][\/vc_row][vc_row][vc_column][vc_column_text] PRIMEROS XATONADA Ensalada de escarola con anchoas, bacalao, tomate, aceitunas y salsa de xatonada con frutos secos \u00a0 SEGUNDOS Parrillada de cinco carnes con guarnici\u00f3n de temporada Jarrete de ternera con setas Pescado seg\u00fan mercado - - - - Tostadas de pan con tomate\u2026","rel":"","context":"Entrada similar","img":{"alt_text":"","src":"","width":0,"height":0},"classes":[]},{"id":1449,"url":"https:\/\/www.canfaine.com\/restaurant\/menu\/calcotades\/","url_meta":{"origin":487,"position":1},"title":"Men\u00fa de cal\u00e7otada","date":"17\/09\/2021","format":false,"excerpt":"[vc_row][vc_column][vc_custom_heading text=\"Men\u00fa de cal\u00e7otada\" font_container=\"tag:h2|text_align:center\" google_fonts=\"font_family:Cinzel%3Aregular%2C700%2C900|font_style:400%20regular%3A400%3Anormal\"][\/vc_column][\/vc_row][vc_row][vc_column width=\"1\/2\"][vc_column_text] Cal\u00e7otades al Bages \u00a0 PRIMERS (a escollir) Entreteniments a Taula CAL\u00c7OTS cuits amb llenya a la flama, romesco, pitets i guants. \u00a0 \u00a0 \u00a0 \u00a0 SEGONS (a escollir) A) Botifarra blanca extra de pag\u00e8s i botifarra negra B) Pollastre i xai a la\u2026","rel":"","context":"Entrada similar","img":{"alt_text":"","src":"","width":0,"height":0},"classes":[]},{"id":1441,"url":"https:\/\/www.canfaine.com\/restaurant\/menu\/cap-de-setmana\/","url_meta":{"origin":487,"position":2},"title":"Men\u00fa de cap de setmana","date":"17\/09\/2021","format":false,"excerpt":"[vc_row][vc_column][\/vc_column][\/vc_row][vc_row][vc_column width=\"1\/2\"][vc_custom_heading text=\"LA MINI CARTA DE 21,82 \u20ac + IVA (10 %) = 24,00 \u20ac Nom\u00e9s a migdies\" font_container=\"tag:h2|text_align:center\" google_fonts=\"font_family:Cinzel%3Aregular%2C700%2C900|font_style:400%20regular%3A400%3Anormal\"][vc_column_text] ENTRETENIMEMTS Xips, olives i llangonissa PRIMERS AMANIDA DE L\u2019HORT AMB ENCIAMS , AMB TORRADA D\u2019ESCALIVADA I ANXOVES. AMANIDA, ESP\u00c0RRECS BLANCS I PERNIL DE TALL. TRINXAT DE PATATA I COL KMO=\u2026","rel":"","context":"Entrada similar","img":{"alt_text":"","src":"","width":0,"height":0},"classes":[]},{"id":1467,"url":"https:\/\/www.canfaine.com\/turisme-rural\/faine-1-turisme-rural-al-peu-de-la-muntanya-de-montserrat\/","url_meta":{"origin":487,"position":3},"title":"Turisme rural Fain\u00e9 I","date":"17\/09\/2021","format":false,"excerpt":"[vc_row][vc_column][vc_custom_heading text=\"Turisme Rural Fain\u00e9 I\" font_container=\"tag:h2|text_align:left|color:%23c08b4d\" google_fonts=\"font_family:Cinzel%3Aregular%2C700%2C900|font_style:400%20regular%3A400%3Anormal\"][vc_custom_heading text=\"Casa rural amb capacitat per entre 6 i 10 persones\" font_container=\"tag:h4|text_align:left\" google_fonts=\"font_family:Cinzel%3Aregular%2C700%2C900|font_style:400%20regular%3A400%3Anormal\"][\/vc_column][\/vc_row][vc_row][vc_column][vc_column_text]\u00c9s un allotjament per fer Turisme Rural al peu de la muntanya de Montserrat per a grups nombrosos, fam\u00edlies grans i tamb\u00e9 colles d\u2019amics. Els espais comuns d\u2019aquest allotjament rural independent, estan\u2026","rel":"","context":"Entrada similar","img":{"alt_text":"","src":"https:\/\/i0.wp.com\/www.canfaine.com\/wp-content\/uploads\/2017\/11\/Turisme-rural-can-faine6.png?resize=350%2C200","width":350,"height":200},"classes":[]},{"id":1464,"url":"https:\/\/www.canfaine.com\/es\/restaurante\/menu\/caracoladas\/","url_meta":{"origin":487,"position":4},"title":"Men\u00fa Caracolada","date":"17\/09\/2021","format":false,"excerpt":"[vc_row][vc_column][vc_custom_heading text=\"Men\u00fa Caracolada\" font_container=\"tag:h2|text_align:center\" google_fonts=\"font_family:Cinzel%3Aregular%2C700%2C900|font_style:400%20regular%3A400%3Anormal\"][\/vc_column][\/vc_row][vc_row][vc_column][vc_column_text] PRIMEROS CARACOLES a la llauna CARACOLES al estilo de Boades \u00a0 SEGUNDOS Parrillada de 5 carnes con guarnici\u00f3n de temporada Jarrete de ternera con setas Pescado seg\u00fan mercado - - - - Tostadas de pan con tomate y alioli POSTRES Crema Catalana Mel y mat\u00f3\u2026","rel":"","context":"Entrada similar","img":{"alt_text":"","src":"","width":0,"height":0},"classes":[]},{"id":1453,"url":"https:\/\/www.canfaine.com\/es\/restaurante\/menu\/calcotada\/","url_meta":{"origin":487,"position":5},"title":"Men\u00fa Cal\u00e7otada","date":"17\/09\/2021","format":false,"excerpt":"[vc_row][vc_column][vc_custom_heading text=\"Men\u00fa ``Cal\u00e7otada``\" font_container=\"tag:h2|text_align:center\" google_fonts=\"font_family:Cinzel%3Aregular%2C700%2C900|font_style:400%20regular%3A400%3Anormal\"][\/vc_column][\/vc_row][vc_row][vc_column width=\"1\/2\"][vc_column_text] CAL\u00c7OTADA BAGES Entrantes para picar \u00a0 PRIMEROS (a escoger) CAL\u00c7OTS asados con le\u00f1a, Salsa romesco + baberos y guantes \u00a0 \u00a0 \u00a0 \u00a0 SEGUNDOS (a escoger) Parrillada a escoger: A) Butifarra Blanca extra de pay\u00e9s y butifarra negra B) Pollo y cordero a la\u2026","rel":"","context":"Entrada similar","img":{"alt_text":"","src":"","width":0,"height":0},"classes":[]}],"jetpack_likes_enabled":true,"_links":{"self":[{"href":"https:\/\/www.canfaine.com\/es\/wp-json\/wp\/v2\/pages\/487"}],"collection":[{"href":"https:\/\/www.canfaine.com\/es\/wp-json\/wp\/v2\/pages"}],"about":[{"href":"https:\/\/www.canfaine.com\/es\/wp-json\/wp\/v2\/types\/page"}],"author":[{"embeddable":true,"href":"https:\/\/www.canfaine.com\/es\/wp-json\/wp\/v2\/users\/1"}],"replies":[{"embeddable":true,"href":"https:\/\/www.canfaine.com\/es\/wp-json\/wp\/v2\/comments?post=487"}],"version-history":[{"count":0,"href":"https:\/\/www.canfaine.com\/es\/wp-json\/wp\/v2\/pages\/487\/revisions"}],"wp:attachment":[{"href":"https:\/\/www.canfaine.com\/es\/wp-json\/wp\/v2\/media?parent=487"}],"curies":[{"name":"wp","href":"https:\/\/api.w.org\/{rel}","templated":true}]}}