{"id":489,"date":"2018-05-15T09:22:50","date_gmt":"2018-05-15T09:22:50","guid":{"rendered":"http:\/\/www.canfaine.com\/?page_id=489"},"modified":"2021-06-01T12:17:06","modified_gmt":"2021-06-01T12:17:06","slug":"contactar","status":"publish","type":"page","link":"https:\/\/www.canfaine.com\/es\/contactar\/","title":{"rendered":"Contactar"},"content":{"rendered":"<p>[vc_row][vc_column]<style type=\"text\/css\" data-type=\"the7_shortcodes-inline-css\">.dt-breadcrumbs-id-2 .breadcrumbs {\n  display: inline-block;\n  margin: 0;\n  padding: 2px 10px 2px 10px;\n  border: 0px solid ;\n  border-radius: 0px;\n}\n.dt-breadcrumbs-id-2 .breadcrumbs * {\n  font-style: italic;\n  font-weight: ;\n  text-transform: ;\n  color: #a2a5a6;\n}\n<\/style><div class=\"dt-breadcrumbs-shortcode dt-breadcrumbs-id-1 align-left\"><div class=\"assistive-text\">Est\u00e1s aqu\u00ed:<\/div><ol class=\"breadcrumbs text-small\" xmlns:v=\"http:\/\/rdf.data-vocabulary.org\/#\"><li typeof=\"v:Breadcrumb\"><a rel=\"v:url\" property=\"v:title\" href=\"https:\/\/www.canfaine.com\/es\/\/\" title=\"\">Inicio<\/a><\/li><li class=\"current\">P\u00e1gina<\/li><\/ol><\/div>[vc_custom_heading text=\u00bbFormulario de contacto\u00bb font_container=\u00bbtag:h2|text_align:left|color:%2320ccc6&#8243; google_fonts=\u00bbfont_family:Cinzel%3Aregular%2C700%2C900|font_style:400%20regular%3A400%3Anormal\u00bb][\/vc_column][\/vc_row][vc_row][vc_column][vc_custom_heading text=\u00bbTurismo Rural Can Fain\u00e9<br \/>\nCarretera BV1229, km2.6<br \/>\nSant Vicen\u00e7 de Castellet<br \/>\ninfo@canfaine.com<br \/>\n938 33 50 50&#8243; font_container=\u00bbtag:h6|text_align:left|color:%238c8c8c\u00bb google_fonts=\u00bbfont_family:Cinzel%3Aregular%2C700%2C900|font_style:400%20regular%3A400%3Anormal\u00bb][vc_empty_space][\/vc_column][\/vc_row][vc_row][vc_column][vc_column_text]\t\t\t<div style=\"width: auto;\" id=\"qlwapp\" class=\"qlwapp-js-ready qlwapp-button qlwapp-rounded\">\r\n\t\t\t\t<a class=\"qlwapp-toggle\" data-action=\"open\" data-phone=\"+34686880882\" data-message=\"Hola,\" href=\"#\" target=\"_blank\">\r\n\t\t\t\t\t\t\t\t\t\t\t<i class=\"qlwapp-icon qlwapp-whatsapp-icon\"><\/i>\r\n\t\t\t\t\t\t\t\t\t\t<i class=\"qlwapp-close\" data-action=\"close\">&times;<\/i>\r\n\t\t\t\t\t\t\t\t\t\t\t<span class=\"qlwapp-text\">WhatsApp<\/span>\r\n\t\t\t\t\t\t\t\t\t<\/a>\r\n\t\t\t<\/div>\n<p>[\/vc_column_text][\/vc_column][\/vc_row][vc_row][vc_column][vc_custom_heading text=\u00bbComplete el formulario\u00bb font_container=\u00bbtag:h4|text_align:left|color:%2320ccc6&#8243; google_fonts=\u00bbfont_family:Cinzel%3Aregular%2C700%2C900|font_style:400%20regular%3A400%3Anormal\u00bb][\/vc_column][\/vc_row][vc_row][vc_column]<div class=\"wpcf7 no-js\" id=\"wpcf7-f4-o1\" lang=\"es-ES\" dir=\"ltr\">\n<div class=\"screen-reader-response\"><p role=\"status\" aria-live=\"polite\" aria-atomic=\"true\"><\/p> <ul><\/ul><\/div>\n<form action=\"\/es\/wp-json\/wp\/v2\/pages\/489#wpcf7-f4-o1\" method=\"post\" class=\"wpcf7-form init\" aria-label=\"Formulario de contacto\" novalidate=\"novalidate\" data-status=\"init\">\n<div style=\"display: none;\">\n<input type=\"hidden\" name=\"_wpcf7\" value=\"4\" \/>\n<input type=\"hidden\" name=\"_wpcf7_version\" value=\"5.7.2\" \/>\n<input type=\"hidden\" name=\"_wpcf7_locale\" value=\"es_ES\" \/>\n<input type=\"hidden\" name=\"_wpcf7_unit_tag\" value=\"wpcf7-f4-o1\" \/>\n<input type=\"hidden\" name=\"_wpcf7_container_post\" value=\"0\" \/>\n<input type=\"hidden\" name=\"_wpcf7_posted_data_hash\" value=\"\" \/>\n<input type=\"hidden\" name=\"_wpcf7_recaptcha_response\" value=\"\" \/>\n<\/div>\n<p><label> Nombre (requerido)<br \/>\n<span class=\"wpcf7-form-control-wrap\" data-name=\"your-name\"><input size=\"40\" class=\"wpcf7-form-control wpcf7-text wpcf7-validates-as-required\" aria-required=\"true\" aria-invalid=\"false\" value=\"\" type=\"text\" name=\"your-name\" \/><\/span> <\/label>\n<\/p>\n<p><label> Tu correo electr\u00f3nico (requerido)<br \/>\n<span class=\"wpcf7-form-control-wrap\" data-name=\"your-email\"><input size=\"40\" class=\"wpcf7-form-control wpcf7-text wpcf7-email wpcf7-validates-as-required wpcf7-validates-as-email\" aria-required=\"true\" aria-invalid=\"false\" value=\"\" type=\"email\" name=\"your-email\" \/><\/span> <\/label>\n<\/p>\n<p><label> Asunto<br \/>\n<span class=\"wpcf7-form-control-wrap\" data-name=\"your-subject\"><input size=\"40\" class=\"wpcf7-form-control wpcf7-text\" aria-invalid=\"false\" value=\"\" type=\"text\" name=\"your-subject\" \/><\/span> <\/label>\n<\/p>\n<p><label> Mensaje<br \/>\n<span class=\"wpcf7-form-control-wrap\" data-name=\"your-message\"><textarea cols=\"40\" rows=\"10\" class=\"wpcf7-form-control wpcf7-textarea\" aria-invalid=\"false\" name=\"your-message\"><\/textarea><\/span> <\/label>\n<\/p>\n<p><span class=\"wpcf7-form-control-wrap\" data-name=\"term_and_conditions\"><span class=\"wpcf7-form-control wpcf7-acceptance\"><span class=\"wpcf7-list-item\"><label><input type=\"checkbox\" name=\"term_and_conditions\" value=\"1\" class=\"required\" aria-invalid=\"false\" \/><span class=\"wpcf7-list-item-label\">He le\u00eddo y acepto  <a href=\"..\/es\/aviso-legal-y-condiciones-de-uso\/\">el aviso legal, y las Condiciones de uso<\/a>, i las <a href=\"..\/es\/politicas-de-privacidad-y-cookies\/\">Pol\u00edticas de Privacidad y de Cookies<\/a>.<\/span><\/label><\/span><\/span><\/span>\n<\/p>\n<p><input class=\"wpcf7-form-control has-spinner wpcf7-submit\" type=\"submit\" value=\"Enviar\" \/>\n<\/p><div class=\"wpcf7-response-output\" aria-hidden=\"true\"><\/div><\/form><\/div>[\/vc_column][\/vc_row]<\/p>\n","protected":false},"excerpt":{"rendered":"<p>[vc_row][vc_column][vc_custom_heading text=\u00bbFormulario de contacto\u00bb font_container=\u00bbtag:h2|text_align:left|color:%2320ccc6&#8243; google_fonts=\u00bbfont_family:Cinzel%3Aregular%2C700%2C900|font_style:400%20regular%3A400%3Anormal\u00bb][\/vc_column][\/vc_row][vc_row][vc_column][vc_custom_heading text=\u00bbTurismo Rural Can Fain\u00e9 Carretera BV1229, km2.6 Sant Vicen\u00e7 de Castellet info@canfaine.com 938 33 50 50&#8243; font_container=\u00bbtag:h6|text_align:left|color:%238c8c8c\u00bb google_fonts=\u00bbfont_family:Cinzel%3Aregular%2C700%2C900|font_style:400%20regular%3A400%3Anormal\u00bb][vc_empty_space][\/vc_column][\/vc_row][vc_row][vc_column][vc_column_text] [\/vc_column_text][\/vc_column][\/vc_row][vc_row][vc_column][vc_custom_heading text=\u00bbComplete el formulario\u00bb font_container=\u00bbtag:h4|text_align:left|color:%2320ccc6&#8243; google_fonts=\u00bbfont_family:Cinzel%3Aregular%2C700%2C900|font_style:400%20regular%3A400%3Anormal\u00bb][\/vc_column][\/vc_row][vc_row][vc_column][\/vc_column][\/vc_row]<\/p>\n","protected":false},"author":1,"featured_media":0,"parent":0,"menu_order":0,"comment_status":"closed","ping_status":"closed","template":"","meta":[],"yoast_head":"<!-- This site is optimized with the Yoast SEO plugin v19.13 - https:\/\/yoast.com\/wordpress\/plugins\/seo\/ -->\n<title>Formulario para contactar con Can Fain\u00e9 y pedir informaci\u00f3n<\/title>\n<meta name=\"description\" content=\"Formulario para contactar y solicitar informaci\u00f3n sobre hospedaje, restaurante, o el servicio de barbacoas de Can Fain\u00e9\" \/>\n<meta name=\"robots\" content=\"index, follow, max-snippet:-1, max-image-preview:large, max-video-preview:-1\" \/>\n<link rel=\"canonical\" href=\"https:\/\/www.canfaine.com\/es\/contactar\/\" \/>\n<meta property=\"og:locale\" content=\"es_ES\" \/>\n<meta property=\"og:type\" content=\"article\" \/>\n<meta property=\"og:title\" content=\"Formulario para contactar con Can Fain\u00e9 y pedir informaci\u00f3n\" \/>\n<meta property=\"og:description\" content=\"Formulario para contactar y solicitar informaci\u00f3n sobre hospedaje, restaurante, o el servicio de barbacoas de Can Fain\u00e9\" \/>\n<meta property=\"og:url\" content=\"https:\/\/www.canfaine.com\/es\/contactar\/\" \/>\n<meta property=\"og:site_name\" content=\"Can Fain\u00e9\" \/>\n<meta property=\"article:publisher\" content=\"https:\/\/www.facebook.com\/Restaurant-Can-Faine-211169275571050\/?ref=br_rs\" \/>\n<meta property=\"article:modified_time\" content=\"2021-06-01T12:17:06+00:00\" \/>\n<meta name=\"twitter:card\" content=\"summary_large_image\" \/>\n<meta name=\"twitter:label1\" content=\"Tiempo de lectura\" \/>\n\t<meta name=\"twitter:data1\" content=\"1 minuto\" \/>\n<script type=\"application\/ld+json\" class=\"yoast-schema-graph\">{\"@context\":\"https:\/\/schema.org\",\"@graph\":[{\"@type\":\"WebPage\",\"@id\":\"https:\/\/www.canfaine.com\/es\/contactar\/\",\"url\":\"https:\/\/www.canfaine.com\/es\/contactar\/\",\"name\":\"Formulario para contactar con Can Fain\u00e9 y pedir informaci\u00f3n\",\"isPartOf\":{\"@id\":\"https:\/\/www.canfaine.com\/es\/#website\"},\"datePublished\":\"2018-05-15T09:22:50+00:00\",\"dateModified\":\"2021-06-01T12:17:06+00:00\",\"description\":\"Formulario para contactar y solicitar informaci\u00f3n sobre hospedaje, restaurante, o el servicio de barbacoas de Can Fain\u00e9\",\"breadcrumb\":{\"@id\":\"https:\/\/www.canfaine.com\/es\/contactar\/#breadcrumb\"},\"inLanguage\":\"es\",\"potentialAction\":[{\"@type\":\"ReadAction\",\"target\":[\"https:\/\/www.canfaine.com\/es\/contactar\/\"]}]},{\"@type\":\"BreadcrumbList\",\"@id\":\"https:\/\/www.canfaine.com\/es\/contactar\/#breadcrumb\",\"itemListElement\":[{\"@type\":\"ListItem\",\"position\":1,\"name\":\"Portada\",\"item\":\"https:\/\/www.canfaine.com\/es\/\"},{\"@type\":\"ListItem\",\"position\":2,\"name\":\"Contactar\"}]},{\"@type\":\"WebSite\",\"@id\":\"https:\/\/www.canfaine.com\/es\/#website\",\"url\":\"https:\/\/www.canfaine.com\/es\/\",\"name\":\"Can Fain\u00e9\",\"description\":\"Turisme Rural i Restaurant\",\"publisher\":{\"@id\":\"https:\/\/www.canfaine.com\/es\/#organization\"},\"potentialAction\":[{\"@type\":\"SearchAction\",\"target\":{\"@type\":\"EntryPoint\",\"urlTemplate\":\"https:\/\/www.canfaine.com\/es\/?s={search_term_string}\"},\"query-input\":\"required name=search_term_string\"}],\"inLanguage\":\"es\"},{\"@type\":\"Organization\",\"@id\":\"https:\/\/www.canfaine.com\/es\/#organization\",\"name\":\"Cal Fain\u00e9 Boades SL\",\"url\":\"https:\/\/www.canfaine.com\/es\/\",\"logo\":{\"@type\":\"ImageObject\",\"inLanguage\":\"es\",\"@id\":\"https:\/\/www.canfaine.com\/es\/#\/schema\/logo\/image\/\",\"url\":\"https:\/\/canfaine.com\/wp-content\/uploads\/2018\/01\/logo3-1.png\",\"contentUrl\":\"https:\/\/canfaine.com\/wp-content\/uploads\/2018\/01\/logo3-1.png\",\"width\":300,\"height\":198,\"caption\":\"Cal Fain\u00e9 Boades SL\"},\"image\":{\"@id\":\"https:\/\/www.canfaine.com\/es\/#\/schema\/logo\/image\/\"},\"sameAs\":[\"https:\/\/www.facebook.com\/Restaurant-Can-Faine-211169275571050\/?ref=br_rs\"]}]}<\/script>\n<!-- \/ Yoast SEO plugin. -->","yoast_head_json":{"title":"Formulario para contactar con Can Fain\u00e9 y pedir informaci\u00f3n","description":"Formulario para contactar y solicitar informaci\u00f3n sobre hospedaje, restaurante, o el servicio de barbacoas de Can Fain\u00e9","robots":{"index":"index","follow":"follow","max-snippet":"max-snippet:-1","max-image-preview":"max-image-preview:large","max-video-preview":"max-video-preview:-1"},"canonical":"https:\/\/www.canfaine.com\/es\/contactar\/","og_locale":"es_ES","og_type":"article","og_title":"Formulario para contactar con Can Fain\u00e9 y pedir informaci\u00f3n","og_description":"Formulario para contactar y solicitar informaci\u00f3n sobre hospedaje, restaurante, o el servicio de barbacoas de Can Fain\u00e9","og_url":"https:\/\/www.canfaine.com\/es\/contactar\/","og_site_name":"Can Fain\u00e9","article_publisher":"https:\/\/www.facebook.com\/Restaurant-Can-Faine-211169275571050\/?ref=br_rs","article_modified_time":"2021-06-01T12:17:06+00:00","twitter_card":"summary_large_image","twitter_misc":{"Tiempo de lectura":"1 minuto"},"schema":{"@context":"https:\/\/schema.org","@graph":[{"@type":"WebPage","@id":"https:\/\/www.canfaine.com\/es\/contactar\/","url":"https:\/\/www.canfaine.com\/es\/contactar\/","name":"Formulario para contactar con Can Fain\u00e9 y pedir informaci\u00f3n","isPartOf":{"@id":"https:\/\/www.canfaine.com\/es\/#website"},"datePublished":"2018-05-15T09:22:50+00:00","dateModified":"2021-06-01T12:17:06+00:00","description":"Formulario para contactar y solicitar informaci\u00f3n sobre hospedaje, restaurante, o el servicio de barbacoas de Can Fain\u00e9","breadcrumb":{"@id":"https:\/\/www.canfaine.com\/es\/contactar\/#breadcrumb"},"inLanguage":"es","potentialAction":[{"@type":"ReadAction","target":["https:\/\/www.canfaine.com\/es\/contactar\/"]}]},{"@type":"BreadcrumbList","@id":"https:\/\/www.canfaine.com\/es\/contactar\/#breadcrumb","itemListElement":[{"@type":"ListItem","position":1,"name":"Portada","item":"https:\/\/www.canfaine.com\/es\/"},{"@type":"ListItem","position":2,"name":"Contactar"}]},{"@type":"WebSite","@id":"https:\/\/www.canfaine.com\/es\/#website","url":"https:\/\/www.canfaine.com\/es\/","name":"Can Fain\u00e9","description":"Turisme Rural i Restaurant","publisher":{"@id":"https:\/\/www.canfaine.com\/es\/#organization"},"potentialAction":[{"@type":"SearchAction","target":{"@type":"EntryPoint","urlTemplate":"https:\/\/www.canfaine.com\/es\/?s={search_term_string}"},"query-input":"required name=search_term_string"}],"inLanguage":"es"},{"@type":"Organization","@id":"https:\/\/www.canfaine.com\/es\/#organization","name":"Cal Fain\u00e9 Boades SL","url":"https:\/\/www.canfaine.com\/es\/","logo":{"@type":"ImageObject","inLanguage":"es","@id":"https:\/\/www.canfaine.com\/es\/#\/schema\/logo\/image\/","url":"https:\/\/canfaine.com\/wp-content\/uploads\/2018\/01\/logo3-1.png","contentUrl":"https:\/\/canfaine.com\/wp-content\/uploads\/2018\/01\/logo3-1.png","width":300,"height":198,"caption":"Cal Fain\u00e9 Boades SL"},"image":{"@id":"https:\/\/www.canfaine.com\/es\/#\/schema\/logo\/image\/"},"sameAs":["https:\/\/www.facebook.com\/Restaurant-Can-Faine-211169275571050\/?ref=br_rs"]}]}},"jetpack_sharing_enabled":true,"jetpack_shortlink":"https:\/\/wp.me\/PdqzQQ-7T","jetpack-related-posts":[{"id":100,"url":"https:\/\/www.canfaine.com\/contactar\/","url_meta":{"origin":489,"position":0},"title":"Contactar","date":"15\/11\/2017","format":false,"excerpt":"[vc_row][vc_column][vc_custom_heading text=\"Formulari de contacte\" font_container=\"tag:h2|text_align:left|color:%2320ccc6\" google_fonts=\"font_family:Cinzel%3Aregular%2C700%2C900|font_style:400%20regular%3A400%3Anormal\"][\/vc_column][\/vc_row][vc_row][vc_column][vc_custom_heading text=\"Turisme Rural Can Fain\u00e9 Carretera BV1229, km2.6 Sant Vicen\u00e7 de Castellet info@canfaine.com 938 33 50 50\" font_container=\"tag:h6|text_align:left|color:%238c8c8c\" google_fonts=\"font_family:Cinzel%3Aregular%2C700%2C900|font_style:400%20regular%3A400%3Anormal\"][vc_empty_space][\/vc_column][\/vc_row][vc_row][vc_column][vc_column_text] [\/vc_column_text][\/vc_column][\/vc_row][vc_row][vc_column][vc_custom_heading text=\"Formulari\" font_container=\"tag:h4|text_align:left|color:%2320ccc6\" google_fonts=\"font_family:Cinzel%3Aregular%2C700%2C900|font_style:400%20regular%3A400%3Anormal\"][\/vc_column][\/vc_row][vc_row][vc_column][\/vc_column][\/vc_row]","rel":"","context":"Entrada similar","img":{"alt_text":"","src":"","width":0,"height":0},"classes":[]},{"id":1110,"url":"https:\/\/www.canfaine.com\/es\/reservar\/","url_meta":{"origin":489,"position":1},"title":"Reservas","date":"01\/06\/2021","format":false,"excerpt":"[vc_row][vc_column][vc_custom_heading text=\"Haz tu reserva\" font_container=\"tag:h2|text_align:left|color:%2320ccc6\" google_fonts=\"font_family:Cinzel%3Aregular%2C700%2C900|font_style:400%20regular%3A400%3Anormal\"][\/vc_column][\/vc_row][vc_row][vc_column][vc_custom_heading text=\"Turismo Rural Can Fain\u00e9 Carretera BV1229, km2.6 Sant Vicen\u00e7 de Castellet info@canfaine.com 938 33 50 50\" font_container=\"tag:h6|text_align:left|color:%238c8c8c\" google_fonts=\"font_family:Cinzel%3Aregular%2C700%2C900|font_style:400%20regular%3A400%3Anormal\"][vc_empty_space][\/vc_column][\/vc_row][vc_row][vc_column][vc_column_text] [\/vc_column_text][\/vc_column][\/vc_row][vc_row][vc_column][vc_custom_heading text=\"Formulario\" font_container=\"tag:h4|text_align:left|color:%2320ccc6\" google_fonts=\"font_family:Cinzel%3Aregular%2C700%2C900|font_style:400%20regular%3A400%3Anormal\"][\/vc_column][\/vc_row][vc_row][vc_column][\/vc_column][\/vc_row]","rel":"","context":"Entrada similar","img":{"alt_text":"","src":"","width":0,"height":0},"classes":[]},{"id":1117,"url":"https:\/\/www.canfaine.com\/reservar\/","url_meta":{"origin":489,"position":2},"title":"Reserves","date":"01\/06\/2021","format":false,"excerpt":"[vc_row][vc_column][vc_custom_heading text=\"Fes la teva reserva\" font_container=\"tag:h2|text_align:left|color:%2320ccc6\" google_fonts=\"font_family:Cinzel%3Aregular%2C700%2C900|font_style:400%20regular%3A400%3Anormal\"][\/vc_column][\/vc_row][vc_row][vc_column][vc_custom_heading text=\"Turisme Rural Can Fain\u00e9 Carretera BV1229, km2.6 Sant Vicen\u00e7 de Castellet info@canfaine.com 938 33 50 50\" font_container=\"tag:h6|text_align:left|color:%238c8c8c\" google_fonts=\"font_family:Cinzel%3Aregular%2C700%2C900|font_style:400%20regular%3A400%3Anormal\"][vc_empty_space][\/vc_column][\/vc_row][vc_row][vc_column][vc_custom_heading text=\"Formulari\" font_container=\"tag:h4|text_align:left|color:%2320ccc6\" google_fonts=\"font_family:Cinzel%3Aregular%2C700%2C900|font_style:400%20regular%3A400%3Anormal\"][\/vc_column][\/vc_row][vc_row][vc_column][vc_column_text]Formulari de Reserves de restaurant i agroturisme Can Fain\u00e9 per menjar al restaurant, i llogar \u00c0rids per allotjament rural.[\/vc_column_text][\/vc_column][\/vc_row][vc_row][vc_column][\/vc_column][\/vc_row]","rel":"","context":"Entrada similar","img":{"alt_text":"","src":"","width":0,"height":0},"classes":[]},{"id":1410,"url":"https:\/\/www.canfaine.com\/es\/restaurante\/carta\/","url_meta":{"origin":489,"position":3},"title":"Carta","date":"16\/09\/2021","format":false,"excerpt":"[vc_row][vc_column][vc_custom_heading text=\"Carta\" font_container=\"tag:h2|text_align:center|color:%23c08b4d\" google_fonts=\"font_family:Cinzel%3Aregular%2C700%2C900|font_style:400%20regular%3A400%3Anormal\"][\/vc_column][vc_column][vc_column_text] Si est\u00e1s buscando un restaurante para comer a la carta en el Bages, cerca de la monta\u00f1a de Montserrat, Sabadell, Terrassa o Manresa. Y rodeado de naturaleza. Descubre Can Fain\u00e9. Ven al Restaurante Can Fain\u00e9, y disfruta de nuestra carta de platos elaborados con ingredientes naturales,\u2026","rel":"","context":"Entrada similar","img":{"alt_text":"","src":"","width":0,"height":0},"classes":[]},{"id":1418,"url":"https:\/\/www.canfaine.com\/restaurant\/carta\/","url_meta":{"origin":489,"position":4},"title":"Carta","date":"16\/09\/2021","format":false,"excerpt":"[vc_row][vc_column][vc_custom_heading text=\"Carta\" font_container=\"tag:h2|text_align:center|color:%23c08b4d\" google_fonts=\"font_family:Cinzel%3Aregular%2C700%2C900|font_style:400%20regular%3A400%3Anormal\"][\/vc_column][vc_column][vc_column_text] Si est\u00e0s buscant un restaurant per menjar a la carta al Bages, a prop de la muntanya de Montserrat, Sabadell, Terrassa o Manresa, i envoltat de natura. descobreix Can Fain\u00e9 \u00a0 Vine al Restaurant Can Fain\u00e9, i gaudeix de la nostra carta de plats elaborats amb\u2026","rel":"","context":"Entrada similar","img":{"alt_text":"","src":"","width":0,"height":0},"classes":[]},{"id":1441,"url":"https:\/\/www.canfaine.com\/restaurant\/menu\/cap-de-setmana\/","url_meta":{"origin":489,"position":5},"title":"Men\u00fa de cap de setmana","date":"17\/09\/2021","format":false,"excerpt":"[vc_row][vc_column][\/vc_column][\/vc_row][vc_row][vc_column width=\"1\/2\"][vc_custom_heading text=\"LA MINI CARTA DE 21,82 \u20ac + IVA (10 %) = 24,00 \u20ac Nom\u00e9s a migdies\" font_container=\"tag:h2|text_align:center\" google_fonts=\"font_family:Cinzel%3Aregular%2C700%2C900|font_style:400%20regular%3A400%3Anormal\"][vc_column_text] ENTRETENIMEMTS Xips, olives i llangonissa PRIMERS AMANIDA DE L\u2019HORT AMB ENCIAMS , AMB TORRADA D\u2019ESCALIVADA I ANXOVES. AMANIDA, ESP\u00c0RRECS BLANCS I PERNIL DE TALL. TRINXAT DE PATATA I COL KMO=\u2026","rel":"","context":"Entrada similar","img":{"alt_text":"","src":"","width":0,"height":0},"classes":[]}],"jetpack_likes_enabled":true,"_links":{"self":[{"href":"https:\/\/www.canfaine.com\/es\/wp-json\/wp\/v2\/pages\/489"}],"collection":[{"href":"https:\/\/www.canfaine.com\/es\/wp-json\/wp\/v2\/pages"}],"about":[{"href":"https:\/\/www.canfaine.com\/es\/wp-json\/wp\/v2\/types\/page"}],"author":[{"embeddable":true,"href":"https:\/\/www.canfaine.com\/es\/wp-json\/wp\/v2\/users\/1"}],"replies":[{"embeddable":true,"href":"https:\/\/www.canfaine.com\/es\/wp-json\/wp\/v2\/comments?post=489"}],"version-history":[{"count":0,"href":"https:\/\/www.canfaine.com\/es\/wp-json\/wp\/v2\/pages\/489\/revisions"}],"wp:attachment":[{"href":"https:\/\/www.canfaine.com\/es\/wp-json\/wp\/v2\/media?parent=489"}],"curies":[{"name":"wp","href":"https:\/\/api.w.org\/{rel}","templated":true}]}}